{"id":4591,"date":"2023-03-27T09:27:24","date_gmt":"2023-03-27T07:27:24","guid":{"rendered":"https:\/\/repechage.ideadivisions.dev\/morske-riasy\/"},"modified":"2024-08-11T16:28:46","modified_gmt":"2024-08-11T14:28:46","slug":"morske-riasy","status":"publish","type":"page","link":"https:\/\/repechage.ideadivisions.dev\/cs\/morske-riasy\/","title":{"rendered":"Morsk\u00e9 riasy"},"content":{"rendered":"<style>\/*! elementor - v3.22.0 - 26-06-2024 *\/\n.elementor-heading-title{padding:0;margin:0;line-height:1}.elementor-widget-heading .elementor-heading-title[class*=elementor-size-]>a{color:inherit;font-size:inherit;line-height:inherit}.elementor-widget-heading .elementor-heading-title.elementor-size-small{font-size:15px}.elementor-widget-heading .elementor-heading-title.elementor-size-medium{font-size:19px}.elementor-widget-heading .elementor-heading-title.elementor-size-large{font-size:29px}.elementor-widget-heading .elementor-heading-title.elementor-size-xl{font-size:39px}.elementor-widget-heading .elementor-heading-title.elementor-size-xxl{font-size:59px}<\/style>\n<h1>Va\u0161e kr\u00e1sa, na\u0161e mo\u0159sk\u00e9 \u0159asy<\/h1>\n<p>V\u011bd\u011bli jste, \u017ee podle v\u011bdeck\u00fdch v\u00fdzkum\u016f <strong>a\u017e 70 % kysl\u00edku na zemi produkuj\u00ed mo\u0159sk\u00e9 \u0159asy?<\/strong> A \u017ee v\u011bdci zaznamenali \u00fa\u017easnou podobnost mezi mo\u0159skou vodou a krevn\u00ed plazmou \u010dlov\u011bka? Pomoc\u00ed na\u0161ich produkt\u016f a o\u0161et\u0159en\u00ed z mo\u0159sk\u00fdch \u0159as v\u00fdznamn\u011b zv\u00fd\u0161\u00edte hydrataci a zlep\u0161\u00edte kondici a vzhled va\u0161\u00ed pleti. Chcete-li v\u011bd\u011bt v\u00edce, \u010dt\u011bte d\u00e1l.<\/p>\n<style>\/*! elementor - v3.22.0 - 26-06-2024 *\/\n.elementor-widget-image{text-align:center}.elementor-widget-image a{display:inline-block}.elementor-widget-image a img[src$=\".svg\"]{width:48px}.elementor-widget-image img{vertical-align:middle;display:inline-block}<\/style>\n<p>\t\t\t\t\t\t\t\t\t\t<img loading=\"lazy\" decoding=\"async\" width=\"1024\" height=\"768\" src=\"https:\/\/repechage.cz\/wp-content\/uploads\/2023\/04\/IMG_0100-1024x768.jpg\" alt=\"\" srcset=\"https:\/\/repechage.cz\/wp-content\/uploads\/2023\/04\/IMG_0100-1024x768.jpg 1024w, https:\/\/repechage.cz\/wp-content\/uploads\/2023\/04\/IMG_0100-300x225.jpg 300w, https:\/\/repechage.cz\/wp-content\/uploads\/2023\/04\/IMG_0100-600x450.jpg 600w, https:\/\/repechage.cz\/wp-content\/uploads\/2023\/04\/IMG_0100-768x576.jpg 768w, https:\/\/repechage.cz\/wp-content\/uploads\/2023\/04\/IMG_0100.jpg 1500w\" sizes=\"auto, (max-width: 1024px) 100vw, 1024px\" \/>\t\t\t\t\t\t\t\t\t\t\t\t\t<\/p>\n<h3>Prioritou Rep\u00eachage\u00ae je vysok\u00e1 \u00fa\u010dinnost slo\u017eek<\/h3>\n<p>Na\u0161e mo\u0159sk\u00e9 \u0159asy EcoCert jsou \u0161etrn\u011b p\u011bstov\u00e1ny a sb\u00edr\u00e1ny z \u010dist\u00fdch mo\u0159sk\u00fdch vod u pob\u0159e\u017e\u00ed Bretan\u011b ve Francii a u pob\u0159e\u017e\u00ed Maine v USA. Jsou zpracov\u00e1ny pomoc\u00ed na\u0161\u00ed patentovan\u00e9 extrak\u010dn\u00ed metody, kter\u00e1 vytv\u00e1\u0159\u00ed tekutinu s maxim\u00e1ln\u00edm obsahem fyto-\u017eivin z mo\u0159sk\u00fdch \u0159as. Zachov\u00e1v\u00e1me \u00fa\u010dinnost vitam\u00edn\u016f, miner\u00e1l\u016f, stopov\u00fdch prvk\u016f a aminokyselin, \u010d\u00edm\u017e zaru\u010dujeme vynikaj\u00edc\u00ed kvalitu. Je pro n\u00e1s d\u016fle\u017eit\u00e9 z\u00edsk\u00e1vat mo\u0159sk\u00e9 \u0159asy z nej\u010dist\u0161\u00edch prost\u0159ed\u00ed.<\/p>\n<p>\t\t\t\t\t\t\t\t\t\t\t\t\t<img loading=\"lazy\" decoding=\"async\" width=\"1024\" height=\"1024\" src=\"https:\/\/repechage.cz\/wp-content\/uploads\/2023\/04\/15-1024x1024.jpg\" alt=\"\" srcset=\"https:\/\/repechage.cz\/wp-content\/uploads\/2023\/04\/15-1024x1024.jpg 1024w, https:\/\/repechage.cz\/wp-content\/uploads\/2023\/04\/15-300x300.jpg 300w, https:\/\/repechage.cz\/wp-content\/uploads\/2023\/04\/15-600x600.jpg 600w, https:\/\/repechage.cz\/wp-content\/uploads\/2023\/04\/15-150x150.jpg 150w, https:\/\/repechage.cz\/wp-content\/uploads\/2023\/04\/15-768x768.jpg 768w, https:\/\/repechage.cz\/wp-content\/uploads\/2023\/04\/15.jpg 1500w\" sizes=\"auto, (max-width: 1024px) 100vw, 1024px\" \/>\t\t\t\t\t\t\t\t\t\t\t\t\t<\/p>\n<h3>Udr\u017eitelnost <br \/>je na\u0161e cesta<\/h3>\n<p>Rep\u00eachage\u00ae spolupracuje na udr\u017eiteln\u00e9m sb\u011bru mo\u0159sk\u00fdch \u0159as s p\u0159edn\u00edmi v\u011bdci a odborn\u00edky. Na rozd\u00edl od jin\u00fdch v\u00fdrobc\u016f, kte\u0159\u00ed su\u0161\u00ed \u0159asy v troub\u011b a z\u00edskaj\u00ed produkt s nedostatkem vitam\u00edn\u016f a aminokyselin, Rep\u00eachage\u00ae m\u00e1 inovativn\u00ed p\u0159\u00edstup.<strong> \u0158asy jsou zpracov\u00e1v\u00e1me patentovanou metodou<\/strong> na \u010dist\u00fd filtr\u00e1t v mal\u00fdch \u0159emesln\u00fdch d\u00e1vk\u00e1ch. Filtr\u00e1t n\u00e1sledn\u011b \u0159\u00e1dn\u011b vychlad\u00edme a skladujeme po dobu 6 m\u011bs\u00edc\u016f. Filtr\u00e1t pak slou\u017e\u00ed jako \u00fa\u010dinn\u00e1 slo\u017eka produkt\u016f Rep\u00eachage\u00ae, kter\u00e9 napom\u00e1haj\u00ed poko\u017ece vypadat a c\u00edtit se hlad\u0161\u00ed a jemn\u011bj\u0161\u00ed. Nic nen\u00ed \u010dist\u0161\u00ed nebo \u00fa\u010dinn\u011bj\u0161\u00ed ne\u017e tento proces.<\/p>\n<p>\t\t\t\t\t\t\t\t\t\t\t\t\t<img loading=\"lazy\" decoding=\"async\" width=\"768\" height=\"1024\" src=\"https:\/\/repechage.cz\/wp-content\/uploads\/2023\/04\/IMG_0041-768x1024.jpg\" alt=\"\" srcset=\"https:\/\/repechage.cz\/wp-content\/uploads\/2023\/04\/IMG_0041-768x1024.jpg 768w, https:\/\/repechage.cz\/wp-content\/uploads\/2023\/04\/IMG_0041-300x400.jpg 300w, https:\/\/repechage.cz\/wp-content\/uploads\/2023\/04\/IMG_0041-600x800.jpg 600w, https:\/\/repechage.cz\/wp-content\/uploads\/2023\/04\/IMG_0041-225x300.jpg 225w, https:\/\/repechage.cz\/wp-content\/uploads\/2023\/04\/IMG_0041-1152x1536.jpg 1152w, https:\/\/repechage.cz\/wp-content\/uploads\/2023\/04\/IMG_0041.jpg 1536w\" sizes=\"auto, (max-width: 768px) 100vw, 768px\" \/>\t\t\t\t\t\t\t\t\t\t\t\t\t<\/p>\n<h3>N\u00e1\u0161 c\u00edl? <br \/> Pokra\u010dovat<\/h3>\n<p>Profesor Charles Yarish z Univerzity ve Stamfordu se v roce 2015 p\u0159ipojil k Rep\u00eachage\u00ae jako konzultant, aby pomohl <strong>vytvo\u0159it udr\u017eiteln\u00e9, organick\u00e9 \u00farody mo\u0159sk\u00fdch \u0159as v USA<\/strong>. Spole\u010dn\u011b vedeme v\u00fdzkum n\u011bkolika druh\u016f mo\u0159sk\u00fdch rostlin a formulujeme je do v\u00edce ne\u017e 100 profesion\u00e1ln\u00edch a spot\u0159ebn\u00edch produkt\u016f. Jedn\u00e1 se o uzav\u0159en\u00ed kruhu, proto\u017ee mo\u0159e n\u00e1m d\u00e1v\u00e1 mnoho a my se mu to sna\u017e\u00edme vr\u00e1tit zp\u011bt.<\/p>\n<h2>LAMINARIA DIGITATA<\/h2>\n<p>Hn\u011bd\u00e1 mo\u0159sk\u00e1 \u0159asa, z\u00edsk\u00e1van\u00e1 z horn\u00edho p\u0159\u00edlivov\u00e9ho a m\u011blk\u00e9ho p\u0159\u00edlivov\u00e9ho mo\u0159sk\u00e9ho prost\u0159ed\u00ed. M\u00e1 ud\u011blen certifik\u00e1t EcoCert a je p\u0159\u00edrodn\u00edm zdrojem 12 vitam\u00edn\u016f, v\u010detn\u011b B12, C, E, K a beta karotenu, 18 aminokyselin a 42 stopov\u00fdch prvk\u016f.<\/p>\n<style>\/*! elementor - v3.22.0 - 26-06-2024 *\/\n.elementor-column .elementor-spacer-inner{height:var(--spacer-size)}.e-con{--container-widget-width:100%}.e-con-inner>.elementor-widget-spacer,.e-con>.elementor-widget-spacer{width:var(--container-widget-width,var(--spacer-size));--align-self:var(--container-widget-align-self,initial);--flex-shrink:0}.e-con-inner>.elementor-widget-spacer>.elementor-widget-container,.e-con>.elementor-widget-spacer>.elementor-widget-container{height:100%;width:100%}.e-con-inner>.elementor-widget-spacer>.elementor-widget-container>.elementor-spacer,.e-con>.elementor-widget-spacer>.elementor-widget-container>.elementor-spacer{height:100%}.e-con-inner>.elementor-widget-spacer>.elementor-widget-container>.elementor-spacer>.elementor-spacer-inner,.e-con>.elementor-widget-spacer>.elementor-widget-container>.elementor-spacer>.elementor-spacer-inner{height:var(--container-widget-height,var(--spacer-size))}.e-con-inner>.elementor-widget-spacer.elementor-widget-empty,.e-con>.elementor-widget-spacer.elementor-widget-empty{position:relative;min-height:22px;min-width:22px}.e-con-inner>.elementor-widget-spacer.elementor-widget-empty .elementor-widget-empty-icon,.e-con>.elementor-widget-spacer.elementor-widget-empty .elementor-widget-empty-icon{position:absolute;top:0;bottom:0;left:0;right:0;margin:auto;padding:0;width:22px;height:22px}<\/style>\n<h2>ASCOPHYLLUM NODOSUM<\/h2>\n<p>Hn\u011bd\u00e1 mo\u0159sk\u00e1 \u0159asa &#8211; chaluha, kter\u00e9 se da\u0159\u00ed v horn\u00edm p\u0159\u00edlivov\u00e9m a m\u011blk\u00e9m p\u0159\u00edlivov\u00e9m mo\u0159sk\u00e9m prost\u0159ed\u00ed v severn\u00edm Atlantsk\u00e9m oce\u00e1nu. Je bohat\u00e1 na vitam\u00edny, miner\u00e1ly a aminokyseliny, fukoidan a kyselinu alginovou.<\/p>\n<h2>ULVA LACTUCA<\/h2>\n<p>Zelen\u00e1 mo\u0159sk\u00e1 \u0159asa op\u011bt z p\u0159\u00edlivov\u00fdch a m\u011blk\u00fdch p\u0159\u00edlivov\u00fdch mo\u0159sk\u00fdch prost\u0159ed\u00ed po cel\u00e9m sv\u011bt\u011b. Zdroj mo\u0159sk\u00e9ho elastinu a enzymu aosinu.<\/p>\n<h2>LAMINARIA SACCHARINA (SACCHARINA LATISSIMA)<\/h2>\n<p>Hn\u011bd\u00e1 mo\u0159sk\u00e1 \u0159asa, kterou nach\u00e1z\u00edme v m\u011blk\u00fdch p\u0159\u00edlivech a studen\u00e9 vod\u011b v Atlantick\u00e9m a Tich\u00e9m oce\u00e1nu. Je bohat\u00e1 na v\u0161echny vitam\u00edny, miner\u00e1ly, stopov\u00e9 prvky, aminokyseliny a kyselinu alginovou.<\/p>\n<h2>PORPHYRIDIUM SSP \/ MIKRORIASA<\/h2>\n<p>\u010cerven\u00e1, jednobun\u011b\u010dn\u00e1 mo\u0159sk\u00e1 \u0159asa s vysok\u00fdm obsahem esenci\u00e1ln\u00edch mastn\u00fdch kyselin, jako\u017e i vitam\u00edn\u016f B a C.<\/p>\n<h2>SPIRULINA<\/h2>\n<p>Druh cyanobakterie (zn\u00e1m\u00fdch tak\u00e9 jako modrozelen\u00e9 \u0159asy), kter\u00e1 voln\u011b plave a tvo\u0159\u00ed ve vodn\u00edm prost\u0159ed\u00ed roho\u017ee. Obsahuje velmi vysok\u00e9 mno\u017estv\u00ed b\u00edlkovin. Je tak\u00e9 p\u0159edn\u00edm zdrojem p\u0159\u00edrodn\u00edho karotenu, vitam\u00ednu E, zinku, fykobiliprotein\u016f a esenci\u00e1ln\u00edch aminokyselin.<\/p>\n<h2>Srdcem produkt\u016f Rep\u00eachage\u00ae je bohat\u00fd, \u010dist\u00fd, exkluzivn\u00ed filtr\u00e1t z mo\u0159sk\u00fdch \u0159as<\/h2>\n<p>\t\t\t\t\t\t\t\t\t\t\t\t\t\t<a href=\"https:\/\/repechage.cz\/produkt\/c-serum-serum-z-filtratu-morskych-ras\/\" target=\"_blank\" rel=\"noopener\"><br \/>\n\t\t\t\t\t\t\t<img loading=\"lazy\" decoding=\"async\" width=\"1024\" height=\"1024\" src=\"https:\/\/repechage.cz\/wp-content\/uploads\/2023\/03\/20211004_Repechage-2-1024x1024.webp\" alt=\"\" srcset=\"https:\/\/repechage.cz\/wp-content\/uploads\/2023\/03\/20211004_Repechage-2-1024x1024.webp 1024w, https:\/\/repechage.cz\/wp-content\/uploads\/2023\/03\/20211004_Repechage-2-300x300.webp 300w, https:\/\/repechage.cz\/wp-content\/uploads\/2023\/03\/20211004_Repechage-2-600x600.webp 600w, https:\/\/repechage.cz\/wp-content\/uploads\/2023\/03\/20211004_Repechage-2-150x150.webp 150w, https:\/\/repechage.cz\/wp-content\/uploads\/2023\/03\/20211004_Repechage-2-768x768.webp 768w, https:\/\/repechage.cz\/wp-content\/uploads\/2023\/03\/20211004_Repechage-2.webp 1200w\" sizes=\"auto, (max-width: 1024px) 100vw, 1024px\" \/>\t\t\t\t\t\t\t\t<\/a><\/p>\n<h3>C-SERUM\u00ae FILTR\u00c1T Z MO\u0158SK\u00ddCH \u0158AS<\/h3>\n<p>Jedn\u00edm z prvn\u00edch dom\u00e1c\u00edch produkt\u016f Repechage\u00ae bylo C-Serum\u00ae Seaweed Filtrate. C-Serum\u00ae, zkratka pro cytos\u00e9rum. Je to n\u00e1\u0161 speci\u00e1ln\u00ed filtr\u00e1t z hn\u011bd\u00e9 mo\u0159sk\u00e9 \u0159asy Laminaria Digitata.<\/p>\n<p>\t\t\t<a href=\"https:\/\/repechage.cz\/produkt\/c-serum-serum-z-filtratu-morskych-ras\/\" target=\"_blank\" rel=\"noopener\"><br \/>\n\t\t\t\t\t\t\t\t\tChci si koupit<br \/>\n\t\t\t\t\t<\/a><br \/>\n\t\t\t\t\t\t\t\t\t\t\t\t\t\t<a href=\"https:\/\/repechage.cz\/produkt\/algo-mist-hydratacni-sprej-na-oblicej-z-morskych-ras\/\" target=\"_blank\" rel=\"noopener\"><br \/>\n\t\t\t\t\t\t\t<img loading=\"lazy\" decoding=\"async\" width=\"1024\" height=\"1024\" src=\"https:\/\/repechage.cz\/wp-content\/uploads\/2023\/03\/artesano36716-1024x1024.jpg\" alt=\"\" srcset=\"https:\/\/repechage.cz\/wp-content\/uploads\/2023\/03\/artesano36716-1024x1024.jpg 1024w, https:\/\/repechage.cz\/wp-content\/uploads\/2023\/03\/artesano36716-300x300.jpg 300w, https:\/\/repechage.cz\/wp-content\/uploads\/2023\/03\/artesano36716-600x600.jpg 600w, https:\/\/repechage.cz\/wp-content\/uploads\/2023\/03\/artesano36716-150x150.jpg 150w, https:\/\/repechage.cz\/wp-content\/uploads\/2023\/03\/artesano36716-768x768.jpg 768w, https:\/\/repechage.cz\/wp-content\/uploads\/2023\/03\/artesano36716-1536x1536.jpg 1536w, https:\/\/repechage.cz\/wp-content\/uploads\/2023\/03\/artesano36716-2048x2048.jpg 2048w\" sizes=\"auto, (max-width: 1024px) 100vw, 1024px\" \/>\t\t\t\t\t\t\t\t<\/a><\/p>\n<h3>ALGO MIST\u00ae<\/h3>\n<p>Algo Mist\u00ae, m\u00e1 jedine\u010dnou kombinaci filtr\u00e1tu z mo\u0159sk\u00fdch \u0159as, vitam\u00ednu C, ginko biloby, aloe a pomeran\u010dov\u00e9 vody. Pom\u00e1h\u00e1 udr\u017eovat poko\u017eku hladkou a jemnou po cel\u00fd den.<br \/>\u00a0 \u00a0<\/p>\n<p>\t\t\t<a href=\"https:\/\/repechage.cz\/produkt\/algo-mist-hydratacni-sprej-na-oblicej-z-morskych-ras\/\" target=\"_blank\" rel=\"noopener\"><br \/>\n\t\t\t\t\t\t\t\t\tChci si koupit<br \/>\n\t\t\t\t\t<\/a><br \/>\n\t\t\t\t\t\t\t\t\t\t\t\t\t\t<a href=\"https:\/\/repechage.cz\/produkt\/esencialni-olej-z-morskych-ras\/\" target=\"_blank\" rel=\"noopener\"><br \/>\n\t\t\t\t\t\t\t<img loading=\"lazy\" decoding=\"async\" width=\"1000\" height=\"1000\" src=\"https:\/\/repechage.cz\/wp-content\/uploads\/2023\/03\/Essential-Oil-of-Seaweed-High-Res-1.jpg\" alt=\"\" srcset=\"https:\/\/repechage.cz\/wp-content\/uploads\/2023\/03\/Essential-Oil-of-Seaweed-High-Res-1.jpg 1000w, https:\/\/repechage.cz\/wp-content\/uploads\/2023\/03\/Essential-Oil-of-Seaweed-High-Res-1-300x300.jpg 300w, https:\/\/repechage.cz\/wp-content\/uploads\/2023\/03\/Essential-Oil-of-Seaweed-High-Res-1-600x600.jpg 600w, https:\/\/repechage.cz\/wp-content\/uploads\/2023\/03\/Essential-Oil-of-Seaweed-High-Res-1-150x150.jpg 150w, https:\/\/repechage.cz\/wp-content\/uploads\/2023\/03\/Essential-Oil-of-Seaweed-High-Res-1-768x768.jpg 768w\" sizes=\"auto, (max-width: 1000px) 100vw, 1000px\" \/>\t\t\t\t\t\t\t\t<\/a><\/p>\n<h3>ESENCI\u00c1LN\u00cd OLEJ Z MO\u0158SK\u00ddCH \u0158AS<\/h3>\n<p>Jedine\u010dn\u00fd esenci\u00e1ln\u00ed olej z \u0159asy Laminaria Saccharina v kombinaci s \u010dist\u00fdm vitam\u00ednem E poskytuje silnou antioxida\u010dn\u00ed podporu a z\u00e1rove\u0148 dod\u00e1v\u00e1 poko\u017ece extra d\u00e1vku hydratace.<\/p>\n<p>\t\t\t<a href=\"https:\/\/repechage.cz\/produkt\/esencialni-olej-z-morskych-ras\/\" target=\"_blank\" rel=\"noopener\"><br \/>\n\t\t\t\t\t\t\t\t\tChci si koupit<br \/>\n\t\t\t\t\t<\/a><\/p>\n","protected":false},"excerpt":{"rendered":"<p>Va\u0161e kr\u00e1sa, na\u0161e mo\u0159sk\u00e9 \u0159asy V\u011bd\u011bli jste, \u017ee podle v\u011bdeck\u00fdch v\u00fdzkum\u016f a\u017e 70 % kysl\u00edku na zemi produkuj\u00ed mo\u0159sk\u00e9 \u0159asy? A \u017ee v\u011bdci zaznamenali \u00fa\u017easnou podobnost mezi mo\u0159skou vodou a krevn\u00ed plazmou \u010dlov\u011bka? Pomoc\u00ed na\u0161ich produkt\u016f a o\u0161et\u0159en\u00ed z mo\u0159sk\u00fdch \u0159as v\u00fdznamn\u011b zv\u00fd\u0161\u00edte hydrataci a zlep\u0161\u00edte kondici a vzhled va\u0161\u00ed pleti. Chcete-li v\u011bd\u011bt v\u00edce, \u010dt\u011bte [&hellip;]<\/p>\n","protected":false},"author":1,"featured_media":0,"parent":0,"menu_order":0,"comment_status":"closed","ping_status":"closed","template":"","meta":{"_acf_changed":false,"footnotes":""},"class_list":["post-4591","page","type-page","status-publish","hentry"],"acf":[],"_links":{"self":[{"href":"https:\/\/repechage.ideadivisions.dev\/cs\/wp-json\/wp\/v2\/pages\/4591","targetHints":{"allow":["GET"]}}],"collection":[{"href":"https:\/\/repechage.ideadivisions.dev\/cs\/wp-json\/wp\/v2\/pages"}],"about":[{"href":"https:\/\/repechage.ideadivisions.dev\/cs\/wp-json\/wp\/v2\/types\/page"}],"author":[{"embeddable":true,"href":"https:\/\/repechage.ideadivisions.dev\/cs\/wp-json\/wp\/v2\/users\/1"}],"replies":[{"embeddable":true,"href":"https:\/\/repechage.ideadivisions.dev\/cs\/wp-json\/wp\/v2\/comments?post=4591"}],"version-history":[{"count":0,"href":"https:\/\/repechage.ideadivisions.dev\/cs\/wp-json\/wp\/v2\/pages\/4591\/revisions"}],"wp:attachment":[{"href":"https:\/\/repechage.ideadivisions.dev\/cs\/wp-json\/wp\/v2\/media?parent=4591"}],"curies":[{"name":"wp","href":"https:\/\/api.w.org\/{rel}","templated":true}]}}