{"id":4595,"date":"2023-06-06T10:13:13","date_gmt":"2023-06-06T08:13:13","guid":{"rendered":"https:\/\/repechage.ideadivisions.dev\/v-mediach\/"},"modified":"2024-08-11T16:55:09","modified_gmt":"2024-08-11T14:55:09","slug":"v-mediach","status":"publish","type":"page","link":"https:\/\/repechage.ideadivisions.dev\/cs\/v-mediach\/","title":{"rendered":"V m\u00e9di\u00edch"},"content":{"rendered":"<style>\/*! elementor - v3.22.0 - 26-06-2024 *\/\n.elementor-heading-title{padding:0;margin:0;line-height:1}.elementor-widget-heading .elementor-heading-title[class*=elementor-size-]>a{color:inherit;font-size:inherit;line-height:inherit}.elementor-widget-heading .elementor-heading-title.elementor-size-small{font-size:15px}.elementor-widget-heading .elementor-heading-title.elementor-size-medium{font-size:19px}.elementor-widget-heading .elementor-heading-title.elementor-size-large{font-size:29px}.elementor-widget-heading .elementor-heading-title.elementor-size-xl{font-size:39px}.elementor-widget-heading .elementor-heading-title.elementor-size-xxl{font-size:59px}<\/style>\n<h1>V m\u00e9di\u00edch<\/h1>\n<style>\/*! elementor - v3.22.0 - 26-06-2024 *\/\n.elementor-widget-divider{--divider-border-style:none;--divider-border-width:1px;--divider-color:#0c0d0e;--divider-icon-size:20px;--divider-element-spacing:10px;--divider-pattern-height:24px;--divider-pattern-size:20px;--divider-pattern-url:none;--divider-pattern-repeat:repeat-x}.elementor-widget-divider .elementor-divider{display:flex}.elementor-widget-divider .elementor-divider__text{font-size:15px;line-height:1;max-width:95%}.elementor-widget-divider .elementor-divider__element{margin:0 var(--divider-element-spacing);flex-shrink:0}.elementor-widget-divider .elementor-icon{font-size:var(--divider-icon-size)}.elementor-widget-divider .elementor-divider-separator{display:flex;margin:0;direction:ltr}.elementor-widget-divider--view-line_icon .elementor-divider-separator,.elementor-widget-divider--view-line_text .elementor-divider-separator{align-items:center}.elementor-widget-divider--view-line_icon .elementor-divider-separator:after,.elementor-widget-divider--view-line_icon .elementor-divider-separator:before,.elementor-widget-divider--view-line_text .elementor-divider-separator:after,.elementor-widget-divider--view-line_text .elementor-divider-separator:before{display:block;content:\"\";border-block-end:0;flex-grow:1;border-block-start:var(--divider-border-width) var(--divider-border-style) var(--divider-color)}.elementor-widget-divider--element-align-left .elementor-divider .elementor-divider-separator>.elementor-divider__svg:first-of-type{flex-grow:0;flex-shrink:100}.elementor-widget-divider--element-align-left .elementor-divider-separator:before{content:none}.elementor-widget-divider--element-align-left .elementor-divider__element{margin-left:0}.elementor-widget-divider--element-align-right .elementor-divider .elementor-divider-separator>.elementor-divider__svg:last-of-type{flex-grow:0;flex-shrink:100}.elementor-widget-divider--element-align-right .elementor-divider-separator:after{content:none}.elementor-widget-divider--element-align-right .elementor-divider__element{margin-right:0}.elementor-widget-divider--element-align-start .elementor-divider .elementor-divider-separator>.elementor-divider__svg:first-of-type{flex-grow:0;flex-shrink:100}.elementor-widget-divider--element-align-start .elementor-divider-separator:before{content:none}.elementor-widget-divider--element-align-start .elementor-divider__element{margin-inline-start:0}.elementor-widget-divider--element-align-end .elementor-divider .elementor-divider-separator>.elementor-divider__svg:last-of-type{flex-grow:0;flex-shrink:100}.elementor-widget-divider--element-align-end .elementor-divider-separator:after{content:none}.elementor-widget-divider--element-align-end .elementor-divider__element{margin-inline-end:0}.elementor-widget-divider:not(.elementor-widget-divider--view-line_text):not(.elementor-widget-divider--view-line_icon) .elementor-divider-separator{border-block-start:var(--divider-border-width) var(--divider-border-style) var(--divider-color)}.elementor-widget-divider--separator-type-pattern{--divider-border-style:none}.elementor-widget-divider--separator-type-pattern.elementor-widget-divider--view-line .elementor-divider-separator,.elementor-widget-divider--separator-type-pattern:not(.elementor-widget-divider--view-line) .elementor-divider-separator:after,.elementor-widget-divider--separator-type-pattern:not(.elementor-widget-divider--view-line) .elementor-divider-separator:before,.elementor-widget-divider--separator-type-pattern:not([class*=elementor-widget-divider--view]) .elementor-divider-separator{width:100%;min-height:var(--divider-pattern-height);-webkit-mask-size:var(--divider-pattern-size) 100%;mask-size:var(--divider-pattern-size) 100%;-webkit-mask-repeat:var(--divider-pattern-repeat);mask-repeat:var(--divider-pattern-repeat);background-color:var(--divider-color);-webkit-mask-image:var(--divider-pattern-url);mask-image:var(--divider-pattern-url)}.elementor-widget-divider--no-spacing{--divider-pattern-size:auto}.elementor-widget-divider--bg-round{--divider-pattern-repeat:round}.rtl .elementor-widget-divider .elementor-divider__text{direction:rtl}.e-con-inner>.elementor-widget-divider,.e-con>.elementor-widget-divider{width:var(--container-widget-width,100%);--flex-grow:var(--container-widget-flex-grow)}<\/style>\n<style>\/*! elementor - v3.22.0 - 26-06-2024 *\/\n.elementor-widget-image-box .elementor-image-box-content{width:100%}@media (min-width:768px){.elementor-widget-image-box.elementor-position-left .elementor-image-box-wrapper,.elementor-widget-image-box.elementor-position-right .elementor-image-box-wrapper{display:flex}.elementor-widget-image-box.elementor-position-right .elementor-image-box-wrapper{text-align:end;flex-direction:row-reverse}.elementor-widget-image-box.elementor-position-left .elementor-image-box-wrapper{text-align:start;flex-direction:row}.elementor-widget-image-box.elementor-position-top .elementor-image-box-img{margin:auto}.elementor-widget-image-box.elementor-vertical-align-top .elementor-image-box-wrapper{align-items:flex-start}.elementor-widget-image-box.elementor-vertical-align-middle .elementor-image-box-wrapper{align-items:center}.elementor-widget-image-box.elementor-vertical-align-bottom .elementor-image-box-wrapper{align-items:flex-end}}@media (max-width:767px){.elementor-widget-image-box .elementor-image-box-img{margin-left:auto!important;margin-right:auto!important;margin-bottom:15px}}.elementor-widget-image-box .elementor-image-box-img{display:inline-block}.elementor-widget-image-box .elementor-image-box-title a{color:inherit}.elementor-widget-image-box .elementor-image-box-wrapper{text-align:center}.elementor-widget-image-box .elementor-image-box-description{margin:0}<\/style>\n<figure><a href=\"https:\/\/www.youtube.com\/watch?v=815QzVEzTk8\" target=\"_blank\" tabindex=\"-1\" rel=\"noopener\"><img loading=\"lazy\" decoding=\"async\" width=\"300\" height=\"300\" src=\"https:\/\/repechage.cz\/wp-content\/uploads\/2023\/06\/Snimka-obrazovky-2023-06-19-o-19.21.39-300x300.png\" alt=\"\" \/><\/a><\/figure>\n<h3><a href=\"https:\/\/www.youtube.com\/watch?v=815QzVEzTk8\" target=\"_blank\" rel=\"noopener\">CBS<\/a><\/h3>\n<p>duben 2023  <br \/>\nRozhovor v televizi CBS, na America\u00b4s Beauty Show, s Lydi\u00ed o unid\u00f3zov\u00e9 exfoliaci, hydrataci, superpotravin\u011b z mo\u0159sk\u00fdch \u0159as v kosmetice pro zv\u00fd\u0161en\u00ed aktivity \u00fa\u010dinn\u00fdch slo\u017eek v kosmetick\u00fdch o\u0161et\u0159en\u00edch a v p\u00e9\u010di po plastick\u00fdch operac\u00edch.\n<\/p>\n<p>\t\t\t<a href=\"https:\/\/www.repechage.cz\/kozmeticke-salony\/\" target=\"_blank\" rel=\"noopener\"><br \/>\n\t\t\t\t\t\t\t\t\tNajdi si sv\u016fj salon<br \/>\n\t\t\t\t\t<\/a><\/p>\n<figure><a href=\"https:\/\/repechage.ideadivisions.dev\/wp-content\/uploads\/2023\/05\/Derma-Revue_1_2023-11_compressed-15_compressed.pdf\" target=\"_blank\" tabindex=\"-1\" rel=\"noopener\"><img loading=\"lazy\" decoding=\"async\" width=\"242\" height=\"300\" src=\"https:\/\/repechage.cz\/wp-content\/uploads\/2023\/04\/Snimka-obrazovky-2023-04-25-o-17.05.27-242x300.png\" alt=\"\" \/><\/a><\/figure>\n<h3><a href=\"https:\/\/repechage.ideadivisions.dev\/wp-content\/uploads\/2023\/05\/Derma-Revue_1_2023-11_compressed-15_compressed.pdf\" target=\"_blank\" rel=\"noopener\">DermaRevue<\/a><\/h3>\n<p> 30. b\u0159ezen 2023  <br \/>\nRep\u00eachage\u00ae kone\u010dn\u011b i na Slovensku a v \u010cech\u00e1ch<\/p>\n<p>\t\t\t<a href=\"https:\/\/pro.repechage.sk\" target=\"_blank\" rel=\"noopener\"><br \/>\n\t\t\t\t\t\t\t\t\tPro profesion\u00e1ly<br \/>\n\t\t\t\t\t<\/a><\/p>\n<figure><a href=\"https:\/\/www.forbestravelguide.com\/spas\/fort-lauderdale-florida\/conrad-spa-at-conrad-fort-lauderdale-beach\" target=\"_blank\" tabindex=\"-1\" rel=\"noopener\"><img loading=\"lazy\" decoding=\"async\" width=\"243\" height=\"300\" src=\"https:\/\/repechage.cz\/wp-content\/uploads\/2023\/05\/conrad-spa-at-conrad-fort-lauderdale-beach-spa-treatment-room-e1683200039220-243x300.jpg\" alt=\"\" \/><\/a><\/figure>\n<h3><a href=\"https:\/\/www.forbestravelguide.com\/spas\/fort-lauderdale-florida\/conrad-spa-at-conrad-fort-lauderdale-beach\" target=\"_blank\" rel=\"noopener\">Forbes<\/a><\/h3>\n<p>15. \u00fanor 2023  <br \/>\nL\u00e1zn\u011b Rep\u00eachage\u00ae z\u00edskaly ocen\u011bn\u00ed StarAward v presti\u017en\u00edm hodnocen\u00ed magaz\u00ednu Forbes\n<\/p>\n<p>\t\t\t<a href=\"https:\/\/www.repechage.cz\/kozmeticke-salony\/\" target=\"_blank\" rel=\"noopener\"><br \/>\n\t\t\t\t\t\t\t\t\tKde n\u00e1s najdete<br \/>\n\t\t\t\t\t<\/a><\/p>\n<figure><a href=\"https:\/\/www.forbes.com\/sites\/katiechang\/2022\/02\/28\/the-10-best-travel-friendly-sheet-masks-eye-gels-and-face-peels\/?sh=3c4183ed7b13\" target=\"_blank\" tabindex=\"-1\" rel=\"noopener\"><img loading=\"lazy\" decoding=\"async\" width=\"200\" height=\"300\" src=\"https:\/\/repechage.cz\/wp-content\/uploads\/2023\/03\/2022-04-29-Forbes-200x300.webp\" alt=\"\" \/><\/a><\/figure>\n<h3><a href=\"https:\/\/www.forbes.com\/sites\/katiechang\/2022\/02\/28\/the-10-best-travel-friendly-sheet-masks-eye-gels-and-face-peels\/?sh=3c4183ed7b13\" target=\"_blank\" rel=\"noopener\">Forbes<\/a><\/h3>\n<p>28. \u00fanor 2022  <br \/>\n&#8222;S t\u011bmito osv\u011b\u017euj\u00edc\u00edmi ple\u0165ov\u00fdmi maskami, kter\u00e9 obsahuj\u00ed ne jeden, ale \u010dty\u0159i peptidy, m\u016f\u017eete dos\u00e1hnout zpevn\u011bn\u00ed a vypnut\u00ed ochabl\u00e9 poko\u017eky ji\u017e za deset minut.&#8220;<\/p>\n<p>\t\t\t<a href=\"https:\/\/repechage.ideadivisions.dev\/produkt\/red-out-upokojujuca-maska\/\"><br \/>\n\t\t\t\t\t\t\t\t\tRep\u00eachage\u00ae Triple Action Peptide Mask<br \/>\n\t\t\t\t\t<\/a><\/p>\n<figure><a href=\"https:\/\/www.newbeauty.com\/editor-favorites-winter-2022\/1\" target=\"_blank\" tabindex=\"-1\" rel=\"noopener\"><img loading=\"lazy\" decoding=\"async\" width=\"200\" height=\"300\" src=\"https:\/\/repechage.cz\/wp-content\/uploads\/2023\/03\/2023-02-23-new-beauty-200x300.webp\" alt=\"\" \/><\/a><\/figure>\n<h3><a href=\"https:\/\/www.newbeauty.com\/editor-favorites-winter-2022\/1\" target=\"_blank\" rel=\"noopener\">New Beauty<\/a><\/h3>\n<p>19. leden 2022  <br \/>\n&#8222;O\u0161et\u0159en\u00ed pleti Rep\u00eachage\u00ae Hydra Dew Pure\u2122 Moisturizing Lift s charakteristick\u00fdmi mo\u0159sk\u00fdmi \u0159asami bohat\u00fdmi na antioxidanty od v\u00fdkonn\u00e9 \u0159editelky a zakladatelky Lydie Sarfati bylo skute\u010dn\u00fdm z\u00e1\u017eitkem. Mo\u0159sk\u00e1 \u0159asa Laminaria digitata obsahuje aminokyseliny, vitam\u00edny a stopov\u00e9 prvky a miner\u00e1ly, kter\u00e9 p\u016fsob\u00ed na zklidn\u011bn\u00ed a obnovu st\u00e1rnouc\u00ed poko\u017eky.&#8220;<\/p>\n<p>\t\t\t<a href=\"https:\/\/repechage.ideadivisions.dev\/produkt\/hydra-dew-pure-hydratacne-liftingove-serum\/\"><br \/>\n\t\t\t\t\t\t\t\t\tRep\u00eachage\u00ae Hydra Dew Pure\u2122 Moisture Lift Serum<br \/>\n\t\t\t\t\t<\/a><\/p>\n<figure><a href=\"https:\/\/www.forbes.com\/sites\/katiechang\/2022\/02\/28\/the-10-best-travel-friendly-sheet-masks-eye-gels-and-face-peels\/?sh=3c4183ed7b13\" target=\"_blank\" tabindex=\"-1\" rel=\"noopener\"><img loading=\"lazy\" decoding=\"async\" width=\"200\" height=\"300\" src=\"https:\/\/repechage.cz\/wp-content\/uploads\/2023\/03\/20-04-14A-marie-claire-stor-200x300.webp\" alt=\"\" \/><\/a><\/figure>\n<h3><a href=\"https:\/\/www.forbes.com\/sites\/katiechang\/2022\/02\/28\/the-10-best-travel-friendly-sheet-masks-eye-gels-and-face-peels\/?sh=3c4183ed7b13\" target=\"_blank\" rel=\"noopener\">Marie Claire<\/a><\/h3>\n<p>duben 2020  <br \/>\nKouzeln\u00fd lektvar&#8230; formulov\u00e1n s p\u0159\u00edsadami proti st\u00e1rnut\u00ed, jako je niacinamid, kyselina hyaluronov\u00e1 a filtr\u00e1t z mo\u0159sk\u00fdch \u0159as laminaria digitata.<\/p>\n<p>\t\t\t<a href=\"https:\/\/repechage.ideadivisions.dev\/produkt\/vita-cura-b3-elixir\/\"><br \/>\n\t\t\t\t\t\t\t\t\tRep\u00eachage\u00ae Vita Cura\u00ae Gold Elixir Complex<br \/>\n\t\t\t\t\t<\/a><\/p>\n<figure><a href=\"https:\/\/www.newbeauty.com\/editor-favorites-winter-2022\/1\" target=\"_blank\" tabindex=\"-1\" rel=\"noopener\"><img loading=\"lazy\" decoding=\"async\" width=\"233\" height=\"300\" src=\"https:\/\/repechage.cz\/wp-content\/uploads\/2023\/03\/Byrdie-C-Serum-2020-233x300.webp\" alt=\"\" \/><\/a><\/figure>\n<h3><a href=\"https:\/\/www.newbeauty.com\/editor-favorites-winter-2022\/1\" target=\"_blank\" rel=\"noopener\">Byrdie<\/a><\/h3>\n<p>\u00fanor 2020  <br \/>\n\u201e&#8230;bohat\u00e9 na vitam\u00edny, aminokyseliny a miner\u00e1ly, kter\u00e9 pom\u00e1haj\u00ed sni\u017eovat v\u00fdskyt jemn\u00fdch linek a vr\u00e1sek.\u201c Rep\u00eachage\u00ae C-Serum\u00ae obli\u010dejov\u00e9 s\u00e9rum s filtrac\u00ed z mo\u0159sk\u00fdch \u0159as<\/p>\n<p>\t\t\t<a href=\"https:\/\/repechage.ideadivisions.dev\/produkt\/c-serum-serum-z-morskych-rias\/\"><br \/>\n\t\t\t\t\t\t\t\t\tRep\u00eachage\u00ae C-Serum\u00ae<br \/>\n\t\t\t\t\t<\/a><\/p>\n<figure><a href=\"http:\/\/Rep\u00eachage\u00ae%20Vita%20Cura%20Gold%20Serum%20complex\" target=\"_blank\" tabindex=\"-1\" rel=\"noopener\"><img loading=\"lazy\" decoding=\"async\" width=\"190\" height=\"271\" src=\"https:\/\/repechage.cz\/wp-content\/uploads\/2023\/03\/110901_Glamour.webp\" alt=\"\" \/><\/a><\/figure>\n<h3><a href=\"http:\/\/Rep\u00eachage\u00ae%20Vita%20Cura%20Gold%20Serum%20complex\" target=\"_blank\" rel=\"noopener\">Glamour<\/a><\/h3>\n<p>\u0159\u00edjen 2019  <br \/>\nRep\u00eachage\u00ae Vita Cura\u00ae Gold Collection<\/p>\n<p>\t\t\t<a href=\"https:\/\/repechage.ideadivisions.dev\/produkt\/vita-cura-b3-serum\/\"><br \/>\n\t\t\t\t\t\t\t\t\tRep\u00eachage\u00ae Vita Cura\u00ae Gold Serum complex<br \/>\n\t\t\t\t\t<\/a><\/p>\n<figure><a href=\"https:\/\/www.newbeauty.com\/editor-favorites-winter-2022\/1\" target=\"_blank\" tabindex=\"-1\" rel=\"noopener\"><img loading=\"lazy\" decoding=\"async\" width=\"233\" height=\"300\" src=\"https:\/\/repechage.cz\/wp-content\/uploads\/2023\/03\/Cosmo-Italy-Rapidex-March-2019-233x300.webp\" alt=\"\" \/><\/a><\/figure>\n<h3><a href=\"https:\/\/www.newbeauty.com\/editor-favorites-winter-2022\/1\" target=\"_blank\" rel=\"noopener\">Cosmopolitan<\/a><\/h3>\n<p>b\u0159ezen 2019  <br \/>\nRep\u00eachage\u00ae Rapidex\u00ae marine exfoliator<\/p>\n<p>\t\t\t<a href=\"https:\/\/repechage.ideadivisions.dev\/produkt\/rapidex-piling-s-aktivnymi-morskymi-zlozkami\/\"><br \/>\n\t\t\t\t\t\t\t\t\tRep\u00eachage\u00ae Rapidex\u00ae chemick\u00fd peeling<br \/>\n\t\t\t\t\t<\/a><\/p>\n<figure><a href=\"https:\/\/www.forbes.com\/sites\/katiechang\/2022\/02\/28\/the-10-best-travel-friendly-sheet-masks-eye-gels-and-face-peels\/?sh=3c4183ed7b13\" target=\"_blank\" tabindex=\"-1\" rel=\"noopener\"><img loading=\"lazy\" decoding=\"async\" width=\"180\" height=\"240\" src=\"https:\/\/repechage.cz\/wp-content\/uploads\/2023\/03\/130327_WallStreet.webp\" alt=\"\" \/><\/a><\/figure>\n<h3><a href=\"https:\/\/www.forbes.com\/sites\/katiechang\/2022\/02\/28\/the-10-best-travel-friendly-sheet-masks-eye-gels-and-face-peels\/?sh=3c4183ed7b13\" target=\"_blank\" rel=\"noopener\">Wall Street Journal<\/a><\/h3>\n<p>b\u0159ezen 2013  <br \/>\nTohle je nejnov\u011bj\u0161\u00ed trend: podnikatelky a podnikatel\u00e9 si b\u011bhem ob\u011bda dop\u0159ej\u00ed expresn\u00ed obli\u010dejov\u00e9 o\u0161et\u0159en\u00ed&#8230; &#8211; Shiri Sarfati<\/p>\n<p>\t\t\t<a href=\"https:\/\/repechage.ideadivisions.dev\/produkt\/biolight-rozjasnujuca-maska\/\"><br \/>\n\t\t\t\t\t\t\t\t\tRep\u00eachage\u00ae Biolight\u00ae Express Treatment, Red-Out Express treatment, Fusion Treatment<br \/>\n\t\t\t\t\t<\/a><\/p>\n<figure><a href=\"https:\/\/www.newbeauty.com\/editor-favorites-winter-2022\/1\" target=\"_blank\" tabindex=\"-1\" rel=\"noopener\"><img loading=\"lazy\" decoding=\"async\" width=\"190\" height=\"250\" src=\"https:\/\/repechage.cz\/wp-content\/uploads\/2023\/03\/120101_Elle.webp\" alt=\"\" \/><\/a><\/figure>\n<h3><a href=\"https:\/\/www.newbeauty.com\/editor-favorites-winter-2022\/1\" target=\"_blank\" rel=\"noopener\">Elle<\/a><\/h3>\n<p>leden 2012 <br \/>\n&#8222;Miner\u00e1ln\u00ed soli do koupele Rep\u00eachage\u00ae Sea Spa se sb\u00edraj\u00ed ze St\u0159edozemn\u00edho mo\u0159e.&#8220;\n<\/p>\n<p>\t\t\t<a href=\"#\"><br \/>\n\t\t\t\t\t\t\t\t\tRep\u00eachage\u00ae Vita Cura\u00ae Cellusea Sea Salt Spa<br \/>\n\t\t\t\t\t<\/a><\/p>\n<figure><a href=\"https:\/\/www.forbes.com\/sites\/katiechang\/2022\/02\/28\/the-10-best-travel-friendly-sheet-masks-eye-gels-and-face-peels\/?sh=3c4183ed7b13\" target=\"_blank\" tabindex=\"-1\" rel=\"noopener\"><img loading=\"lazy\" decoding=\"async\" width=\"190\" height=\"271\" src=\"https:\/\/repechage.cz\/wp-content\/uploads\/2023\/03\/110901_Glamour.webp\" alt=\"\" \/><\/a><\/figure>\n<h3><a href=\"https:\/\/www.forbes.com\/sites\/katiechang\/2022\/02\/28\/the-10-best-travel-friendly-sheet-masks-eye-gels-and-face-peels\/?sh=3c4183ed7b13\" target=\"_blank\" rel=\"noopener\">Glamour<\/a><\/h3>\n<p> \u00fanor 2010<br \/>\n&#8222;Produkty pro kr\u00e1su u\u0161ly dlouhou cestu od dob studen\u00e9ho kr\u00e9mu. Nyn\u00ed m\u00e1me peptidy, kter\u00e9 produkuj\u00ed v\u00edce kolagenu a molekuly, kter\u00e9 mohou zabra\u0148ovat tvorb\u011b hlubok\u00fdch vr\u00e1sek.&#8220; &#8211; Lydia Sarfati<\/p>\n<p>\t\t\t<a href=\"https:\/\/repechage.ideadivisions.dev\/produkt\/hydra-dew-pure-cestovne-balenie\/\"><br \/>\n\t\t\t\t\t\t\t\t\tRep\u00eachage\u00ae Foaming Cleanser<br \/>\n\t\t\t\t\t<\/a><\/p>\n<figure><a href=\"https:\/\/www.newbeauty.com\/editor-favorites-winter-2022\/1\" target=\"_blank\" tabindex=\"-1\" rel=\"noopener\"><img loading=\"lazy\" decoding=\"async\" width=\"181\" height=\"230\" src=\"https:\/\/repechage.cz\/wp-content\/uploads\/2023\/03\/vogueBrit.webp\" alt=\"\" \/><\/a><\/figure>\n<h3><a href=\"https:\/\/www.newbeauty.com\/editor-favorites-winter-2022\/1\" target=\"_blank\" rel=\"noopener\">Vogue<\/a><\/h3>\n<p> listopad 2005  <br \/>\n&#8222;&#8230;holistick\u00fd n\u00e1stroj pro mas\u00e1\u017e pleti a dekoltu Kansa Wand, kter\u00fd poch\u00e1z\u00ed z \u00c1jurv\u00e9dy dop\u0159eje obli\u010deji, krku a dekoltu mas\u00e1\u017e, kter\u00e1 zanech\u00e1 Va\u0161i ple\u0165 rozz\u00e1\u0159enou.&#8220;<\/p>\n<p>\t\t\t<a href=\"\"><br \/>\n\t\t\t\t\t\t\t\t\tRep\u00eachage\u00ae o\u0161etrenia<br \/>\n\t\t\t\t\t<\/a><\/p>\n","protected":false},"excerpt":{"rendered":"<p>V m\u00e9di\u00edch CBS duben 2023 Rozhovor v televizi CBS, na America\u00b4s Beauty Show, s Lydi\u00ed o unid\u00f3zov\u00e9 exfoliaci, hydrataci, superpotravin\u011b z mo\u0159sk\u00fdch \u0159as v kosmetice pro zv\u00fd\u0161en\u00ed aktivity \u00fa\u010dinn\u00fdch slo\u017eek v kosmetick\u00fdch o\u0161et\u0159en\u00edch a v p\u00e9\u010di po plastick\u00fdch operac\u00edch. Najdi si sv\u016fj salon DermaRevue 30. b\u0159ezen 2023 Rep\u00eachage\u00ae kone\u010dn\u011b i na Slovensku a v \u010cech\u00e1ch [&hellip;]<\/p>\n","protected":false},"author":1,"featured_media":0,"parent":0,"menu_order":0,"comment_status":"closed","ping_status":"closed","template":"","meta":{"_acf_changed":false,"footnotes":""},"class_list":["post-4595","page","type-page","status-publish","hentry"],"acf":[],"_links":{"self":[{"href":"https:\/\/repechage.ideadivisions.dev\/cs\/wp-json\/wp\/v2\/pages\/4595","targetHints":{"allow":["GET"]}}],"collection":[{"href":"https:\/\/repechage.ideadivisions.dev\/cs\/wp-json\/wp\/v2\/pages"}],"about":[{"href":"https:\/\/repechage.ideadivisions.dev\/cs\/wp-json\/wp\/v2\/types\/page"}],"author":[{"embeddable":true,"href":"https:\/\/repechage.ideadivisions.dev\/cs\/wp-json\/wp\/v2\/users\/1"}],"replies":[{"embeddable":true,"href":"https:\/\/repechage.ideadivisions.dev\/cs\/wp-json\/wp\/v2\/comments?post=4595"}],"version-history":[{"count":0,"href":"https:\/\/repechage.ideadivisions.dev\/cs\/wp-json\/wp\/v2\/pages\/4595\/revisions"}],"wp:attachment":[{"href":"https:\/\/repechage.ideadivisions.dev\/cs\/wp-json\/wp\/v2\/media?parent=4595"}],"curies":[{"name":"wp","href":"https:\/\/api.w.org\/{rel}","templated":true}]}}