{"id":4596,"date":"2023-03-28T09:14:52","date_gmt":"2023-03-28T07:14:52","guid":{"rendered":"https:\/\/repechage.ideadivisions.dev\/videa\/"},"modified":"2023-09-25T10:40:23","modified_gmt":"2023-09-25T08:40:23","slug":"videa","status":"publish","type":"page","link":"https:\/\/repechage.ideadivisions.dev\/cs\/videa\/","title":{"rendered":"Vide\u00e1"},"content":{"rendered":"<style>\/*! elementor - v3.16.0 - 14-09-2023 *\/<br \/>\n.elementor-heading-title{padding:0;margin:0;line-height:1}.elementor-widget-heading .elementor-heading-title[class*=elementor-size-]>a{color:inherit;font-size:inherit;line-height:inherit}.elementor-widget-heading .elementor-heading-title.elementor-size-small{font-size:15px}.elementor-widget-heading .elementor-heading-title.elementor-size-medium{font-size:19px}.elementor-widget-heading .elementor-heading-title.elementor-size-large{font-size:29px}.elementor-widget-heading .elementor-heading-title.elementor-size-xl{font-size:39px}.elementor-widget-heading .elementor-heading-title.elementor-size-xxl{font-size:59px}<\/style>\n<h1>P\u0159edstavujeme Rep\u00eachage\u00ae, na\u0161e produkty a spr\u00e1vn\u00e9 pou\u017e\u00edv\u00e1n\u00ed<\/h1>\n<p><iframe loading=\"lazy\" title=\"Queen Of The Sea - Zop\u00e1r slov od na\u0161ej zakladate\u013eky\" width=\"500\" height=\"281\" src=\"https:\/\/www.youtube.com\/embed\/1RoIJ5bE9y8?feature=oembed\" frameborder=\"0\" allow=\"accelerometer; autoplay; clipboard-write; encrypted-media; gyroscope; picture-in-picture; web-share\" referrerpolicy=\"strict-origin-when-cross-origin\" allowfullscreen><\/iframe><\/p>\n<h2>Kosmetick\u00e9 \u0159ady<\/h2>\n<h2>Rep\u00eachage\u00ae  Hydra Dew Pure\u2122<\/h2>\n<p><iframe loading=\"lazy\" title=\"Rep\u00eachage\u00ae Hydra Dew Pure\u2122 Kolekcia\" width=\"500\" height=\"281\" src=\"https:\/\/www.youtube.com\/embed\/DlzBJv915jI?feature=oembed\" frameborder=\"0\" allow=\"accelerometer; autoplay; clipboard-write; encrypted-media; gyroscope; picture-in-picture; web-share\" referrerpolicy=\"strict-origin-when-cross-origin\" allowfullscreen><\/iframe><\/p>\n<h2>Rep\u00eachage\u00ae Hydra Dew Pure\u2122 Elixir Balm<\/h2>\n<p><iframe loading=\"lazy\" title=\"Rep\u00eachage\u00ae Hydra Dew Pure\u2122 Elixir Balm\" width=\"500\" height=\"281\" src=\"https:\/\/www.youtube.com\/embed\/Q3uaK6augxM?feature=oembed\" frameborder=\"0\" allow=\"accelerometer; autoplay; clipboard-write; encrypted-media; gyroscope; picture-in-picture; web-share\" referrerpolicy=\"strict-origin-when-cross-origin\" allowfullscreen><\/iframe><\/p>\n<h2>Rep\u00eachage\u00ae Hydra Dew Pure\u2122 \u010cist\u00edc\u00ed p\u011bna<\/h2>\n<p><iframe loading=\"lazy\" title=\"Rep\u00eachage\u00ae Hydra Dew Pure\u2122 \u010distiaca pena\" width=\"500\" height=\"281\" src=\"https:\/\/www.youtube.com\/embed\/mj6A7nIqHWY?feature=oembed\" frameborder=\"0\" allow=\"accelerometer; autoplay; clipboard-write; encrypted-media; gyroscope; picture-in-picture; web-share\" referrerpolicy=\"strict-origin-when-cross-origin\" allowfullscreen><\/iframe><\/p>\n<h2>Rep\u00eachage\u00ae Hydra Dew Pure\u2122 Ple\u0165ov\u00e1 esenci\u00e1ln\u00ed mlha<\/h2>\n<p><iframe loading=\"lazy\" title=\"Rep\u00eachage\u00ae Hydra Dew Pure\u2122 jemn\u00e1 tonizuj\u00faca hmla\" width=\"500\" height=\"281\" src=\"https:\/\/www.youtube.com\/embed\/2a1VeMREeUg?feature=oembed\" frameborder=\"0\" allow=\"accelerometer; autoplay; clipboard-write; encrypted-media; gyroscope; picture-in-picture; web-share\" referrerpolicy=\"strict-origin-when-cross-origin\" allowfullscreen><\/iframe><\/p>\n<h2>Rep\u00eachage\u00ae Hydra Dew Pure\u2122 denn\u00ed kr\u00e9m a kr\u00e9m na o\u010dn\u00ed kontury<\/h2>\n<p><iframe loading=\"lazy\" title=\"Rep\u00eachage\u00ae Hydra Dew Pure\u2122 denn\u00fd kr\u00e9m a kr\u00e9m na o\u010dn\u00e9 kont\u00fary.\" width=\"500\" height=\"281\" src=\"https:\/\/www.youtube.com\/embed\/KbJMK--4jro?feature=oembed\" frameborder=\"0\" allow=\"accelerometer; autoplay; clipboard-write; encrypted-media; gyroscope; picture-in-picture; web-share\" referrerpolicy=\"strict-origin-when-cross-origin\" allowfullscreen><\/iframe><\/p>\n<h2>Rep\u00eachage\u00ae Vita Cura\u00ae Gold<\/h2>\n<p><iframe loading=\"lazy\" title=\"Rep\u00eachage\u00ae Vita Cura\u00ae s\u00e9rum a elix\u00edr komplex\" width=\"500\" height=\"281\" src=\"https:\/\/www.youtube.com\/embed\/0t3bkT-OVhA?feature=oembed\" frameborder=\"0\" allow=\"accelerometer; autoplay; clipboard-write; encrypted-media; gyroscope; picture-in-picture; web-share\" referrerpolicy=\"strict-origin-when-cross-origin\" allowfullscreen><\/iframe><\/p>\n<h2>Videon\u00e1vody na pou\u017e\u00edv\u00e1n\u00ed produkt\u016f<\/h2>\n<h2>Rep\u00eachage\u00ae Opti Firm\u00ae kr\u00e9m na o\u010dn\u00ed kontury<\/h2>\n<p><iframe loading=\"lazy\" title=\"OPTI-FIRM\u00ae kr\u00e9m na o\u010dn\u00e9 kont\u00fary\" width=\"500\" height=\"281\" src=\"https:\/\/www.youtube.com\/embed\/TVBofjTUf34?feature=oembed\" frameborder=\"0\" allow=\"accelerometer; autoplay; clipboard-write; encrypted-media; gyroscope; picture-in-picture; web-share\" referrerpolicy=\"strict-origin-when-cross-origin\" allowfullscreen><\/iframe><\/p>\n<h2>Rep\u00eachage\u00ae HYDRO-COMPLEX\u00ae PFS hydrata\u010dn\u00ed kr\u00e9m pro norm\u00e1ln\u00ed a\u017e suchou ple\u0165<\/h2>\n<p><iframe loading=\"lazy\" title=\"HYDRO-COMPLEX\u00ae PFS - hydrata\u010dn\u00fd kr\u00e9m pre norm\u00e1lnu a\u017e such\u00fa ple\u0165\" width=\"500\" height=\"281\" src=\"https:\/\/www.youtube.com\/embed\/Ft25CFor8nY?feature=oembed\" frameborder=\"0\" allow=\"accelerometer; autoplay; clipboard-write; encrypted-media; gyroscope; picture-in-picture; web-share\" referrerpolicy=\"strict-origin-when-cross-origin\" allowfullscreen><\/iframe><\/p>\n<h2>Rep\u00eachage\u00ae HYDRA 4\u00ae Denn\u00ed kr\u00e9m pro citlivou ple\u0165<\/h2>\n<p><iframe loading=\"lazy\" title=\"Rep\u00eachage\u00ae HYDRA 4\u00ae hydrata\u010dn\u00fd denn\u00fd kr\u00e9m\" width=\"500\" height=\"281\" src=\"https:\/\/www.youtube.com\/embed\/EfNwgI0vnng?feature=oembed\" frameborder=\"0\" allow=\"accelerometer; autoplay; clipboard-write; encrypted-media; gyroscope; picture-in-picture; web-share\" referrerpolicy=\"strict-origin-when-cross-origin\" allowfullscreen><\/iframe><\/p>\n<h2>Rep\u00eachage\u00ae HYDRA 4\u00ae \u010cist\u00edc\u00ed kr\u00e9m<\/h2>\n<p><iframe loading=\"lazy\" title=\"Rep\u00eachage\u00ae HYDRA 4\u00ae \u010cistiaci kr\u00e9m\" width=\"500\" height=\"281\" src=\"https:\/\/www.youtube.com\/embed\/SynYSkhN3Zo?feature=oembed\" frameborder=\"0\" allow=\"accelerometer; autoplay; clipboard-write; encrypted-media; gyroscope; picture-in-picture; web-share\" referrerpolicy=\"strict-origin-when-cross-origin\" allowfullscreen><\/iframe><\/p>\n<h2>Rep\u00eachage\u00ae HYDRA MEDIC\u00ae stahuj\u00edc\u00ed a zmat\u0148uj\u00edc\u00ed s\u00e9rum<\/h2>\n<p><iframe loading=\"lazy\" title=\"Rep\u00eachage\u00ae Hydra Medic\u00ae s\u0165ahuj\u00face s\u00e9rum\" width=\"500\" height=\"281\" src=\"https:\/\/www.youtube.com\/embed\/cbWmRYNK11E?feature=oembed\" frameborder=\"0\" allow=\"accelerometer; autoplay; clipboard-write; encrypted-media; gyroscope; picture-in-picture; web-share\" referrerpolicy=\"strict-origin-when-cross-origin\" allowfullscreen><\/iframe><\/p>\n<h2>Rep\u00eachage\u00ae RAPIDEX\u00ae p\u00edling s aktivn\u00edmi mo\u0159sk\u00fdmi slo\u017ekami<\/h2>\n<p><iframe loading=\"lazy\" title=\"Rep\u00eachage\u00ae Rapidex\u00ae p\u00edling s akt\u00edvnymi morsk\u00fdmi zlo\u017ekami\" width=\"500\" height=\"281\" src=\"https:\/\/www.youtube.com\/embed\/mah5wmjT3b0?feature=oembed\" frameborder=\"0\" allow=\"accelerometer; autoplay; clipboard-write; encrypted-media; gyroscope; picture-in-picture; web-share\" referrerpolicy=\"strict-origin-when-cross-origin\" allowfullscreen><\/iframe><\/p>\n","protected":false},"excerpt":{"rendered":"<p>P\u0159edstavujeme Rep\u00eachage\u00ae, na\u0161e produkty a spr\u00e1vn\u00e9 pou\u017e\u00edv\u00e1n\u00ed Kosmetick\u00e9 \u0159ady Rep\u00eachage\u00ae Hydra Dew Pure\u2122 Rep\u00eachage\u00ae Hydra Dew Pure\u2122 Elixir Balm Rep\u00eachage\u00ae Hydra Dew Pure\u2122 \u010cist\u00edc\u00ed p\u011bna Rep\u00eachage\u00ae Hydra Dew Pure\u2122 Ple\u0165ov\u00e1 esenci\u00e1ln\u00ed mlha Rep\u00eachage\u00ae Hydra Dew Pure\u2122 denn\u00ed kr\u00e9m a kr\u00e9m na o\u010dn\u00ed kontury Rep\u00eachage\u00ae Vita Cura\u00ae Gold Videon\u00e1vody na pou\u017e\u00edv\u00e1n\u00ed produkt\u016f Rep\u00eachage\u00ae Opti Firm\u00ae kr\u00e9m [&hellip;]<\/p>\n","protected":false},"author":1,"featured_media":0,"parent":0,"menu_order":0,"comment_status":"closed","ping_status":"closed","template":"","meta":{"_acf_changed":false,"footnotes":""},"class_list":["post-4596","page","type-page","status-publish","hentry"],"acf":[],"_links":{"self":[{"href":"https:\/\/repechage.ideadivisions.dev\/cs\/wp-json\/wp\/v2\/pages\/4596","targetHints":{"allow":["GET"]}}],"collection":[{"href":"https:\/\/repechage.ideadivisions.dev\/cs\/wp-json\/wp\/v2\/pages"}],"about":[{"href":"https:\/\/repechage.ideadivisions.dev\/cs\/wp-json\/wp\/v2\/types\/page"}],"author":[{"embeddable":true,"href":"https:\/\/repechage.ideadivisions.dev\/cs\/wp-json\/wp\/v2\/users\/1"}],"replies":[{"embeddable":true,"href":"https:\/\/repechage.ideadivisions.dev\/cs\/wp-json\/wp\/v2\/comments?post=4596"}],"version-history":[{"count":0,"href":"https:\/\/repechage.ideadivisions.dev\/cs\/wp-json\/wp\/v2\/pages\/4596\/revisions"}],"wp:attachment":[{"href":"https:\/\/repechage.ideadivisions.dev\/cs\/wp-json\/wp\/v2\/media?parent=4596"}],"curies":[{"name":"wp","href":"https:\/\/api.w.org\/{rel}","templated":true}]}}