{"id":4805,"date":"2023-05-24T09:08:57","date_gmt":"2023-05-24T07:08:57","guid":{"rendered":"https:\/\/repechage.ideadivisions.dev\/?post_type=product&#038;p=4805"},"modified":"2025-04-26T11:35:46","modified_gmt":"2025-04-26T09:35:46","slug":"algo-mist-hydratacni-sprej-na-oblicej-z-morskych-ras","status":"publish","type":"product","link":"https:\/\/repechage.ideadivisions.dev\/cs\/produkt\/algo-mist-hydratacni-sprej-na-oblicej-z-morskych-ras\/","title":{"rendered":"Algo Mist\u00ae hydrata\u010dn\u00ed sprej na obli\u010dej z mo\u0159sk\u00fdch \u0159as"},"content":{"rendered":"<p>CO JE TO?<br \/>\nTento hydrata\u010dn\u00ed sprej na obli\u010dej obsahuje n\u00e1\u0161 jedine\u010dn\u00fd extrakt z mo\u0159sk\u00fdch \u0159as v kombinaci s vitam\u00ednem C, ginkgo bilobou, aloe a pomeran\u010dovou vodou, kter\u00e9 pom\u00e1haj\u00ed udr\u017eovat poko\u017eku dob\u0159e hydratovanou, sv\u011b\u017e\u00ed a z\u00e1\u0159ivou.<\/p>\n<p>Dostupn\u00fd je i v cestovn\u00ed velikosti o objemu 59 ml. Algo Mist\u00ae je ide\u00e1ln\u00ed pro poko\u017eku, kter\u00e1 byla vystavena such\u00e9mu vzduchu, cestov\u00e1n\u00ed letadlem, slunci nebo chladu, ale tak\u00e9 ke ka\u017edodenn\u00edmu pou\u017eit\u00ed, dokonce i na make-up.<\/p>\n<p>Byl vytvo\u0159en jako sou\u010d\u00e1st mnoha profesion\u00e1ln\u00edch o\u0161et\u0159en\u00ed Rep\u00eachage\u00ae, v\u010detn\u011b ikonick\u00e9 Four-Layer Facial\u00ae, a lze jej pou\u017e\u00edvat b\u011bhem cel\u00e9ho dne a kdekoli doma, v pr\u00e1ci, na pl\u00e1\u017ei a v posilovn\u011b k osv\u011b\u017een\u00ed a rozjasn\u011bn\u00ed.<\/p>\n<p>PRO KOHO?<br \/>\nSkv\u011bl\u00fd pro v\u0161echny typy pleti. Lze jej pou\u017e\u00edt kdykoli, ve dne i v noci. Je v\u00fdborn\u00fd i po holen\u00ed pro mu\u017ee!<\/p>\n<p>DOB\u0158E V\u011aD\u011aT<br \/>\nBez paraben\u016f a bez alkoholu. Vhodn\u00fd pro v\u0161echny typy pleti.<\/p>\n<p>POU\u017dIT\u00cd<br \/>\nUzav\u0159ete o\u010di a nast\u0159\u00edkejte na cel\u00fd obli\u010dej. Pou\u017e\u00edvejte tak \u010dasto, jak je pot\u0159eba.<\/p>\n<p>FREKVENCE<br \/>\nPou\u017e\u00edvejte 2x denn\u011b r\u00e1no a ve\u010der nebo kdykoli b\u011bhem dne.<\/p>\n","protected":false},"excerpt":{"rendered":"<p>Okam\u017eit\u00e1 d\u00e1vka hydratace, osv\u011b\u017een\u00ed a rozjasn\u011bn\u00ed pro ple\u0165 se sprejem Algo Mist\u00ae<\/p>\n<p>&#8211; Mo\u0159sk\u00e9 \u0159asy, ginkgo biloba, pomeran\u010dov\u00e1 voda a vitam\u00edn C pro maxim\u00e1ln\u00ed osv\u011b\u017een\u00ed<br \/>\n&#8211; Aplikujte kdykoliv b\u011bhem dne<br \/>\n&#8211; Vhodn\u00fd pro v\u0161echny typy pleti<\/p>\n","protected":false},"featured_media":3351,"comment_status":"open","ping_status":"closed","template":"","meta":{"_acf_changed":false},"badge":[],"product_brand":[],"product_cat":[266,249,261,259],"product_tag":[],"class_list":{"0":"post-4805","1":"product","2":"type-product","3":"status-publish","4":"has-post-thumbnail","6":"product_cat-cisteni-pleti-a-tonizace","7":"product_cat-hydra-blue-cs","8":"product_cat-sucha-a-poskozena-plet","9":"product_cat-zrala-plet","10":"pa_objem-velkost-180-ml-cs","12":"first","13":"instock","14":"taxable","15":"shipping-taxable","16":"purchasable","17":"product-type-simple"},"acf":[],"_links":{"self":[{"href":"https:\/\/repechage.ideadivisions.dev\/cs\/wp-json\/wp\/v2\/product\/4805","targetHints":{"allow":["GET"]}}],"collection":[{"href":"https:\/\/repechage.ideadivisions.dev\/cs\/wp-json\/wp\/v2\/product"}],"about":[{"href":"https:\/\/repechage.ideadivisions.dev\/cs\/wp-json\/wp\/v2\/types\/product"}],"replies":[{"embeddable":true,"href":"https:\/\/repechage.ideadivisions.dev\/cs\/wp-json\/wp\/v2\/comments?post=4805"}],"wp:featuredmedia":[{"embeddable":true,"href":"https:\/\/repechage.ideadivisions.dev\/cs\/wp-json\/wp\/v2\/media\/3351"}],"wp:attachment":[{"href":"https:\/\/repechage.ideadivisions.dev\/cs\/wp-json\/wp\/v2\/media?parent=4805"}],"wp:term":[{"taxonomy":"badge","embeddable":true,"href":"https:\/\/repechage.ideadivisions.dev\/cs\/wp-json\/wp\/v2\/badge?post=4805"},{"taxonomy":"product_brand","embeddable":true,"href":"https:\/\/repechage.ideadivisions.dev\/cs\/wp-json\/wp\/v2\/product_brand?post=4805"},{"taxonomy":"product_cat","embeddable":true,"href":"https:\/\/repechage.ideadivisions.dev\/cs\/wp-json\/wp\/v2\/product_cat?post=4805"},{"taxonomy":"product_tag","embeddable":true,"href":"https:\/\/repechage.ideadivisions.dev\/cs\/wp-json\/wp\/v2\/product_tag?post=4805"}],"curies":[{"name":"wp","href":"https:\/\/api.w.org\/{rel}","templated":true}]}}