{"id":4807,"date":"2023-05-24T09:08:57","date_gmt":"2023-05-24T07:08:57","guid":{"rendered":"https:\/\/repechage.ideadivisions.dev\/?post_type=product&#038;p=4807"},"modified":"2025-02-06T12:18:32","modified_gmt":"2025-02-06T11:18:32","slug":"biolight-rozjasnujici-pletove-mleko","status":"publish","type":"product","link":"https:\/\/repechage.ideadivisions.dev\/cs\/produkt\/biolight-rozjasnujici-pletove-mleko\/","title":{"rendered":"Biolight\u00ae rozjas\u0148uj\u00edc\u00ed ple\u0165ov\u00e9 ml\u00e9ko"},"content":{"rendered":"<p>CO JE TO?<br \/>\nBIOLIGHT\u00ae Brightening Cleanser je vyvinut pro odstran\u011bn\u00ed ka\u017edodenn\u00edho zne\u010di\u0161t\u011bn\u00ed a make-upu. N\u00e1\u0161 exkluzivn\u00ed komplex Laminaria obsahuje mo\u0159sk\u00e9 \u0159asy v kombinaci s v\u00fdta\u017eky z vrbov\u00e9 k\u016fry, Gotu Kola a l\u00e9ko\u0159ice, kter\u00e9 odhaluj\u00ed z\u00e1\u0159iv\u011bji vypadaj\u00edc\u00ed ple\u0165. Extrakt ze sedmikr\u00e1sky pom\u00e1h\u00e1 sni\u017eovat v\u00fdskyt nerovnom\u011brn\u00e9ho t\u00f3nu pleti a hyperpigmentace.<\/p>\n<p>PRO KOHO?<br \/>\nPro ple\u0165 s nerovnom\u011brnou pigmentac\u00ed, ale tak\u00e9 pro ple\u0165, kter\u00e1 postr\u00e1d\u00e1 z\u00e1\u0159ivost a jas<\/p>\n<p>POU\u017dIT\u00cd<br \/>\nNaneste na vlhkou poko\u017eku a mas\u00edrujte obli\u010dej i krk. N\u00e1sledn\u011b ple\u0165 opl\u00e1chn\u011bte vla\u017enou vodou a dotonizujte pomoc\u00ed Biolight\u00ae Brightening Toner.<\/p>\n<p>FREKVENCE<br \/>\nPou\u017e\u00edvejte 2x denn\u011b: r\u00e1no a ve\u010der.<\/p>\n","protected":false},"excerpt":{"rendered":"<p>\u010cist\u00edc\u00ed ple\u0165ov\u00e9 ml\u00e9ko jako z\u00e1klad ka\u017edodenn\u00edho \u010di\u0161t\u011bn\u00ed pleti<\/p>\n<p>&#8211; Prvn\u00ed krok k z\u00e1\u0159iv\u011bj\u0161\u00ed pleti<br \/>\n&#8211; \u010cist\u00edc\u00ed ml\u00e9ko pro pigmentovanou ple\u0165<br \/>\n&#8211; Odstra\u0148uje make-up a ne\u010distoty<\/p>\n","protected":false},"featured_media":3769,"comment_status":"open","ping_status":"closed","template":"","meta":{"_acf_changed":false},"badge":[],"product_brand":[],"product_cat":[247,266,258,259],"product_tag":[],"class_list":{"0":"post-4807","1":"product","2":"type-product","3":"status-publish","4":"has-post-thumbnail","6":"product_cat-biolight-cs","7":"product_cat-cisteni-pleti-a-tonizace","8":"product_cat-unavena-a-pigmentovana-plet-cs","9":"product_cat-zrala-plet","10":"pa_objem-velkost-180-ml-cs","12":"first","13":"instock","14":"taxable","15":"shipping-taxable","16":"purchasable","17":"product-type-simple"},"acf":[],"_links":{"self":[{"href":"https:\/\/repechage.ideadivisions.dev\/cs\/wp-json\/wp\/v2\/product\/4807","targetHints":{"allow":["GET"]}}],"collection":[{"href":"https:\/\/repechage.ideadivisions.dev\/cs\/wp-json\/wp\/v2\/product"}],"about":[{"href":"https:\/\/repechage.ideadivisions.dev\/cs\/wp-json\/wp\/v2\/types\/product"}],"replies":[{"embeddable":true,"href":"https:\/\/repechage.ideadivisions.dev\/cs\/wp-json\/wp\/v2\/comments?post=4807"}],"wp:featuredmedia":[{"embeddable":true,"href":"https:\/\/repechage.ideadivisions.dev\/cs\/wp-json\/wp\/v2\/media\/3769"}],"wp:attachment":[{"href":"https:\/\/repechage.ideadivisions.dev\/cs\/wp-json\/wp\/v2\/media?parent=4807"}],"wp:term":[{"taxonomy":"badge","embeddable":true,"href":"https:\/\/repechage.ideadivisions.dev\/cs\/wp-json\/wp\/v2\/badge?post=4807"},{"taxonomy":"product_brand","embeddable":true,"href":"https:\/\/repechage.ideadivisions.dev\/cs\/wp-json\/wp\/v2\/product_brand?post=4807"},{"taxonomy":"product_cat","embeddable":true,"href":"https:\/\/repechage.ideadivisions.dev\/cs\/wp-json\/wp\/v2\/product_cat?post=4807"},{"taxonomy":"product_tag","embeddable":true,"href":"https:\/\/repechage.ideadivisions.dev\/cs\/wp-json\/wp\/v2\/product_tag?post=4807"}],"curies":[{"name":"wp","href":"https:\/\/api.w.org\/{rel}","templated":true}]}}