{"id":4808,"date":"2023-05-24T09:08:57","date_gmt":"2023-05-24T07:08:57","guid":{"rendered":"https:\/\/repechage.ideadivisions.dev\/?post_type=product&#038;p=4808"},"modified":"2025-02-06T12:31:34","modified_gmt":"2025-02-06T11:31:34","slug":"biolight-rozjasnujici-denni-krem","status":"publish","type":"product","link":"https:\/\/repechage.ideadivisions.dev\/cs\/produkt\/biolight-rozjasnujici-denni-krem\/","title":{"rendered":"Biolight\u00ae rozjas\u0148uj\u00edc\u00ed denn\u00ed kr\u00e9m"},"content":{"rendered":"<p>CO JE TO?<br \/>\nN\u00e1\u0161 exkluzivn\u00ed komplex Laminaria obsahuje dv\u011b vybran\u00e9 mo\u0159sk\u00e9 \u0159asy v kombinaci s k\u016frou vrby, Gotu Kola a v\u00fdta\u017eky z l\u00e9ko\u0159ice, kter\u00e9 p\u0159in\u00e1\u0161\u00ed z\u00e1\u0159iv\u011bj\u0161\u00ed ple\u0165. Tento denn\u00ed hydrata\u010dn\u00ed kr\u00e9m obohacen\u00fd o peptidy v\u00e1m pom\u016f\u017ee vid\u011bt rozd\u00edl na va\u0161\u00ed pleti.<\/p>\n<p>PRO KOHO?<br \/>\nPro ple\u0165 s nerovnom\u011brnou pigmentac\u00ed, ale tak\u00e9 pro ple\u0165, kter\u00e1 postr\u00e1d\u00e1 z\u00e1\u0159ivost a jas<\/p>\n<p>POU\u017dIT\u00cd<br \/>\nPo o\u010di\u0161t\u011bn\u00ed a tonizaci naneste rovnom\u011brn\u011b na poko\u017eku. Pro dosa\u017een\u00ed nejlep\u0161\u00edch v\u00fdsledk\u016f pou\u017e\u00edvejte spolu s Biolight\u00ae Brightening Skin Correct Serum.<\/p>\n<p>FREKVENCE<br \/>\nPou\u017e\u00edvejte r\u00e1no na o\u010di\u0161t\u011bnou ple\u0165.<\/p>\n","protected":false},"excerpt":{"rendered":"<p>Denn\u00ed rozjas\u0148uj\u00edc\u00ed kr\u00e9m pro k\u016f\u017ei s nerovnom\u011brn\u00fdm zbarven\u00edm<\/p>\n<p>&#8211; Hydratuje, rozjas\u0148uje, zjem\u0148uje<br \/>\n&#8211; Ide\u00e1ln\u00ed pro pigmentovanou ple\u0165<br \/>\n&#8211; Vhodn\u00fd pro celoro\u010dn\u00ed pou\u017e\u00edv\u00e1n\u00ed<\/p>\n","protected":false},"featured_media":3406,"comment_status":"open","ping_status":"closed","template":"","meta":{"_acf_changed":false},"badge":[],"product_brand":[],"product_cat":[247,267,258,259],"product_tag":[],"class_list":{"0":"post-4808","1":"product","2":"type-product","3":"status-publish","4":"has-post-thumbnail","6":"product_cat-biolight-cs","7":"product_cat-kremy-a-sera-cs","8":"product_cat-unavena-a-pigmentovana-plet-cs","9":"product_cat-zrala-plet","10":"pa_objem-velkost-50-ml-cs","12":"first","13":"instock","14":"taxable","15":"shipping-taxable","16":"purchasable","17":"product-type-simple"},"acf":[],"_links":{"self":[{"href":"https:\/\/repechage.ideadivisions.dev\/cs\/wp-json\/wp\/v2\/product\/4808","targetHints":{"allow":["GET"]}}],"collection":[{"href":"https:\/\/repechage.ideadivisions.dev\/cs\/wp-json\/wp\/v2\/product"}],"about":[{"href":"https:\/\/repechage.ideadivisions.dev\/cs\/wp-json\/wp\/v2\/types\/product"}],"replies":[{"embeddable":true,"href":"https:\/\/repechage.ideadivisions.dev\/cs\/wp-json\/wp\/v2\/comments?post=4808"}],"wp:featuredmedia":[{"embeddable":true,"href":"https:\/\/repechage.ideadivisions.dev\/cs\/wp-json\/wp\/v2\/media\/3406"}],"wp:attachment":[{"href":"https:\/\/repechage.ideadivisions.dev\/cs\/wp-json\/wp\/v2\/media?parent=4808"}],"wp:term":[{"taxonomy":"badge","embeddable":true,"href":"https:\/\/repechage.ideadivisions.dev\/cs\/wp-json\/wp\/v2\/badge?post=4808"},{"taxonomy":"product_brand","embeddable":true,"href":"https:\/\/repechage.ideadivisions.dev\/cs\/wp-json\/wp\/v2\/product_brand?post=4808"},{"taxonomy":"product_cat","embeddable":true,"href":"https:\/\/repechage.ideadivisions.dev\/cs\/wp-json\/wp\/v2\/product_cat?post=4808"},{"taxonomy":"product_tag","embeddable":true,"href":"https:\/\/repechage.ideadivisions.dev\/cs\/wp-json\/wp\/v2\/product_tag?post=4808"}],"curies":[{"name":"wp","href":"https:\/\/api.w.org\/{rel}","templated":true}]}}