{"id":4810,"date":"2023-05-24T09:08:57","date_gmt":"2023-05-24T07:08:57","guid":{"rendered":"https:\/\/repechage.ideadivisions.dev\/?post_type=product&#038;p=4810"},"modified":"2025-06-11T13:25:43","modified_gmt":"2025-06-11T11:25:43","slug":"biolight-rozjasnujici-nocni-krem","status":"publish","type":"product","link":"https:\/\/repechage.ideadivisions.dev\/cs\/produkt\/biolight-rozjasnujici-nocni-krem\/","title":{"rendered":"Biolight\u00ae rozjas\u0148uj\u00edc\u00ed no\u010dn\u00ed kr\u00e9m"},"content":{"rendered":"<p>CO JE TO?<br \/>\nZ\u00edskejte hladkou a z\u00e1\u0159ivou poko\u017eku b\u011bhem sp\u00e1nku! Tento fantastick\u00fd no\u010dn\u00ed kr\u00e9m kombinuje t\u0159i peptidy, kter\u00e9 pom\u00e1haj\u00ed podporovat vzhled rovnom\u011brn\u00e9ho t\u00f3nu pleti. N\u00e1\u0161 exkluzivn\u00ed komplex Laminaria obsahuje dv\u011b vybran\u00e9 mo\u0159sk\u00e9 \u0159asy v kombinaci s v\u00fdta\u017eky z k\u016fry vrby, pupe\u010dn\u00edku asijsk\u00e9ho a l\u00e9ko\u0159ice, kter\u00e9 pom\u00e1haj\u00ed odhalit z\u00e1\u0159iv\u011bj\u0161\u00ed a jednotn\u011bj\u0161\u00ed ple\u0165.<\/p>\n<p>PRO KOHO?<br \/>\nPro ple\u0165 s nerovnom\u011brnou pigmentac\u00ed, ale tak\u00e9 pro ple\u0165, kter\u00e1 postr\u00e1d\u00e1 z\u00e1\u0159ivost a jas<\/p>\n<p>POU\u017dIT\u00cd<br \/>\nPo o\u010di\u0161t\u011bn\u00ed pleti naneste na obli\u010dej, p\u0159\u00edpadn\u011b krk a dekolt sm\u011brem zdola nahoru a do stran.<\/p>\n<p>FREKVENCE<br \/>\nPou\u017e\u00edvejte ve\u010der na dob\u0159e vy\u010di\u0161t\u011bnou ple\u0165.<\/p>\n","protected":false},"excerpt":{"rendered":"<p>No\u010dn\u00ed kr\u00e9m na rozjasn\u011bn\u00ed, v\u00fd\u017eivu a regeneraci pleti<\/p>\n<p>&#8211; Ide\u00e1ln\u00ed pro pigmentovanou ple\u0165<br \/>\n&#8211; P\u0159\u00edjemn\u00e1 textura<br \/>\n&#8211; P\u0159\u00edrodn\u00ed citrusov\u00e1 v\u016fn\u011b<\/p>\n","protected":false},"featured_media":3411,"comment_status":"open","ping_status":"closed","template":"","meta":{"_acf_changed":false},"badge":[],"product_brand":[],"product_cat":[247,267,258,259],"product_tag":[],"class_list":{"0":"post-4810","1":"product","2":"type-product","3":"status-publish","4":"has-post-thumbnail","6":"product_cat-biolight-cs","7":"product_cat-kremy-a-sera-cs","8":"product_cat-unavena-a-pigmentovana-plet-cs","9":"product_cat-zrala-plet","10":"pa_objem-velkost-50-ml-cs","12":"first","13":"instock","14":"taxable","15":"shipping-taxable","16":"purchasable","17":"product-type-simple"},"acf":[],"_links":{"self":[{"href":"https:\/\/repechage.ideadivisions.dev\/cs\/wp-json\/wp\/v2\/product\/4810","targetHints":{"allow":["GET"]}}],"collection":[{"href":"https:\/\/repechage.ideadivisions.dev\/cs\/wp-json\/wp\/v2\/product"}],"about":[{"href":"https:\/\/repechage.ideadivisions.dev\/cs\/wp-json\/wp\/v2\/types\/product"}],"replies":[{"embeddable":true,"href":"https:\/\/repechage.ideadivisions.dev\/cs\/wp-json\/wp\/v2\/comments?post=4810"}],"wp:featuredmedia":[{"embeddable":true,"href":"https:\/\/repechage.ideadivisions.dev\/cs\/wp-json\/wp\/v2\/media\/3411"}],"wp:attachment":[{"href":"https:\/\/repechage.ideadivisions.dev\/cs\/wp-json\/wp\/v2\/media?parent=4810"}],"wp:term":[{"taxonomy":"badge","embeddable":true,"href":"https:\/\/repechage.ideadivisions.dev\/cs\/wp-json\/wp\/v2\/badge?post=4810"},{"taxonomy":"product_brand","embeddable":true,"href":"https:\/\/repechage.ideadivisions.dev\/cs\/wp-json\/wp\/v2\/product_brand?post=4810"},{"taxonomy":"product_cat","embeddable":true,"href":"https:\/\/repechage.ideadivisions.dev\/cs\/wp-json\/wp\/v2\/product_cat?post=4810"},{"taxonomy":"product_tag","embeddable":true,"href":"https:\/\/repechage.ideadivisions.dev\/cs\/wp-json\/wp\/v2\/product_tag?post=4810"}],"curies":[{"name":"wp","href":"https:\/\/api.w.org\/{rel}","templated":true}]}}