{"id":4811,"date":"2023-05-24T09:08:57","date_gmt":"2023-05-24T07:08:57","guid":{"rendered":"https:\/\/repechage.ideadivisions.dev\/?post_type=product&#038;p=4811"},"modified":"2025-02-06T12:25:11","modified_gmt":"2025-02-06T11:25:11","slug":"biolight-rozjasnujici-serum","status":"publish","type":"product","link":"https:\/\/repechage.ideadivisions.dev\/cs\/produkt\/biolight-rozjasnujici-serum\/","title":{"rendered":"Biolight\u00ae rozjas\u0148uj\u00edc\u00ed s\u00e9rum"},"content":{"rendered":"<p>CO JE TO?<br \/>\nToto pr\u016flomov\u00e9 s\u00e9rum pom\u00e1h\u00e1 rozjasnit a vyrovnat t\u00f3n pleti. N\u00e1\u0161 exkluzivn\u00ed komplex Laminaria obsahuje mo\u0159sk\u00e9 \u0159asy v kombinaci s vrbovou k\u016frou, pupe\u010dn\u00edkem asijsk\u00fdm a v\u00fdta\u017eky z l\u00e9ko\u0159ice, kter\u00e9 pom\u00e1haj\u00ed odhalit mlad\u011bji vypadaj\u00edc\u00ed ple\u0165 a odkr\u00fdt ple\u0165, kter\u00e1 vypad\u00e1 z\u00e1\u0159iv\u011b a jednotn\u011b. V\u00fdhody p\u0159i pravideln\u00e9m pou\u017e\u00edv\u00e1n\u00ed p\u0159etrv\u00e1vaj\u00ed.<\/p>\n<p>&#8222;Pou\u017e\u00edv\u00e1m ho denn\u011b. Lehk\u00e9, nemastn\u00e9, zamilujete si ho i ve vlhk\u00e9m podneb\u00ed&#8220; \u2014 Lydia Sarfati<\/p>\n<p>PRO KOHO?<br \/>\nPro ple\u0165 s nerovnom\u011brnou pigmentac\u00ed, ale tak\u00e9 pro ple\u0165, kter\u00e9 chyb\u00ed z\u00e1\u0159ivost a jas<\/p>\n<p>POU\u017dIT\u00cd<br \/>\nPo o\u010di\u0161t\u011bn\u00ed a tonizaci naneste rovnom\u011brn\u011b na poko\u017eku. Pou\u017e\u00edvejte dvakr\u00e1t denn\u011b.<\/p>\n<p>FREKVENCE<br \/>\nPou\u017e\u00edvejte dvakr\u00e1t denn\u011b: r\u00e1no a ve\u010der p\u0159ed kr\u00e9mem.<\/p>\n","protected":false},"excerpt":{"rendered":"<p>S\u00e9rum pro rozjasn\u011bn\u00ed a barevn\u00e9 sjednocen\u00ed pleti<\/p>\n<p>&#8211; Vhodn\u00e9 pro celoro\u010dn\u00ed pou\u017e\u00edv\u00e1n\u00ed<br \/>\n&#8211; Ide\u00e1ln\u00ed pro pigmentovanou ple\u0165<br \/>\n&#8211; P\u0159\u00edjemn\u00e1 lehk\u00e1 textura<\/p>\n","protected":false},"featured_media":3413,"comment_status":"open","ping_status":"closed","template":"","meta":{"_acf_changed":false},"badge":[],"product_brand":[],"product_cat":[247,267,258,259],"product_tag":[],"class_list":{"0":"post-4811","1":"product","2":"type-product","3":"status-publish","4":"has-post-thumbnail","6":"product_cat-biolight-cs","7":"product_cat-kremy-a-sera-cs","8":"product_cat-unavena-a-pigmentovana-plet-cs","9":"product_cat-zrala-plet","10":"pa_objem-velkost-30-ml-cs","12":"first","13":"instock","14":"taxable","15":"shipping-taxable","16":"purchasable","17":"product-type-simple"},"acf":[],"_links":{"self":[{"href":"https:\/\/repechage.ideadivisions.dev\/cs\/wp-json\/wp\/v2\/product\/4811","targetHints":{"allow":["GET"]}}],"collection":[{"href":"https:\/\/repechage.ideadivisions.dev\/cs\/wp-json\/wp\/v2\/product"}],"about":[{"href":"https:\/\/repechage.ideadivisions.dev\/cs\/wp-json\/wp\/v2\/types\/product"}],"replies":[{"embeddable":true,"href":"https:\/\/repechage.ideadivisions.dev\/cs\/wp-json\/wp\/v2\/comments?post=4811"}],"wp:featuredmedia":[{"embeddable":true,"href":"https:\/\/repechage.ideadivisions.dev\/cs\/wp-json\/wp\/v2\/media\/3413"}],"wp:attachment":[{"href":"https:\/\/repechage.ideadivisions.dev\/cs\/wp-json\/wp\/v2\/media?parent=4811"}],"wp:term":[{"taxonomy":"badge","embeddable":true,"href":"https:\/\/repechage.ideadivisions.dev\/cs\/wp-json\/wp\/v2\/badge?post=4811"},{"taxonomy":"product_brand","embeddable":true,"href":"https:\/\/repechage.ideadivisions.dev\/cs\/wp-json\/wp\/v2\/product_brand?post=4811"},{"taxonomy":"product_cat","embeddable":true,"href":"https:\/\/repechage.ideadivisions.dev\/cs\/wp-json\/wp\/v2\/product_cat?post=4811"},{"taxonomy":"product_tag","embeddable":true,"href":"https:\/\/repechage.ideadivisions.dev\/cs\/wp-json\/wp\/v2\/product_tag?post=4811"}],"curies":[{"name":"wp","href":"https:\/\/api.w.org\/{rel}","templated":true}]}}