{"id":4813,"date":"2023-05-24T09:08:57","date_gmt":"2023-05-24T07:08:57","guid":{"rendered":"https:\/\/repechage.ideadivisions.dev\/?post_type=product&#038;p=4813"},"modified":"2025-01-06T18:18:56","modified_gmt":"2025-01-06T17:18:56","slug":"biolight-rozjasnujici-latkova-maska-1-baleni","status":"publish","type":"product","link":"https:\/\/repechage.ideadivisions.dev\/cs\/produkt\/biolight-rozjasnujici-latkova-maska-1-baleni\/","title":{"rendered":"Biolight\u00ae rozjas\u0148uj\u00edc\u00ed l\u00e1tkov\u00e1 maska \u200b\u200b| 1 ks"},"content":{"rendered":"<p>CO JE TO?<br \/>\nRep\u00eachage\u00ae Biolight\u00ae Brightening Sheet Mask p\u0159esahuje r\u00e1mec rozjas\u0148ov\u00e1n\u00ed a vyu\u017e\u00edv\u00e1 nejnov\u011bj\u0161\u00ed biotechnologii v\u010detn\u011b alfa arbutinu a kyseliny diglukozylgalov\u00e9 v kombinaci s exkluzivn\u00edmi v\u00fdta\u017eky z mo\u0159sk\u00fdch \u0159as Rep\u00eachage\u00ae . Tato snadno pou\u017eiteln\u00e1 maska \u200b\u200bpom\u00e1h\u00e1 poko\u017ece vypadat jasn\u011bji, sv\u011b\u017eeji a nest\u00e1rnouc\u00ed, \u010d\u00edm\u017e sni\u017euje v\u00fdskyt nerovnom\u011brn\u00e9ho t\u00f3nu pleti a unaven\u00e9 poko\u017eky. Poko\u017eka bude vypadat a na dotek hlad\u0161\u00ed, jasn\u011bj\u0161\u00ed a s jemn\u011bj\u0161\u00ed texturou.<\/p>\n<p>PRO KOHO?<br \/>\nPro ple\u0165 s nerovnom\u011brnou pigmentac\u00ed, ale tak\u00e9 pro ple\u0165, kter\u00e9 postr\u00e1d\u00e1 z\u00e1\u0159ivost a jas.<\/p>\n<p>POU\u017dIT\u00cd<br \/>\n(1) Umyjte si obli\u010dej \u010distic\u00edm prost\u0159edkem vhodn\u00fdm pro v\u00e1\u0161 typ pleti. Dotonizujte.<br \/>\n(2) Roztrhn\u011bte bal\u00ed\u010dek, rozlo\u017ete masku a naneste p\u0159\u00edmo na obli\u010dej.<br \/>\n(3) Kdy\u017e je maska \u200b\u200bna m\u00edst\u011b, odlepte plastov\u00fd vrch v z\u00e1\u0159ezu a odho\u010fte jej.<br \/>\n(4) Upravte masku tak, aby t\u011bsn\u011b p\u0159il\u00e9hala k obrys\u016fm obli\u010deje a nechte p\u016fsobit 10 &#8211; 15 minut.<br \/>\n(5) Po uplynut\u00ed \u010dasu masku odstra\u0148te, ale neoplachujte.<br \/>\n(6) N\u00e1sledn\u011b pou\u017eijte vhodn\u00e9 s\u00e9rum a hydrata\u010dn\u00ed kr\u00e9m Rep\u00eachage\u00ae.<br \/>\n(7) Doporu\u010dujeme v\u017edy k ochran\u011b pleti pou\u017e\u00edt i Rep\u00eachage\u00ae Mineral Face Shield\u00ae.<\/p>\n<p>FREKVENCE<br \/>\nPou\u017e\u00edvejte 1 &#8211; 2x t\u00fddn\u011b, abyste pomohli rozjasnit vzhled pleti, obnovit vlhkost, p\u0159ed speci\u00e1ln\u00ed ud\u00e1lost\u00ed p\u0159ed make-upem.<\/p>\n","protected":false},"excerpt":{"rendered":"<p>L\u00e1tkov\u00e1 maska \u200b\u200bpro rozjasn\u011bn\u00ed, hydrataci a sjednocen\u00ed pleti.<\/p>\n<p>&#8211; Ide\u00e1ln\u00ed pro pigmentovanou ple\u0165<br \/>\n&#8211; Snadn\u00e1 a rychl\u00e1 manipulace<br \/>\n&#8211; Okam\u017eit\u00fd efekt<\/p>\n","protected":false},"featured_media":3422,"comment_status":"open","ping_status":"closed","template":"","meta":{"_acf_changed":false},"badge":[],"product_brand":[],"product_cat":[247,269,258,259],"product_tag":[],"class_list":{"0":"post-4813","1":"product","2":"type-product","3":"status-publish","4":"has-post-thumbnail","6":"product_cat-biolight-cs","7":"product_cat-masky-a-peelingy","8":"product_cat-unavena-a-pigmentovana-plet-cs","9":"product_cat-zrala-plet","10":"pa_objem-velkost-1-ks-cs","12":"first","13":"instock","14":"taxable","15":"shipping-taxable","16":"purchasable","17":"product-type-simple"},"acf":[],"_links":{"self":[{"href":"https:\/\/repechage.ideadivisions.dev\/cs\/wp-json\/wp\/v2\/product\/4813","targetHints":{"allow":["GET"]}}],"collection":[{"href":"https:\/\/repechage.ideadivisions.dev\/cs\/wp-json\/wp\/v2\/product"}],"about":[{"href":"https:\/\/repechage.ideadivisions.dev\/cs\/wp-json\/wp\/v2\/types\/product"}],"replies":[{"embeddable":true,"href":"https:\/\/repechage.ideadivisions.dev\/cs\/wp-json\/wp\/v2\/comments?post=4813"}],"wp:featuredmedia":[{"embeddable":true,"href":"https:\/\/repechage.ideadivisions.dev\/cs\/wp-json\/wp\/v2\/media\/3422"}],"wp:attachment":[{"href":"https:\/\/repechage.ideadivisions.dev\/cs\/wp-json\/wp\/v2\/media?parent=4813"}],"wp:term":[{"taxonomy":"badge","embeddable":true,"href":"https:\/\/repechage.ideadivisions.dev\/cs\/wp-json\/wp\/v2\/badge?post=4813"},{"taxonomy":"product_brand","embeddable":true,"href":"https:\/\/repechage.ideadivisions.dev\/cs\/wp-json\/wp\/v2\/product_brand?post=4813"},{"taxonomy":"product_cat","embeddable":true,"href":"https:\/\/repechage.ideadivisions.dev\/cs\/wp-json\/wp\/v2\/product_cat?post=4813"},{"taxonomy":"product_tag","embeddable":true,"href":"https:\/\/repechage.ideadivisions.dev\/cs\/wp-json\/wp\/v2\/product_tag?post=4813"}],"curies":[{"name":"wp","href":"https:\/\/api.w.org\/{rel}","templated":true}]}}