{"id":4814,"date":"2023-05-24T09:08:57","date_gmt":"2023-05-24T07:08:57","guid":{"rendered":"https:\/\/repechage.ideadivisions.dev\/?post_type=product&#038;p=4814"},"modified":"2025-02-06T12:22:22","modified_gmt":"2025-02-06T11:22:22","slug":"biolight-rozjasnujici-mlha","status":"publish","type":"product","link":"https:\/\/repechage.ideadivisions.dev\/cs\/produkt\/biolight-rozjasnujici-mlha\/","title":{"rendered":"Biolight\u00ae rozjas\u0148uj\u00edc\u00ed mlha"},"content":{"rendered":"<p>CO JE TO?<br \/>\nNov\u00e1 sprejov\u00e1 l\u00e1hev! Tato lehk\u00e1 mlha zjem\u0148uje, osv\u011b\u017euje a rozjas\u0148uje vzhled poko\u017eky. N\u00e1\u0161 exkluzivn\u00ed komplex mo\u0159sk\u00fdch \u0159as Laminaria Digitata v kombinaci s v\u00fdta\u017eky z vrbov\u00e9 k\u016fry, l\u00e9ko\u0159ice a pupe\u010dn\u00edku asijsk\u00e9ho pom\u00e1h\u00e1 poko\u017ece vypadat jasn\u011bji, proto\u017ee pom\u00e1h\u00e1 sni\u017eovat v\u00fdskyt nerovnom\u011brn\u00e9ho t\u00f3nu pleti a hyperpigmentace.<\/p>\n<p>PRO KOHO?<br \/>\nPro ple\u0165 s nerovnom\u011brnou pigmentac\u00ed, ale tak\u00e9 pro ple\u0165, kter\u00e9 chyb\u00ed z\u00e1\u0159ivost a jas<\/p>\n<p>POU\u017dIT\u00cd<br \/>\nPo o\u010di\u0161t\u011bn\u00ed poko\u017eky ple\u0165ov\u00fdm ml\u00e9kem, navlh\u010dete tampon ple\u0165ovou vodou k rozjasn\u011bn\u00ed a p\u0159ech\u00e1zejte po pleti. N\u00e1sledn\u011b naneste s\u00e9rum Biolight\u00ae Brightening Skin Correct.<\/p>\n<p>FREKVENCE<br \/>\nPou\u017e\u00edvejte 2x denn\u011b: r\u00e1no a ve\u010der, nebo kdykoli b\u011bhem dne k osv\u011b\u017een\u00ed a rozjasn\u011bn\u00ed poko\u017eky.<\/p>\n","protected":false},"excerpt":{"rendered":"<p>Rozjas\u0148uj\u00edc\u00ed mlha na tonizaci pleti<\/p>\n<p>&#8211; Ide\u00e1ln\u00ed pro pigmentovanou ple\u0165<br \/>\n&#8211; Snadn\u00e1 a rychl\u00e1 manipulace<br \/>\n&#8211; Okam\u017eit\u00e9 osv\u011b\u017een\u00ed kdykoliv b\u011bhem dne<\/p>\n","protected":false},"featured_media":3425,"comment_status":"open","ping_status":"closed","template":"","meta":{"_acf_changed":false},"badge":[],"product_brand":[],"product_cat":[247,266,258,259],"product_tag":[],"class_list":{"0":"post-4814","1":"product","2":"type-product","3":"status-publish","4":"has-post-thumbnail","6":"product_cat-biolight-cs","7":"product_cat-cisteni-pleti-a-tonizace","8":"product_cat-unavena-a-pigmentovana-plet-cs","9":"product_cat-zrala-plet","10":"pa_objem-velkost-180-ml-cs","12":"first","13":"instock","14":"taxable","15":"shipping-taxable","16":"purchasable","17":"product-type-simple"},"acf":[],"_links":{"self":[{"href":"https:\/\/repechage.ideadivisions.dev\/cs\/wp-json\/wp\/v2\/product\/4814","targetHints":{"allow":["GET"]}}],"collection":[{"href":"https:\/\/repechage.ideadivisions.dev\/cs\/wp-json\/wp\/v2\/product"}],"about":[{"href":"https:\/\/repechage.ideadivisions.dev\/cs\/wp-json\/wp\/v2\/types\/product"}],"replies":[{"embeddable":true,"href":"https:\/\/repechage.ideadivisions.dev\/cs\/wp-json\/wp\/v2\/comments?post=4814"}],"wp:featuredmedia":[{"embeddable":true,"href":"https:\/\/repechage.ideadivisions.dev\/cs\/wp-json\/wp\/v2\/media\/3425"}],"wp:attachment":[{"href":"https:\/\/repechage.ideadivisions.dev\/cs\/wp-json\/wp\/v2\/media?parent=4814"}],"wp:term":[{"taxonomy":"badge","embeddable":true,"href":"https:\/\/repechage.ideadivisions.dev\/cs\/wp-json\/wp\/v2\/badge?post=4814"},{"taxonomy":"product_brand","embeddable":true,"href":"https:\/\/repechage.ideadivisions.dev\/cs\/wp-json\/wp\/v2\/product_brand?post=4814"},{"taxonomy":"product_cat","embeddable":true,"href":"https:\/\/repechage.ideadivisions.dev\/cs\/wp-json\/wp\/v2\/product_cat?post=4814"},{"taxonomy":"product_tag","embeddable":true,"href":"https:\/\/repechage.ideadivisions.dev\/cs\/wp-json\/wp\/v2\/product_tag?post=4814"}],"curies":[{"name":"wp","href":"https:\/\/api.w.org\/{rel}","templated":true}]}}