{"id":4815,"date":"2023-05-24T09:08:57","date_gmt":"2023-05-24T07:08:57","guid":{"rendered":"https:\/\/repechage.ideadivisions.dev\/?post_type=product&#038;p=4815"},"modified":"2025-07-01T13:20:38","modified_gmt":"2025-07-01T11:20:38","slug":"biolight-rozjasnujici-ocni-gel-2","status":"publish","type":"product","link":"https:\/\/repechage.ideadivisions.dev\/cs\/produkt\/biolight-rozjasnujici-ocni-gel-2\/","title":{"rendered":"Biolight\u00ae rozjas\u0148uj\u00edc\u00ed o\u010dn\u00ed gel"},"content":{"rendered":"<p>CO JE TO?<br \/>\nGel na kontury o\u010d\u00ed Rep\u00eachage Biolight\u00ae Frost Bright\u2122 obsahuje jedine\u010dnou kombinaci slo\u017eek, kter\u00e9 pom\u00e1haj\u00ed okam\u017eit\u011b probudit a rozjasnit unaven\u00e9 o\u010di. Tento chladiv\u00fd a osv\u011b\u017euj\u00edc\u00ed gel obsahuje kofein, okurkov\u00fd olej a dva peptidy, kter\u00e9 pom\u00e1haj\u00ed redukovat v\u00fdskyt jemn\u00fdch linek a vr\u00e1sek a zanech\u00e1vaj\u00ed poko\u017eku sv\u011b\u017e\u00ed a chladnou.<\/p>\n<p>PRO KOHO?<br \/>\nPro okol\u00ed o\u010d\u00ed, kter\u00e9 je nerovnom\u011brn\u011b zbarveno v d\u016fsledku \u00fanavy<\/p>\n<p>POU\u017dIT\u00cd<br \/>\nPo odl\u00ed\u010den\u00ed o\u010dn\u00edho okol\u00ed aplikujte krou\u017eiv\u00fdmi pohyby na okol\u00ed o\u010d\u00ed. Pro dosa\u017een\u00ed nejlep\u0161\u00edch v\u00fdsledk\u016f aplikujte jemn\u00fdm poklep\u00e1v\u00e1n\u00edm.<\/p>\n<p>FREKVENCE<br \/>\nPou\u017e\u00edvejte 2x denn\u011b: r\u00e1no a ve\u010der.<\/p>\n","protected":false},"excerpt":{"rendered":"<p>O\u010dn\u00ed gel pro eliminaci projev\u016f \u00fanavy<\/p>\n<p>&#8211; Rychl\u00e9 vst\u0159eb\u00e1n\u00ed<br \/>\n&#8211; Vhodn\u00fd i pod make-up<br \/>\n&#8211; Okam\u017eit\u00e9 osv\u011b\u017een\u00ed a povzbuzen\u00ed o\u010dn\u00edho okol\u00ed<\/p>\n","protected":false},"featured_media":3427,"comment_status":"open","ping_status":"closed","template":"","meta":{"_acf_changed":false},"badge":[],"product_brand":[],"product_cat":[247,267,270,258,259],"product_tag":[],"class_list":{"0":"post-4815","1":"product","2":"type-product","3":"status-publish","4":"has-post-thumbnail","6":"product_cat-biolight-cs","7":"product_cat-kremy-a-sera-cs","8":"product_cat-pece-o-ocni-okoli","9":"product_cat-unavena-a-pigmentovana-plet-cs","10":"product_cat-zrala-plet","11":"pa_objem-velkost-15-ml-cs","13":"first","14":"instock","15":"taxable","16":"shipping-taxable","17":"purchasable","18":"product-type-simple"},"acf":[],"_links":{"self":[{"href":"https:\/\/repechage.ideadivisions.dev\/cs\/wp-json\/wp\/v2\/product\/4815","targetHints":{"allow":["GET"]}}],"collection":[{"href":"https:\/\/repechage.ideadivisions.dev\/cs\/wp-json\/wp\/v2\/product"}],"about":[{"href":"https:\/\/repechage.ideadivisions.dev\/cs\/wp-json\/wp\/v2\/types\/product"}],"replies":[{"embeddable":true,"href":"https:\/\/repechage.ideadivisions.dev\/cs\/wp-json\/wp\/v2\/comments?post=4815"}],"wp:featuredmedia":[{"embeddable":true,"href":"https:\/\/repechage.ideadivisions.dev\/cs\/wp-json\/wp\/v2\/media\/3427"}],"wp:attachment":[{"href":"https:\/\/repechage.ideadivisions.dev\/cs\/wp-json\/wp\/v2\/media?parent=4815"}],"wp:term":[{"taxonomy":"badge","embeddable":true,"href":"https:\/\/repechage.ideadivisions.dev\/cs\/wp-json\/wp\/v2\/badge?post=4815"},{"taxonomy":"product_brand","embeddable":true,"href":"https:\/\/repechage.ideadivisions.dev\/cs\/wp-json\/wp\/v2\/product_brand?post=4815"},{"taxonomy":"product_cat","embeddable":true,"href":"https:\/\/repechage.ideadivisions.dev\/cs\/wp-json\/wp\/v2\/product_cat?post=4815"},{"taxonomy":"product_tag","embeddable":true,"href":"https:\/\/repechage.ideadivisions.dev\/cs\/wp-json\/wp\/v2\/product_tag?post=4815"}],"curies":[{"name":"wp","href":"https:\/\/api.w.org\/{rel}","templated":true}]}}