{"id":4816,"date":"2023-05-24T09:08:57","date_gmt":"2023-05-24T07:08:57","guid":{"rendered":"https:\/\/repechage.ideadivisions.dev\/?post_type=product&#038;p=4816"},"modified":"2025-05-12T17:52:56","modified_gmt":"2025-05-12T15:52:56","slug":"biolight-cestovni-baleni-produktu","status":"publish","type":"product","link":"https:\/\/repechage.ideadivisions.dev\/cs\/produkt\/biolight-cestovni-baleni-produktu\/","title":{"rendered":"Biolight\u00ae cestovn\u00ed balen\u00ed"},"content":{"rendered":"<p>CO JE TO?<br \/>\nTento set obsahuje n\u00e1\u0161 exkluzivn\u00ed komplex Laminaria, jako\u017e i nejpokro\u010dilej\u0161\u00ed rozjas\u0148uj\u00edc\u00ed slo\u017eky v\u010detn\u011b l\u00e9ko\u0159ice, pupe\u010dn\u00edku asijsk\u00e9ho, peptid\u016f, vrbov\u00e9 k\u016fry a kyseliny diglukozylgalov\u00e9 (DGA), kter\u00e9 pom\u00e1haj\u00ed odhalit z\u00e1\u0159iv\u011bj\u0161\u00ed a mladistv\u011bj\u0161\u00ed ple\u0165.<\/p>\n<p>PRO KOHO?<br \/>\nPro ple\u0165 s nerovnom\u011brnou pigmentac\u00ed, ale tak\u00e9 pro ple\u0165, kter\u00e9 postr\u00e1d\u00e1 z\u00e1\u0159ivost a jas. Balen\u00ed je vhodn\u00e9 na cesty, ale tak\u00e9 pro klienty, kte\u0159\u00ed si cht\u011bj\u00ed vyzkou\u0161et v\u00edce produkt\u016f z Biolight\u00ae p\u0159edt\u00edm, ne\u017e se rozhodnou koupit si pln\u00e9 velikosti.<\/p>\n<p>O PRODUKTECH<br \/>\nBiolight\u00ae Rozjas\u0148uj\u00edc\u00ed ple\u0165ov\u00e9 ml\u00e9ko<br \/>\nV\u00e1\u0161 prvn\u00ed krok k jasn\u011bj\u0161\u00edmu a z\u00e1\u0159iv\u011bj\u0161\u00edmu vzhledu pleti, formulovan\u00fd s na\u0161\u00edm exkluzivn\u00edm komplexem Laminaria s pomeran\u010dovou vodou, vrbovou k\u016frou, pupe\u010dn\u00edkem asijsk\u00fdm a v\u00fdta\u017eky z l\u00e9ko\u0159ice, abyste odhalili z\u00e1\u0159iv\u011bji vypadaj\u00edc\u00ed ple\u0165. Extrakt z kv\u011btu sedmikr\u00e1sky pom\u00e1h\u00e1 redukovat nerovnom\u011brn\u00fd t\u00f3n pleti a hyperpigmentaci.<br \/>\nZp\u016fsob pou\u017eit\u00ed: Naneste na vlhkou poko\u017eku a mas\u00edrujte obli\u010dej i krk. N\u00e1sledn\u011b ple\u0165 opl\u00e1chn\u011bte vla\u017enou vodou a dotonizujte pomoc\u00ed Biolight\u00ae Rozjas\u0148uj\u00edc\u00ed mlha. Pou\u017e\u00edvejte 2x denn\u011b: r\u00e1no a ve\u010der.<\/p>\n<p>Rozjas\u0148uj\u00edc\u00ed mlha Biolight\u00ae<br \/>\nTato lehk\u00e1 sprejov\u00e1 mlha zjem\u0148uje, osv\u011b\u017euje a rozjas\u0148uje vzhled poko\u017eky. N\u00e1\u0161 exkluzivn\u00ed komplex mo\u0159sk\u00fdch \u0159as Laminaria Digitata v kombinaci s v\u00fdta\u017eky z vrbov\u00e9 k\u016fry, l\u00e9ko\u0159ice a pupe\u010dn\u00edku asijsk\u00e9ho pom\u00e1h\u00e1 poko\u017ece vypadat z\u00e1\u0159iv\u011bji a jasn\u011bji, proto\u017ee pom\u00e1h\u00e1 sni\u017eovat v\u00fdskyt nerovnom\u011brn\u00e9ho t\u00f3nu pleti a hyperpigmentace.<br \/>\nZp\u016fsob pou\u017eit\u00ed: Po o\u010di\u0161t\u011bn\u00ed poko\u017eky ple\u0165ov\u00fdm ml\u00e9kem, nast\u0159\u00edkejte na ple\u0165 rozjas\u0148uj\u00edc\u00ed mlhu, p\u0159i\u010dem\u017e o\u010di m\u011bjte zav\u0159en\u00e9. N\u00e1sledn\u011b naneste s\u00e9rum Biolight\u00ae Rozjas\u0148uj\u00edc\u00ed s\u00e9rum. Pou\u017e\u00edvejte dvakr\u00e1t denn\u011b nebo kdykoli b\u011bhem dne k osv\u011b\u017een\u00ed pleti, klidn\u011b i na make-up.<\/p>\n<p>Biolight\u00ae Rozjas\u0148uj\u00edc\u00ed s\u00e9rum<br \/>\nToto s\u00e9rum testov\u00e1no dermatologicky obsahuje diglukozylovou kyselinu galovou, komplex Laminaria, hyaluron\u00e1t sodn\u00fd, vrbovou k\u016fru, pupe\u010dn\u00edk asijsk\u00fd a v\u00fdta\u017eky z l\u00e9ko\u0159ice, kter\u00e9 pom\u00e1haj\u00ed rozjasnit a sjednotit vzhled pleti.<br \/>\nZp\u016fsob pou\u017eit\u00ed: Po o\u010di\u0161t\u011bn\u00ed. Pou\u017e\u00edvejte 2x denn\u011b: r\u00e1no a ve\u010der.<\/p>\n<p>Biolight\u00ae Rozjas\u0148uj\u00edc\u00ed denn\u00ed kr\u00e9m<br \/>\nTento v\u00edce\u00fa\u010delov\u00fd denn\u00ed kr\u00e9m pom\u00e1h\u00e1 odhalit z\u00e1\u0159iv\u011bj\u0161\u00ed ple\u0165, hydratuje s v\u00fdta\u017eky z mo\u0159sk\u00fdch \u0159as a kyselinou hyaluronovou a pom\u00e1h\u00e1 redukovat v\u00fdskyt jemn\u00fdch vr\u00e1sek pomoc\u00ed t\u0159\u00ed peptid\u016f.<br \/>\nZp\u016fsob pou\u017eit\u00ed: Po rann\u00edm o\u010di\u0161t\u011bn\u00ed a tonizaci pleti naneste rovnom\u011brn\u011b. Je vhodn\u00fd tak\u00e9 jako podklad pod make-up.<\/p>\n<p>Biolight\u00ae Rozjas\u0148uj\u00edc\u00ed no\u010dn\u00ed kr\u00e9m<br \/>\nNo\u010dn\u00ed kr\u00e9m nabit\u00fd energi\u00ed kombinuje t\u0159i peptidy, kter\u00e9 pom\u00e1haj\u00ed podporovat vzhled rovnom\u011brn\u00e9ho t\u00f3nu pleti. N\u00e1\u0161 exkluzivn\u00ed komplex Laminaria obsahuje dv\u011b vybran\u00e9 mo\u0159sk\u00e9 \u0159asy v kombinaci s k\u016frou vrby, hyaluron\u00e1tem sodn\u00fdm, diglukozylovou kyselinou galovou, pupe\u010dn\u00edkem asijsk\u00fdm a v\u00fdta\u017eky z l\u00e9ko\u0159ice, kter\u00e9 pom\u00e1haj\u00ed odhalit z\u00e1\u0159iv\u011bj\u0161\u00ed ple\u0165.<br \/>\nZp\u016fsob pou\u017eit\u00ed: Po ve\u010dern\u00edm o\u010di\u0161t\u011bn\u00ed pleti dekolt sm\u011brem zdola nahoru a do stran.<\/p>\n","protected":false},"excerpt":{"rendered":"<p>Praktick\u00e9 cestovn\u00ed balen\u00ed p\u011bti produkt\u016f \u0159ady BIOLIGHT\u00ae<\/p>\n<p>&#8211; Biolight\u00ae Brightening Cleanser: 30 ml<br \/>\n&#8211; Biolight\u00ae Brightening Toner: 30 ml<br \/>\n&#8211; Biolight\u00ae Brightening Serum: 10 ml<br \/>\n&#8211; Biolight\u00ae Brightening Day Cream: 15 ml<br \/>\n&#8211; Biolight\u00ae Brightening Overnight Cream: 15 ml<\/p>\n","protected":false},"featured_media":7077,"comment_status":"open","ping_status":"closed","template":"","meta":{"_acf_changed":false},"badge":[],"product_brand":[],"product_cat":[337,247,265,258],"product_tag":[],"class_list":{"0":"post-4816","1":"product","2":"type-product","3":"status-publish","4":"has-post-thumbnail","6":"product_cat-akce","7":"product_cat-biolight-cs","8":"product_cat-darkove-poukazy-a-balicky","9":"product_cat-unavena-a-pigmentovana-plet-cs","11":"first","12":"instock","13":"taxable","14":"shipping-taxable","15":"purchasable","16":"product-type-simple"},"acf":[],"_links":{"self":[{"href":"https:\/\/repechage.ideadivisions.dev\/cs\/wp-json\/wp\/v2\/product\/4816","targetHints":{"allow":["GET"]}}],"collection":[{"href":"https:\/\/repechage.ideadivisions.dev\/cs\/wp-json\/wp\/v2\/product"}],"about":[{"href":"https:\/\/repechage.ideadivisions.dev\/cs\/wp-json\/wp\/v2\/types\/product"}],"replies":[{"embeddable":true,"href":"https:\/\/repechage.ideadivisions.dev\/cs\/wp-json\/wp\/v2\/comments?post=4816"}],"wp:featuredmedia":[{"embeddable":true,"href":"https:\/\/repechage.ideadivisions.dev\/cs\/wp-json\/wp\/v2\/media\/7077"}],"wp:attachment":[{"href":"https:\/\/repechage.ideadivisions.dev\/cs\/wp-json\/wp\/v2\/media?parent=4816"}],"wp:term":[{"taxonomy":"badge","embeddable":true,"href":"https:\/\/repechage.ideadivisions.dev\/cs\/wp-json\/wp\/v2\/badge?post=4816"},{"taxonomy":"product_brand","embeddable":true,"href":"https:\/\/repechage.ideadivisions.dev\/cs\/wp-json\/wp\/v2\/product_brand?post=4816"},{"taxonomy":"product_cat","embeddable":true,"href":"https:\/\/repechage.ideadivisions.dev\/cs\/wp-json\/wp\/v2\/product_cat?post=4816"},{"taxonomy":"product_tag","embeddable":true,"href":"https:\/\/repechage.ideadivisions.dev\/cs\/wp-json\/wp\/v2\/product_tag?post=4816"}],"curies":[{"name":"wp","href":"https:\/\/api.w.org\/{rel}","templated":true}]}}