{"id":4819,"date":"2023-05-24T09:08:57","date_gmt":"2023-05-24T07:08:57","guid":{"rendered":"https:\/\/repechage.ideadivisions.dev\/?post_type=product&#038;p=4819"},"modified":"2025-01-07T08:48:55","modified_gmt":"2025-01-07T07:48:55","slug":"perfect-skin-lesk-na-rty-pink-champagne","status":"publish","type":"product","link":"https:\/\/repechage.ideadivisions.dev\/cs\/produkt\/perfect-skin-lesk-na-rty-pink-champagne\/","title":{"rendered":"Perfect Skin lesk na rty | Pink Champagne"},"content":{"rendered":"<p>CO JE TO?<br \/>\nLesk na rty s jedine\u010dnou recepturou s v\u00fdta\u017eky z mo\u0159sk\u00fdch \u0159as, bambuck\u00fdm m\u00e1slem a olejem z mahagonu dod\u00e1v\u00e1 p\u016fvabnou, m\u00f3dn\u00ed barvu a z\u00e1rove\u0148 pom\u00e1h\u00e1, aby rty byly jemn\u011bj\u0161\u00ed a hlad\u0161\u00ed.<\/p>\n<p>POU\u017dIT\u00cd<br \/>\nNaneste na rty samostatn\u011b nebo jako vrchn\u00ed vrstvu na rt\u011bnku.<\/p>\n","protected":false},"excerpt":{"rendered":"<p>M\u00f3dn\u00ed lesk na rty.<\/p>\n<p>&#8211; Rty zjem\u0148uje a hydratuje<br \/>\n&#8211; P\u0159\u00edjemn\u00e1 konzistence<br \/>\n&#8211; Dostupn\u00fd ve 4 odst\u00ednech<\/p>\n","protected":false},"featured_media":3438,"comment_status":"open","ping_status":"closed","template":"","meta":{"_acf_changed":false},"badge":[],"product_brand":[],"product_cat":[268,252],"product_tag":[],"class_list":{"0":"post-4819","1":"product","2":"type-product","3":"status-publish","4":"has-post-thumbnail","6":"product_cat-dekorativni-kosmetika","7":"product_cat-perfect-skin-dekorativni-kosmetika","8":"pa_objem-velkost-6-g-cs","10":"first","11":"onbackorder","12":"taxable","13":"shipping-taxable","14":"purchasable","15":"product-type-simple"},"acf":[],"_links":{"self":[{"href":"https:\/\/repechage.ideadivisions.dev\/cs\/wp-json\/wp\/v2\/product\/4819","targetHints":{"allow":["GET"]}}],"collection":[{"href":"https:\/\/repechage.ideadivisions.dev\/cs\/wp-json\/wp\/v2\/product"}],"about":[{"href":"https:\/\/repechage.ideadivisions.dev\/cs\/wp-json\/wp\/v2\/types\/product"}],"replies":[{"embeddable":true,"href":"https:\/\/repechage.ideadivisions.dev\/cs\/wp-json\/wp\/v2\/comments?post=4819"}],"wp:featuredmedia":[{"embeddable":true,"href":"https:\/\/repechage.ideadivisions.dev\/cs\/wp-json\/wp\/v2\/media\/3438"}],"wp:attachment":[{"href":"https:\/\/repechage.ideadivisions.dev\/cs\/wp-json\/wp\/v2\/media?parent=4819"}],"wp:term":[{"taxonomy":"badge","embeddable":true,"href":"https:\/\/repechage.ideadivisions.dev\/cs\/wp-json\/wp\/v2\/badge?post=4819"},{"taxonomy":"product_brand","embeddable":true,"href":"https:\/\/repechage.ideadivisions.dev\/cs\/wp-json\/wp\/v2\/product_brand?post=4819"},{"taxonomy":"product_cat","embeddable":true,"href":"https:\/\/repechage.ideadivisions.dev\/cs\/wp-json\/wp\/v2\/product_cat?post=4819"},{"taxonomy":"product_tag","embeddable":true,"href":"https:\/\/repechage.ideadivisions.dev\/cs\/wp-json\/wp\/v2\/product_tag?post=4819"}],"curies":[{"name":"wp","href":"https:\/\/api.w.org\/{rel}","templated":true}]}}