{"id":4821,"date":"2023-05-24T09:08:57","date_gmt":"2023-05-24T07:08:57","guid":{"rendered":"https:\/\/repechage.ideadivisions.dev\/?post_type=product&#038;p=4821"},"modified":"2025-04-28T21:42:33","modified_gmt":"2025-04-28T19:42:33","slug":"red-out-serum-2","status":"publish","type":"product","link":"https:\/\/repechage.ideadivisions.dev\/cs\/produkt\/red-out-serum-2\/","title":{"rendered":"Red-Out\u00ae s\u00e9rum"},"content":{"rendered":"<p>CO JE TO?<br \/>\nToto lehk\u00e9 s\u00e9rum Red-Out\u00ae kombinuje udr\u017eiteln\u011b sklizen\u00e9 mo\u0159sk\u00e9 \u0159asy Laminaria Digitata a st\u0159\u00edbro s dal\u0161\u00edmi p\u0159\u00edrodn\u00edmi slo\u017ekami, kter\u00e9 pom\u00e1haj\u00ed hydratovat a do\u010dasn\u011b redukovat v\u00fdskyt zarudnut\u00ed a suchosti pleti.<\/p>\n<p>PRO KOHO?<br \/>\nPro ple\u0165 zarudlou, citlivou, ekzematickou<\/p>\n<p>POU\u017dIT\u00cd<br \/>\nPo odl\u00ed\u010den\u00ed a tonizaci pleti naneste rovnom\u011brn\u011b na celou ple\u0165 a nechte vst\u0159ebat. N\u00e1sledn\u011b pou\u017eijte kr\u00e9m podle typu pleti.<\/p>\n<p>FREKVENCE<br \/>\nPou\u017e\u00edvejte 2x denn\u011b: r\u00e1no a ve\u010der.<\/p>\n","protected":false},"excerpt":{"rendered":"<p>Zklid\u0148uj\u00edc\u00ed s\u00e9rum na zarudlou, podr\u00e1\u017ed\u011bnou ple\u0165<\/p>\n<p>&#8211; Lehk\u00e1, rychle vst\u0159ebateln\u00e1 konzistence<br \/>\n&#8211; Sjednocuje a hydratuje poko\u017eku<br \/>\n&#8211; Ide\u00e1ln\u00ed pro citlivou ple\u0165<\/p>\n","protected":false},"featured_media":6609,"comment_status":"open","ping_status":"closed","template":"","meta":{"_acf_changed":false},"badge":[],"product_brand":[],"product_cat":[262,248,267],"product_tag":[],"class_list":{"0":"post-4821","1":"product","2":"type-product","3":"status-publish","4":"has-post-thumbnail","6":"product_cat-citliva-plet-cs","7":"product_cat-hydra-4-red-out-cs","8":"product_cat-kremy-a-sera-cs","9":"pa_objem-velkost-30-ml-cs","11":"first","12":"instock","13":"taxable","14":"shipping-taxable","15":"purchasable","16":"product-type-simple"},"acf":[],"_links":{"self":[{"href":"https:\/\/repechage.ideadivisions.dev\/cs\/wp-json\/wp\/v2\/product\/4821","targetHints":{"allow":["GET"]}}],"collection":[{"href":"https:\/\/repechage.ideadivisions.dev\/cs\/wp-json\/wp\/v2\/product"}],"about":[{"href":"https:\/\/repechage.ideadivisions.dev\/cs\/wp-json\/wp\/v2\/types\/product"}],"replies":[{"embeddable":true,"href":"https:\/\/repechage.ideadivisions.dev\/cs\/wp-json\/wp\/v2\/comments?post=4821"}],"wp:featuredmedia":[{"embeddable":true,"href":"https:\/\/repechage.ideadivisions.dev\/cs\/wp-json\/wp\/v2\/media\/6609"}],"wp:attachment":[{"href":"https:\/\/repechage.ideadivisions.dev\/cs\/wp-json\/wp\/v2\/media?parent=4821"}],"wp:term":[{"taxonomy":"badge","embeddable":true,"href":"https:\/\/repechage.ideadivisions.dev\/cs\/wp-json\/wp\/v2\/badge?post=4821"},{"taxonomy":"product_brand","embeddable":true,"href":"https:\/\/repechage.ideadivisions.dev\/cs\/wp-json\/wp\/v2\/product_brand?post=4821"},{"taxonomy":"product_cat","embeddable":true,"href":"https:\/\/repechage.ideadivisions.dev\/cs\/wp-json\/wp\/v2\/product_cat?post=4821"},{"taxonomy":"product_tag","embeddable":true,"href":"https:\/\/repechage.ideadivisions.dev\/cs\/wp-json\/wp\/v2\/product_tag?post=4821"}],"curies":[{"name":"wp","href":"https:\/\/api.w.org\/{rel}","templated":true}]}}