{"id":4822,"date":"2023-05-24T09:08:57","date_gmt":"2023-05-24T07:08:57","guid":{"rendered":"https:\/\/repechage.ideadivisions.dev\/?post_type=product&#038;p=4822"},"modified":"2025-06-11T13:25:42","modified_gmt":"2025-06-11T11:25:42","slug":"c-serum-serum-z-filtratu-morskych-ras","status":"publish","type":"product","link":"https:\/\/repechage.ideadivisions.dev\/cs\/produkt\/c-serum-serum-z-filtratu-morskych-ras\/","title":{"rendered":"C-Serum\u00ae s\u00e9rum z filtr\u00e1tu mo\u0159sk\u00fdch \u0159as"},"content":{"rendered":"<p>CO JE TO?<br \/>\nNa\u0161e prvot\u0159\u00eddn\u00ed lehk\u00e9, bezolejov\u00e9 s\u00e9rum na obli\u010dej pro v\u0161echny typy pleti je intenzivn\u00edm koncentr\u00e1tem na\u0161eho exkluzivn\u00edho, na \u017eiviny bohat\u00e9ho, udr\u017eiteln\u011b sb\u00edran\u00e9ho extraktu z mo\u0159sk\u00fdch \u0159as Laminaria Digitata, kter\u00fd pom\u00e1h\u00e1 sni\u017eovat v\u00fdskyt jemn\u00fdch linek a vr\u00e1sek a pom\u00e1h\u00e1 vlhkosti pleti.<\/p>\n<p>Tento produkt, kter\u00fd z\u00edskal od sv\u00e9ho uveden\u00ed na trh p\u0159ed t\u00e9m\u011b\u0159 40 lety n\u011bkolik ocen\u011bn\u00ed, je profesion\u00e1ln\u011b formulov\u00e1n jako prvn\u00ed vrstva ikonick\u00e9 Rep\u00eachage\u00ae Four-Layer Facial\u00ae.<\/p>\n<p>PRO KOHO?<br \/>\nJe ide\u00e1ln\u00ed pro ka\u017ed\u00fd typ pleti. Ka\u017ed\u00e1 ple\u0165 m\u016f\u017ee dos\u00e1hnout jemn\u011bj\u0161\u00ed, hlad\u0161\u00ed a vy\u017eiven\u011bj\u0161\u00ed ple\u0165.<\/p>\n<p>DOB\u0158E V\u011aD\u011aT<br \/>\nVegansk\u00fd produkt, kter\u00fd je bez krutosti, bez parfemace, bez paraben\u016f a ide\u00e1ln\u00ed pro ka\u017ed\u00e9ho<\/p>\n<p>POU\u017dIT\u00cd<br \/>\nPo o\u010di\u0161t\u011bn\u00ed a dotonizov\u00e1n\u00ed pleti naneste rovnom\u011brn\u011b na obli\u010dej, krk a dekolt. Pou\u017e\u00edvat jej m\u016f\u017eete bu\u010f samostatn\u011b, nebo pod hydrata\u010dn\u00ed kr\u00e9m pro extra zv\u00fd\u0161en\u00ed hydratace.<\/p>\n<p>FREKVENCE<br \/>\nPou\u017e\u00edvejte 2x denn\u011b: r\u00e1no a ve\u010der<\/p>\n","protected":false},"excerpt":{"rendered":"<p>CYTO &#8211; S\u00c9RUM bohat\u00e9 na vitam\u00edny a miner\u00e1ly pro dokonalou ple\u0165<\/p>\n<p>&#8211; Vysoce koncentrovan\u00fd extrakt z \u0159as<br \/>\n&#8211; Lehk\u00e1, tekut\u00e1, rychle vst\u0159ebateln\u00e1 konzistence<br \/>\n&#8211; Pro v\u0161echny typy pleti<\/p>\n","protected":false},"featured_media":3449,"comment_status":"open","ping_status":"closed","template":"","meta":{"_acf_changed":false},"badge":[],"product_brand":[],"product_cat":[249,267,261,259],"product_tag":[],"class_list":{"0":"post-4822","1":"product","2":"type-product","3":"status-publish","4":"has-post-thumbnail","6":"product_cat-hydra-blue-cs","7":"product_cat-kremy-a-sera-cs","8":"product_cat-sucha-a-poskozena-plet","9":"product_cat-zrala-plet","10":"pa_objem-velkost-50-ml-cs","12":"first","13":"instock","14":"taxable","15":"shipping-taxable","16":"purchasable","17":"product-type-simple"},"acf":[],"_links":{"self":[{"href":"https:\/\/repechage.ideadivisions.dev\/cs\/wp-json\/wp\/v2\/product\/4822","targetHints":{"allow":["GET"]}}],"collection":[{"href":"https:\/\/repechage.ideadivisions.dev\/cs\/wp-json\/wp\/v2\/product"}],"about":[{"href":"https:\/\/repechage.ideadivisions.dev\/cs\/wp-json\/wp\/v2\/types\/product"}],"replies":[{"embeddable":true,"href":"https:\/\/repechage.ideadivisions.dev\/cs\/wp-json\/wp\/v2\/comments?post=4822"}],"wp:featuredmedia":[{"embeddable":true,"href":"https:\/\/repechage.ideadivisions.dev\/cs\/wp-json\/wp\/v2\/media\/3449"}],"wp:attachment":[{"href":"https:\/\/repechage.ideadivisions.dev\/cs\/wp-json\/wp\/v2\/media?parent=4822"}],"wp:term":[{"taxonomy":"badge","embeddable":true,"href":"https:\/\/repechage.ideadivisions.dev\/cs\/wp-json\/wp\/v2\/badge?post=4822"},{"taxonomy":"product_brand","embeddable":true,"href":"https:\/\/repechage.ideadivisions.dev\/cs\/wp-json\/wp\/v2\/product_brand?post=4822"},{"taxonomy":"product_cat","embeddable":true,"href":"https:\/\/repechage.ideadivisions.dev\/cs\/wp-json\/wp\/v2\/product_cat?post=4822"},{"taxonomy":"product_tag","embeddable":true,"href":"https:\/\/repechage.ideadivisions.dev\/cs\/wp-json\/wp\/v2\/product_tag?post=4822"}],"curies":[{"name":"wp","href":"https:\/\/api.w.org\/{rel}","templated":true}]}}