{"id":4823,"date":"2023-05-24T09:08:57","date_gmt":"2023-05-24T07:08:57","guid":{"rendered":"https:\/\/repechage.ideadivisions.dev\/?post_type=product&#038;p=4823"},"modified":"2025-04-26T11:35:46","modified_gmt":"2025-04-26T09:35:46","slug":"esencialni-olej-z-morskych-ras","status":"publish","type":"product","link":"https:\/\/repechage.ideadivisions.dev\/cs\/produkt\/esencialni-olej-z-morskych-ras\/","title":{"rendered":"Esenci\u00e1ln\u00ed olej z mo\u0159sk\u00fdch \u0159as"},"content":{"rendered":"<p>CO JE TO?<br \/>\nTento esenci\u00e1ln\u00ed olej je vyroben z extraktu z mo\u0159sk\u00fdch \u0159as Laminaria Saccharina, bohat\u00e9ho na vitam\u00edny, miner\u00e1ly, stopov\u00e9 prvky a aminokyseliny. V kombinaci s \u010dist\u00fdm vitam\u00ednem E poskytuje tento koncentr\u00e1t silnou antioxida\u010dn\u00ed podporu a z\u00e1rove\u0148 dod\u00e1v\u00e1 poko\u017ece extra d\u00e1vku hydratace, ale nikdy ple\u0165 nezanech\u00e1v\u00e1 mastnou ani neucp\u00e1v\u00e1 p\u00f3ry.<\/p>\n<p>DOB\u0158E V\u011aD\u011aT<br \/>\nBez paraben\u016f, netestov\u00e1no na zv\u00ed\u0159atech.<\/p>\n<p>POU\u017dIT\u00cd<br \/>\nNaneste n\u011bkolik kapek (v\u011bt\u0161inou sta\u010d\u00ed 2-3 kapky) p\u0159\u00edmo na poko\u017eku a vmas\u00edrujte. M\u016f\u017ee se tak\u00e9 p\u0159idat do kr\u00e9m\u016f, nebo s\u00e9r pro dodate\u010dnou hydrataci, zjemn\u011bn\u00ed a nabuzen\u00ed pleti.<\/p>\n<p>TIP<br \/>\nD\u00edky sv\u00fdm hydrata\u010dn\u00edm vlastnostem je tento olej skv\u011bl\u00fd jako o\u0161et\u0159en\u00ed p\u0159ed holen\u00edm, kter\u00e9 pom\u00e1h\u00e1 zm\u011bk\u010dit poko\u017eku a vytvo\u0159it hydrata\u010dn\u00ed bari\u00e9ru. Pou\u017eit\u00ed: naneste n\u011bkolik kapek pod\u00e9l linie vous\u016f a jemn\u011b vmas\u00edrujte.<\/p>\n<p>Vyzkou\u0161ejte pou\u017e\u00edt esenci\u00e1ln\u00ed olej z mo\u0159sk\u00fdch \u0159as i na k\u016f\u017ei\u010dku kolem neht\u016f. Dod\u00e1 jim v\u00fd\u017eivu a hydrataci.<\/p>\n","protected":false},"excerpt":{"rendered":"<p>Koncentr\u00e1t extraktu z mo\u0159sk\u00fdch \u0159as a vitam\u00ednu E ve form\u011b lehk\u00e9ho oleje.<\/p>\n<p>&#8211; Extra d\u00e1vka hydratace a zjemn\u011bn\u00ed<br \/>\n&#8211; Vhodn\u00fd pro v\u0161echny typy pleti<br \/>\n&#8211; Neucp\u00e1v\u00e1 p\u00f3ry<\/p>\n","protected":false},"featured_media":3763,"comment_status":"open","ping_status":"closed","template":"","meta":{"_acf_changed":false},"badge":[],"product_brand":[],"product_cat":[249,267,261,259],"product_tag":[],"class_list":{"0":"post-4823","1":"product","2":"type-product","3":"status-publish","4":"has-post-thumbnail","6":"product_cat-hydra-blue-cs","7":"product_cat-kremy-a-sera-cs","8":"product_cat-sucha-a-poskozena-plet","9":"product_cat-zrala-plet","10":"pa_objem-velkost-10-ml-cs","12":"first","13":"instock","14":"taxable","15":"shipping-taxable","16":"purchasable","17":"product-type-simple"},"acf":[],"_links":{"self":[{"href":"https:\/\/repechage.ideadivisions.dev\/cs\/wp-json\/wp\/v2\/product\/4823","targetHints":{"allow":["GET"]}}],"collection":[{"href":"https:\/\/repechage.ideadivisions.dev\/cs\/wp-json\/wp\/v2\/product"}],"about":[{"href":"https:\/\/repechage.ideadivisions.dev\/cs\/wp-json\/wp\/v2\/types\/product"}],"replies":[{"embeddable":true,"href":"https:\/\/repechage.ideadivisions.dev\/cs\/wp-json\/wp\/v2\/comments?post=4823"}],"wp:featuredmedia":[{"embeddable":true,"href":"https:\/\/repechage.ideadivisions.dev\/cs\/wp-json\/wp\/v2\/media\/3763"}],"wp:attachment":[{"href":"https:\/\/repechage.ideadivisions.dev\/cs\/wp-json\/wp\/v2\/media?parent=4823"}],"wp:term":[{"taxonomy":"badge","embeddable":true,"href":"https:\/\/repechage.ideadivisions.dev\/cs\/wp-json\/wp\/v2\/badge?post=4823"},{"taxonomy":"product_brand","embeddable":true,"href":"https:\/\/repechage.ideadivisions.dev\/cs\/wp-json\/wp\/v2\/product_brand?post=4823"},{"taxonomy":"product_cat","embeddable":true,"href":"https:\/\/repechage.ideadivisions.dev\/cs\/wp-json\/wp\/v2\/product_cat?post=4823"},{"taxonomy":"product_tag","embeddable":true,"href":"https:\/\/repechage.ideadivisions.dev\/cs\/wp-json\/wp\/v2\/product_tag?post=4823"}],"curies":[{"name":"wp","href":"https:\/\/api.w.org\/{rel}","templated":true}]}}