{"id":4824,"date":"2023-05-24T09:08:57","date_gmt":"2023-05-24T07:08:57","guid":{"rendered":"https:\/\/repechage.ideadivisions.dev\/?post_type=product&#038;p=4824"},"modified":"2025-02-04T12:16:34","modified_gmt":"2025-02-04T11:16:34","slug":"zklidnujici-ocni-tampony-s-morskymi-rasami-a-cajovym-extraktem","status":"publish","type":"product","link":"https:\/\/repechage.ideadivisions.dev\/cs\/produkt\/zklidnujici-ocni-tampony-s-morskymi-rasami-a-cajovym-extraktem\/","title":{"rendered":"Zklid\u0148uj\u00edc\u00ed o\u010dn\u00ed tampony s mo\u0159sk\u00fdmi \u0159asami a \u010dajov\u00fdm extraktem | 14 jednotliv\u011b balen\u00fdch p\u00e1r\u016f"},"content":{"rendered":"<p>CO TO JE?<br \/>\nTyto bavln\u011bn\u00e9, p\u0159edem nasycen\u00e9 pol\u0161t\u00e1\u0159ky jsou napu\u0161t\u011bny v\u00fdta\u017eky z mo\u0159sk\u00fdch \u0159as bohat\u00fdmi na \u017eiviny, okurkou, aloe, kofeinem a \u00fa\u010dinnou sm\u011bs\u00ed caesminu paraguaysk\u00e9ho, zelen\u00e9ho \u010daje a rooibosu bohatou na antioxidanty, kter\u00e1 pom\u00e1h\u00e1 o\u010d\u00edm vypadat a c\u00edtit se sv\u011b\u017ee.<\/p>\n<p>DOBR\u00c9 V\u011aD\u011aT<br \/>\nBez paraben\u016f<\/p>\n<p>Zklid\u0148uj\u00edc\u00ed tampony lze uchov\u00e1vat i v lednici, pokud pot\u0159ebujete maxim\u00e1ln\u00ed osv\u011b\u017een\u00ed.<\/p>\n<p>POU\u017dIT\u00cd<br \/>\nPo vy\u010di\u0161t\u011bn\u00ed jemn\u011b p\u0159ilo\u017ete tampony na o\u010dn\u00ed v\u00ed\u010dka a relaxujte 10 minut nebo je klidn\u011b nechte p\u016fsobit d\u00e9le. Odstra\u0148te je, vmas\u00edrujte p\u0159\u00edpadn\u00e9 zbytky a pou\u017eijte sv\u016fj obl\u00edben\u00fd p\u0159\u00edpravek na o\u0161et\u0159en\u00ed o\u010d\u00ed.<\/p>\n<p>Nepou\u017e\u00edvejte, pokud jsou o\u010di podr\u00e1\u017ed\u011bn\u00e9 nebo zan\u00edcen\u00e9.<\/p>\n<p>FREKVENCE<br \/>\nM\u016f\u017eete je pou\u017e\u00edvat kdykoli, ve dne i v noci, abyste osv\u011b\u017eili a obnovili o\u010dn\u00ed okol\u00ed. Jsou tak\u00e9 ide\u00e1ln\u00ed p\u0159i cestov\u00e1n\u00ed, po bezesn\u00e9 noci nebo p\u0159i rann\u00edch otoc\u00edch.<\/p>\n","protected":false},"excerpt":{"rendered":"<p>10-minutov\u00e1 dovolen\u00e1 pro o\u010di, to jsou Eye rescue pads od Rep\u00eachage\u00ae.<\/p>\n<p>&#8211; Pom\u00e1haj\u00ed zm\u00edr\u0148ovat zn\u00e1mky \u00fanavy<br \/>\n&#8211; Rozjas\u0148uj\u00ed a povzbuzuj\u00ed o\u010dn\u00ed okol\u00ed<br \/>\n&#8211; Vhodn\u00e9 pro v\u0161echny typy pleti<\/p>\n","protected":false},"featured_media":5771,"comment_status":"open","ping_status":"closed","template":"","meta":{"_acf_changed":false},"badge":[],"product_brand":[],"product_cat":[249,270,261],"product_tag":[],"class_list":{"0":"post-4824","1":"product","2":"type-product","3":"status-publish","4":"has-post-thumbnail","6":"product_cat-hydra-blue-cs","7":"product_cat-pece-o-ocni-okoli","8":"product_cat-sucha-a-poskozena-plet","9":"pa_objem-velkost-14-ks-cs","11":"first","12":"instock","13":"taxable","14":"shipping-taxable","15":"purchasable","16":"product-type-simple"},"acf":[],"_links":{"self":[{"href":"https:\/\/repechage.ideadivisions.dev\/cs\/wp-json\/wp\/v2\/product\/4824","targetHints":{"allow":["GET"]}}],"collection":[{"href":"https:\/\/repechage.ideadivisions.dev\/cs\/wp-json\/wp\/v2\/product"}],"about":[{"href":"https:\/\/repechage.ideadivisions.dev\/cs\/wp-json\/wp\/v2\/types\/product"}],"replies":[{"embeddable":true,"href":"https:\/\/repechage.ideadivisions.dev\/cs\/wp-json\/wp\/v2\/comments?post=4824"}],"wp:featuredmedia":[{"embeddable":true,"href":"https:\/\/repechage.ideadivisions.dev\/cs\/wp-json\/wp\/v2\/media\/5771"}],"wp:attachment":[{"href":"https:\/\/repechage.ideadivisions.dev\/cs\/wp-json\/wp\/v2\/media?parent=4824"}],"wp:term":[{"taxonomy":"badge","embeddable":true,"href":"https:\/\/repechage.ideadivisions.dev\/cs\/wp-json\/wp\/v2\/badge?post=4824"},{"taxonomy":"product_brand","embeddable":true,"href":"https:\/\/repechage.ideadivisions.dev\/cs\/wp-json\/wp\/v2\/product_brand?post=4824"},{"taxonomy":"product_cat","embeddable":true,"href":"https:\/\/repechage.ideadivisions.dev\/cs\/wp-json\/wp\/v2\/product_cat?post=4824"},{"taxonomy":"product_tag","embeddable":true,"href":"https:\/\/repechage.ideadivisions.dev\/cs\/wp-json\/wp\/v2\/product_tag?post=4824"}],"curies":[{"name":"wp","href":"https:\/\/api.w.org\/{rel}","templated":true}]}}