{"id":4826,"date":"2023-05-24T09:09:10","date_gmt":"2023-05-24T07:09:10","guid":{"rendered":"https:\/\/repechage.ideadivisions.dev\/?post_type=product&#038;p=4826"},"modified":"2025-02-04T11:34:37","modified_gmt":"2025-02-04T10:34:37","slug":"mineral-face-shield-ochranny-krem-2","status":"publish","type":"product","link":"https:\/\/repechage.ideadivisions.dev\/cs\/produkt\/mineral-face-shield-ochranny-krem-2\/","title":{"rendered":"Mineral Face Shield\u00ae ochrann\u00fd kr\u00e9m"},"content":{"rendered":"<p>CO JE TO?<br \/>\nTento jedine\u010dn\u00fd ochrann\u00fd kr\u00e9m se slo\u017een\u00edm na miner\u00e1ln\u00ed b\u00e1zi klou\u017ee po poko\u017ece a okam\u017eit\u011b vytv\u00e1\u0159\u00ed rovnom\u011brn\u00fd matn\u00fd povrch. M\u00e1 b\u00fdt posledn\u00edm krokem ve va\u0161\u00ed ka\u017edodenn\u00ed p\u00e9\u010di o ple\u0165 k ochran\u011b poko\u017eky p\u0159ed zne\u010di\u0161t\u011bn\u00edm, klimatick\u00fdmi zm\u011bnami a po\u0161kozen\u00edm voln\u00fdmi radik\u00e1ly. Mineral Face Shield\u00ae je p\u0159\u00edpravek \u0161etrn\u00fd k poko\u017ece a vhodn\u00fd i pro nejcitliv\u011bj\u0161\u00ed typy plet\u00ed.<\/p>\n<p>DOB\u0158E V\u011aD\u011aT<br \/>\nBez oleje, nekomedogenn\u00ed, bez v\u016fn\u011b, bez PABA, bez paraben\u016f, netestov\u00e1no na zv\u00ed\u0159atech<\/p>\n<p>POU\u017dIT\u00cd<br \/>\nKa\u017ed\u00e9 r\u00e1no naneste Mineral Face Shield\u00ae na hydrata\u010dn\u00ed kr\u00e9m nebo s\u00e9rum jako posledn\u00ed krok p\u00e9\u010de o ple\u0165 p\u0159ed nanesen\u00edm make-upu.<\/p>\n<p>FREKVENCE<br \/>\n1 x denn\u011b: r\u00e1no<\/p>\n","protected":false},"excerpt":{"rendered":"<p>Miner\u00e1ln\u00ed ochrann\u00fd kr\u00e9m pro v\u0161echny typy pleti<\/p>\n<p>&#8211; Ochrana p\u0159ed zne\u010di\u0161t\u011bn\u00edm, klimatick\u00fdmi zm\u011bnami, voln\u00fdmi radik\u00e1ly<br \/>\n&#8211; Ide\u00e1ln\u00ed jako podklad pod make-up<br \/>\n&#8211; Matuj\u00edc\u00ed, nekomedogenn\u00ed slo\u017een\u00ed<\/p>\n","protected":false},"featured_media":3456,"comment_status":"open","ping_status":"closed","template":"","meta":{"_acf_changed":false},"badge":[],"product_brand":[],"product_cat":[262,249,267,258,259],"product_tag":[],"class_list":{"0":"post-4826","1":"product","2":"type-product","3":"status-publish","4":"has-post-thumbnail","6":"product_cat-citliva-plet-cs","7":"product_cat-hydra-blue-cs","8":"product_cat-kremy-a-sera-cs","9":"product_cat-unavena-a-pigmentovana-plet-cs","10":"product_cat-zrala-plet","11":"pa_objem-velkost-60-ml-cs","13":"first","14":"instock","15":"taxable","16":"shipping-taxable","17":"purchasable","18":"product-type-simple"},"acf":[],"_links":{"self":[{"href":"https:\/\/repechage.ideadivisions.dev\/cs\/wp-json\/wp\/v2\/product\/4826","targetHints":{"allow":["GET"]}}],"collection":[{"href":"https:\/\/repechage.ideadivisions.dev\/cs\/wp-json\/wp\/v2\/product"}],"about":[{"href":"https:\/\/repechage.ideadivisions.dev\/cs\/wp-json\/wp\/v2\/types\/product"}],"replies":[{"embeddable":true,"href":"https:\/\/repechage.ideadivisions.dev\/cs\/wp-json\/wp\/v2\/comments?post=4826"}],"wp:featuredmedia":[{"embeddable":true,"href":"https:\/\/repechage.ideadivisions.dev\/cs\/wp-json\/wp\/v2\/media\/3456"}],"wp:attachment":[{"href":"https:\/\/repechage.ideadivisions.dev\/cs\/wp-json\/wp\/v2\/media?parent=4826"}],"wp:term":[{"taxonomy":"badge","embeddable":true,"href":"https:\/\/repechage.ideadivisions.dev\/cs\/wp-json\/wp\/v2\/badge?post=4826"},{"taxonomy":"product_brand","embeddable":true,"href":"https:\/\/repechage.ideadivisions.dev\/cs\/wp-json\/wp\/v2\/product_brand?post=4826"},{"taxonomy":"product_cat","embeddable":true,"href":"https:\/\/repechage.ideadivisions.dev\/cs\/wp-json\/wp\/v2\/product_cat?post=4826"},{"taxonomy":"product_tag","embeddable":true,"href":"https:\/\/repechage.ideadivisions.dev\/cs\/wp-json\/wp\/v2\/product_tag?post=4826"}],"curies":[{"name":"wp","href":"https:\/\/api.w.org\/{rel}","templated":true}]}}