{"id":4829,"date":"2023-05-24T09:09:10","date_gmt":"2023-05-24T07:09:10","guid":{"rendered":"https:\/\/repechage.ideadivisions.dev\/?post_type=product&#038;p=4829"},"modified":"2025-02-06T13:52:56","modified_gmt":"2025-02-06T12:52:56","slug":"hydra-amino-18-serum-na-suche-a-poskozene-vlasy-a-vlasovou-pokozku","status":"publish","type":"product","link":"https:\/\/repechage.ideadivisions.dev\/cs\/produkt\/hydra-amino-18-serum-na-suche-a-poskozene-vlasy-a-vlasovou-pokozku\/","title":{"rendered":"Hydra-Amino 18\u00ae s\u00e9rum pro such\u00e9 a po\u0161kozen\u00e9 vlasy a vlasovou poko\u017eku"},"content":{"rendered":"<p>CO JE TO?<br \/>\nVitam\u00ednov\u00fd vlasov\u00fd olej je va\u0161\u00edm nejlep\u0161\u00edm \u0159e\u0161en\u00edm, kter\u00e9 v\u00e1m pom\u016f\u017ee obnovit suchou, sv\u011bdivou poko\u017eku hlavy a z\u00e1rove\u0148 dod\u00e1 vlas\u016fm lesk, aby vlasy vypadaly viditeln\u011b obnoven\u00e9. Toto jedine\u010dn\u00e9 vlasov\u00e9 s\u00e9rum obsahuje exkluzivn\u00ed extrakt z mo\u0159sk\u00fdch \u0159as Laminaria Digitata, v\u00fd\u017eivn\u00e9 rostlinn\u00e9 oleje, jako je olej z marulov\u00fdch semen, jojobov\u00fd olej, kokosov\u00fd olej a sv\u011btlicov\u00fd olej, jako\u017e i antioxida\u010dn\u00ed vitam\u00edn E. P\u0159i aplikaci na vlasy zanech\u00e1v\u00e1 povrch hladk\u00fd a z\u00e1rove\u0148 pom\u00e1h\u00e1 chr\u00e1nit p\u0159ed dal\u0161\u00edm po\u0161kozen\u00edm.<\/p>\n<p>FREKVENCE<br \/>\nLze pou\u017e\u00edt 1x denn\u011b p\u0159ed tepeln\u00fdm stylingem<\/p>\n","protected":false},"excerpt":{"rendered":"<p>Vlasov\u00e9 s\u00e9rum na obnovu hloubkov\u00e9 vlhkosti, ani\u017e by zanech\u00e1valo vlasy mastn\u00e9 nebo t\u011b\u017ek\u00e9.<\/p>\n<p>&#8211; S\u00e9rum na vlasy a poko\u017eku hlavy<br \/>\n&#8211; Lehk\u00fd olej<br \/>\n&#8211; Pro v\u0161echny typy vlas\u016f<\/p>\n","protected":false},"featured_media":3462,"comment_status":"open","ping_status":"closed","template":"","meta":{"_acf_changed":false},"badge":[],"product_brand":[],"product_cat":[271,261],"product_tag":[],"class_list":{"0":"post-4829","1":"product","2":"type-product","3":"status-publish","4":"has-post-thumbnail","6":"product_cat-pece-o-telo","7":"product_cat-sucha-a-poskozena-plet","8":"pa_objem-velkost-90-ml-cs","10":"first","11":"instock","12":"taxable","13":"shipping-taxable","14":"purchasable","15":"product-type-simple"},"acf":[],"_links":{"self":[{"href":"https:\/\/repechage.ideadivisions.dev\/cs\/wp-json\/wp\/v2\/product\/4829","targetHints":{"allow":["GET"]}}],"collection":[{"href":"https:\/\/repechage.ideadivisions.dev\/cs\/wp-json\/wp\/v2\/product"}],"about":[{"href":"https:\/\/repechage.ideadivisions.dev\/cs\/wp-json\/wp\/v2\/types\/product"}],"replies":[{"embeddable":true,"href":"https:\/\/repechage.ideadivisions.dev\/cs\/wp-json\/wp\/v2\/comments?post=4829"}],"wp:featuredmedia":[{"embeddable":true,"href":"https:\/\/repechage.ideadivisions.dev\/cs\/wp-json\/wp\/v2\/media\/3462"}],"wp:attachment":[{"href":"https:\/\/repechage.ideadivisions.dev\/cs\/wp-json\/wp\/v2\/media?parent=4829"}],"wp:term":[{"taxonomy":"badge","embeddable":true,"href":"https:\/\/repechage.ideadivisions.dev\/cs\/wp-json\/wp\/v2\/badge?post=4829"},{"taxonomy":"product_brand","embeddable":true,"href":"https:\/\/repechage.ideadivisions.dev\/cs\/wp-json\/wp\/v2\/product_brand?post=4829"},{"taxonomy":"product_cat","embeddable":true,"href":"https:\/\/repechage.ideadivisions.dev\/cs\/wp-json\/wp\/v2\/product_cat?post=4829"},{"taxonomy":"product_tag","embeddable":true,"href":"https:\/\/repechage.ideadivisions.dev\/cs\/wp-json\/wp\/v2\/product_tag?post=4829"}],"curies":[{"name":"wp","href":"https:\/\/api.w.org\/{rel}","templated":true}]}}