{"id":4830,"date":"2023-05-24T09:09:10","date_gmt":"2023-05-24T07:09:10","guid":{"rendered":"https:\/\/repechage.ideadivisions.dev\/?post_type=product&#038;p=4830"},"modified":"2025-02-06T13:57:28","modified_gmt":"2025-02-06T12:57:28","slug":"mechanicky-piling-s-medem-a-mandlemi","status":"publish","type":"product","link":"https:\/\/repechage.ideadivisions.dev\/cs\/produkt\/mechanicky-piling-s-medem-a-mandlemi\/","title":{"rendered":"Mechanick\u00fd peeling s medem a mandlemi"},"content":{"rendered":"<p>CO JE TO?<br \/>\nTato koncentrovan\u00e1 receptura z \u010dist\u00e9ho medu, drcen\u00e9 mandlov\u00e9 mouky a ovesn\u00fdch vlo\u010dek jemn\u011b vyhlazuje poko\u017eku bez zanech\u00e1n\u00ed mikrotrhlin, proto\u017ee nikdy nepou\u017e\u00edv\u00e1me slupku z mandl\u00ed, ale jemn\u00e1 j\u00e1dra. Je p\u0159\u00edrodn\u011b aromatick\u00fd d\u00edky p\u0159\u00edtomnosti esenci\u00e1ln\u00edch olej\u016f, kter\u00e9 se nach\u00e1zej\u00ed v nektarech kv\u011btin, d\u00edky \u010demu\u017e tento p\u00edling na tv\u00e1\u0159 von\u00ed jako \u010derstv\u011b upe\u010den\u00e9 su\u0161enky z ovesn\u00fdch vlo\u010dek.<\/p>\n<p>Origin\u00e1ln\u00ed Rep\u00eachage\u00ae Honey &amp; Almond Scrub je kultovn\u00edm produktem ji\u017e t\u00e9m\u011b\u0159 40 let, p\u0159i\u010dem\u017e jemn\u011b odstra\u0148uje odum\u0159el\u00e9 bu\u0148ky a ne\u010distoty a odhaluje n\u00e1dhern\u011b z\u00e1\u0159ivou ple\u0165.<\/p>\n<p>PRO KOHO?<br \/>\nPro sm\u00ed\u0161enou a\u017e mastnou ple\u0165 nebo pro norm\u00e1ln\u00ed ple\u0165, pokud pot\u0159ebuje extra \u010di\u0161t\u011bn\u00ed.<\/p>\n<p>DOB\u0158E V\u011aD\u011aT<br \/>\nBez aditiv nebo um\u011bl\u00fdch barviv. Vzorec \u0161etrn\u00fd k poko\u017ece, kter\u00fd neobsahuje parabeny. Obsahuje j\u00e1dra z mandl\u00ed.<\/p>\n<p>POU\u017dIT\u00cd<br \/>\nP\u0159ed pou\u017eit\u00edm dob\u0159e prom\u00edchejte v\u0161echny slo\u017eky produktu. Na vy\u010di\u0161t\u011bnou ple\u0165 naneste navlh\u010den\u00fdmi kone\u010dky prst\u016f a jemn\u011b vmas\u00edrujte. Zvl\u00e1\u0161tn\u00ed pozornost by m\u011bla b\u00fdt v\u011bnov\u00e1na roz\u0161\u00ed\u0159en\u00fdm p\u00f3r\u016fm a oblastem s \u010dern\u00fdmi te\u010dkami. Nechte p\u016fsobit 10-15 minut jako hloubkov\u011b \u010dist\u00edc\u00ed masku nebo opl\u00e1chn\u011bte ve spr\u0161e pro rychl\u00e9 vyhlazen\u00ed a vy\u010di\u0161t\u011bn\u00ed poko\u017eky.<\/p>\n<p>TIP<br \/>\nProfesion\u00e1lov\u00e9 r\u00e1di m\u00edchaj\u00ed tento peeling s podm\u00e1sl\u00edm nebo b\u00edl\u00fdm jogurtem, aby z\u00edskali ml\u00e9\u010dnou texturu a p\u0159idali hydrata\u010dn\u00ed \u00fa\u010dinek kyseliny ml\u00e9\u010dn\u00e9. Pokud to tak\u00e9 chcete vyzkou\u0161et, sm\u00edchejte jednu \u010d\u00e1st peelingu s jogurtem nebo podm\u00e1sl\u00ed a prom\u00edchejte.<\/p>\n<p>FREKVENCE<br \/>\nPou\u017e\u00edvejte 2-3 kr\u00e1t t\u00fddn\u011b pro super \u010distou a z\u00e1\u0159ivou ple\u0165.<\/p>\n","protected":false},"excerpt":{"rendered":"<p>P\u0159\u00edrodn\u00ed p\u00edling pro sm\u00ed\u0161enou ple\u0165 s obsahem medu a mandl\u00ed.<\/p>\n<p>&#8211; Vyhlazen\u00ed, zjemn\u011bn\u00ed a rozjasn\u011bn\u00ed<br \/>\n&#8211; Hust\u00e1 pasta se zrn\u00ed\u010dky<br \/>\n&#8211; Mo\u017enost pou\u017e\u00edt i jako masku<\/p>\n","protected":false},"featured_media":3466,"comment_status":"open","ping_status":"closed","template":"","meta":{"_acf_changed":false},"badge":[],"product_brand":[],"product_cat":[269,257,254,259],"product_tag":[],"class_list":{"0":"post-4830","1":"product","2":"type-product","3":"status-publish","4":"has-post-thumbnail","6":"product_cat-masky-a-peelingy","7":"product_cat-smisena-az-mastna-plet-s-akne","8":"product_cat-t-zone-balance","9":"product_cat-zrala-plet","11":"first","12":"instock","13":"taxable","14":"shipping-taxable","15":"purchasable","16":"product-type-simple"},"acf":[],"_links":{"self":[{"href":"https:\/\/repechage.ideadivisions.dev\/cs\/wp-json\/wp\/v2\/product\/4830","targetHints":{"allow":["GET"]}}],"collection":[{"href":"https:\/\/repechage.ideadivisions.dev\/cs\/wp-json\/wp\/v2\/product"}],"about":[{"href":"https:\/\/repechage.ideadivisions.dev\/cs\/wp-json\/wp\/v2\/types\/product"}],"replies":[{"embeddable":true,"href":"https:\/\/repechage.ideadivisions.dev\/cs\/wp-json\/wp\/v2\/comments?post=4830"}],"wp:featuredmedia":[{"embeddable":true,"href":"https:\/\/repechage.ideadivisions.dev\/cs\/wp-json\/wp\/v2\/media\/3466"}],"wp:attachment":[{"href":"https:\/\/repechage.ideadivisions.dev\/cs\/wp-json\/wp\/v2\/media?parent=4830"}],"wp:term":[{"taxonomy":"badge","embeddable":true,"href":"https:\/\/repechage.ideadivisions.dev\/cs\/wp-json\/wp\/v2\/badge?post=4830"},{"taxonomy":"product_brand","embeddable":true,"href":"https:\/\/repechage.ideadivisions.dev\/cs\/wp-json\/wp\/v2\/product_brand?post=4830"},{"taxonomy":"product_cat","embeddable":true,"href":"https:\/\/repechage.ideadivisions.dev\/cs\/wp-json\/wp\/v2\/product_cat?post=4830"},{"taxonomy":"product_tag","embeddable":true,"href":"https:\/\/repechage.ideadivisions.dev\/cs\/wp-json\/wp\/v2\/product_tag?post=4830"}],"curies":[{"name":"wp","href":"https:\/\/api.w.org\/{rel}","templated":true}]}}