{"id":4831,"date":"2023-05-24T09:09:10","date_gmt":"2023-05-24T07:09:10","guid":{"rendered":"https:\/\/repechage.ideadivisions.dev\/?post_type=product&#038;p=4831"},"modified":"2025-02-04T12:02:45","modified_gmt":"2025-02-04T11:02:45","slug":"hydra-4-cistici-krem-hydra-4","status":"publish","type":"product","link":"https:\/\/repechage.ideadivisions.dev\/cs\/produkt\/hydra-4-cistici-krem-hydra-4\/","title":{"rendered":"Hydra 4\u00ae \u010dist\u00edc\u00ed kr\u00e9m"},"content":{"rendered":"<p>CO JE TO?<br \/>\nJemn\u00fd, kr\u00e9mov\u00fd \u010dist\u00edc\u00ed p\u0159\u00edpravek ur\u010den\u00fd ke ka\u017edodenn\u00edmu \u010di\u0161t\u011bn\u00ed pleti, kter\u00fd z\u00e1rove\u0148 pom\u00e1h\u00e1 zlep\u0161it vzhled citliv\u00e9 pleti. Tato nezbytn\u00e1 v\u00fdbava pro citlivou, podr\u00e1\u017ed\u011bnou poko\u017eku udr\u017euje poko\u017eku vyv\u00e1\u017eenou a hydratovanou pomoc\u00ed \u010dty\u0159 v\u00fdta\u017ek\u016f z mo\u0159sk\u00fdch \u0159as, olivov\u00e9ho, levandulov\u00e9ho a kokosov\u00e9ho oleje, zat\u00edmco kyselina ml\u00e9\u010dn\u00e1 pom\u00e1h\u00e1 obnovovat povrchov\u00e9 vrstvy poko\u017eky. Poko\u017eka se bude c\u00edtit sv\u011b\u017e\u00ed a hladk\u00e1.<\/p>\n<p>PRO KOHO?<br \/>\nCitliv\u00e1 ple\u0165, ale tak\u00e9 poko\u017eka, kter\u00e1 byla podr\u00e1\u017ed\u011bn\u00e1 ne\u0161etrn\u00fdm peelingem, environment\u00e1ln\u00edmi faktory nebo stresem nebo je do\u010dasn\u011b siln\u011b dehydrovan\u00e1.<\/p>\n<p>DOB\u0158E V\u011aD\u011aT<br \/>\nBez paraben\u016f, bez barviv a bez parfemace. Odstra\u0148te navlh\u010den\u00fdmi vatov\u00fdmi tampony nebo d\u016fkladn\u011b opl\u00e1chn\u011bte vla\u017enou vodou.<\/p>\n<p>FREKVENCE<br \/>\nPou\u017e\u00edvejte 2x denn\u011b: r\u00e1no a ve\u010der.<\/p>\n","protected":false},"excerpt":{"rendered":"<p>Jemn\u011b, ale d\u016fkladn\u011b odl\u00ed\u010d\u00ed a o\u010dist\u00ed ple\u0165 bez vysu\u0161en\u00ed.<\/p>\n<p>&#8211; Z\u00e1klad denn\u00ed rutiny<br \/>\n&#8211; Bohat\u00e1 kr\u00e9mov\u00e1 textura<br \/>\n&#8211; Pro citlivou, podr\u00e1\u017ed\u011bnou a siln\u011b dehydrovanou ple\u0165<\/p>\n","protected":false},"featured_media":3469,"comment_status":"open","ping_status":"closed","template":"","meta":{"_acf_changed":false},"badge":[],"product_brand":[],"product_cat":[266,262,248,261],"product_tag":[],"class_list":{"0":"post-4831","1":"product","2":"type-product","3":"status-publish","4":"has-post-thumbnail","6":"product_cat-cisteni-pleti-a-tonizace","7":"product_cat-citliva-plet-cs","8":"product_cat-hydra-4-red-out-cs","9":"product_cat-sucha-a-poskozena-plet","10":"pa_objem-velkost-177-ml-cs","12":"first","13":"instock","14":"taxable","15":"shipping-taxable","16":"purchasable","17":"product-type-simple"},"acf":[],"_links":{"self":[{"href":"https:\/\/repechage.ideadivisions.dev\/cs\/wp-json\/wp\/v2\/product\/4831","targetHints":{"allow":["GET"]}}],"collection":[{"href":"https:\/\/repechage.ideadivisions.dev\/cs\/wp-json\/wp\/v2\/product"}],"about":[{"href":"https:\/\/repechage.ideadivisions.dev\/cs\/wp-json\/wp\/v2\/types\/product"}],"replies":[{"embeddable":true,"href":"https:\/\/repechage.ideadivisions.dev\/cs\/wp-json\/wp\/v2\/comments?post=4831"}],"wp:featuredmedia":[{"embeddable":true,"href":"https:\/\/repechage.ideadivisions.dev\/cs\/wp-json\/wp\/v2\/media\/3469"}],"wp:attachment":[{"href":"https:\/\/repechage.ideadivisions.dev\/cs\/wp-json\/wp\/v2\/media?parent=4831"}],"wp:term":[{"taxonomy":"badge","embeddable":true,"href":"https:\/\/repechage.ideadivisions.dev\/cs\/wp-json\/wp\/v2\/badge?post=4831"},{"taxonomy":"product_brand","embeddable":true,"href":"https:\/\/repechage.ideadivisions.dev\/cs\/wp-json\/wp\/v2\/product_brand?post=4831"},{"taxonomy":"product_cat","embeddable":true,"href":"https:\/\/repechage.ideadivisions.dev\/cs\/wp-json\/wp\/v2\/product_cat?post=4831"},{"taxonomy":"product_tag","embeddable":true,"href":"https:\/\/repechage.ideadivisions.dev\/cs\/wp-json\/wp\/v2\/product_tag?post=4831"}],"curies":[{"name":"wp","href":"https:\/\/api.w.org\/{rel}","templated":true}]}}