{"id":4832,"date":"2023-05-24T09:09:10","date_gmt":"2023-05-24T07:09:10","guid":{"rendered":"https:\/\/repechage.ideadivisions.dev\/?post_type=product&#038;p=4832"},"modified":"2025-04-28T21:25:42","modified_gmt":"2025-04-28T19:25:42","slug":"denni-krem-pro-citlivou-plet","status":"publish","type":"product","link":"https:\/\/repechage.ideadivisions.dev\/cs\/produkt\/denni-krem-pro-citlivou-plet\/","title":{"rendered":"Hydra 4\u00ae hydrata\u010dn\u00ed denn\u00ed kr\u00e9m"},"content":{"rendered":"<p>CO JE TO?<br \/>\nSe \u010dty\u0159mi v\u00fdta\u017eky z mo\u0159sk\u00fdch \u0159as bohat\u00fdch na \u017eiviny v kombinaci s olivov\u00fdm olejem a v\u00fdta\u017eky z avok\u00e1dov\u00e9ho oleje, vitam\u00ednem E a retinylpalmit\u00e1tem (vitam\u00edn A) a kyselinou ml\u00e9\u010dnou, tento jemn\u00fd z\u00e1voj vlhkosti pom\u00e1h\u00e1 uklidnit a hydratovat citlivou poko\u017eku. Toto je dokonal\u00fd zvlh\u010dova\u010d pro citlivou poko\u017eku, nyn\u00ed dostupn\u00fd v balen\u00ed bez p\u0159\u00edstupu vzduchu s pumpi\u010dkou pro snadnou aplikaci a dlouhotrvaj\u00edc\u00ed \u00fa\u010dinnost.<\/p>\n<p>P\u0159id\u00e1n bonus: Oxid titani\u010dit\u00fd pom\u00e1h\u00e1 chr\u00e1nit k\u0159ehkou poko\u017eku p\u0159ed negativn\u00edmi vlivy prost\u0159ed\u00ed.<\/p>\n<p>PRO KOHO?<br \/>\nTento denn\u00ed hydrata\u010dn\u00ed kr\u00e9m na obli\u010dej je ur\u010den prim\u00e1rn\u011b pro citlivou, podr\u00e1\u017ed\u011bnou poko\u017eku, ale tak\u00e9 pro poko\u017eku trp\u00edc\u00ed nadm\u011brnou suchost\u00ed.<\/p>\n<p>DOB\u0158E V\u011aD\u011aT<br \/>\nVegansk\u00fd p\u0159\u00e1telsk\u00fd vzorec, bez miner\u00e1ln\u00edch a ropn\u00fdch olej\u016f, bez parfemace a paraben\u016f<\/p>\n<p>POU\u017dIT\u00cd<br \/>\nPo o\u010di\u0161t\u011bn\u00ed a tonizaci pleti naneste kr\u00e9m rovnom\u011brn\u011b na obli\u010dej tahy sm\u011brem nahoru a ven.<\/p>\n<p>FREKVENCE<br \/>\nPou\u017e\u00edvejte r\u00e1no na o\u010di\u0161t\u011bnou ple\u0165.<\/p>\n","protected":false},"excerpt":{"rendered":"<p>Lehk\u00fd denn\u00ed hydrata\u010dn\u00ed kr\u00e9m pro citlivou ple\u0165<\/p>\n<p>&#8211; Hydratuje, obnovuje a omlazuje<br \/>\n&#8211; Na\u0161lehan\u00e1 kr\u00e9mov\u00e1 textura<br \/>\n&#8211; Pro citlivou, podr\u00e1\u017ed\u011bnou a siln\u011b dehydrovanou ple\u0165<\/p>\n","protected":false},"featured_media":3472,"comment_status":"open","ping_status":"closed","template":"","meta":{"_acf_changed":false},"badge":[],"product_brand":[],"product_cat":[262,248,267,261],"product_tag":[],"class_list":{"0":"post-4832","1":"product","2":"type-product","3":"status-publish","4":"has-post-thumbnail","6":"product_cat-citliva-plet-cs","7":"product_cat-hydra-4-red-out-cs","8":"product_cat-kremy-a-sera-cs","9":"product_cat-sucha-a-poskozena-plet","10":"pa_objem-velkost-50-ml-cs","12":"first","13":"instock","14":"taxable","15":"shipping-taxable","16":"purchasable","17":"product-type-simple"},"acf":[],"_links":{"self":[{"href":"https:\/\/repechage.ideadivisions.dev\/cs\/wp-json\/wp\/v2\/product\/4832","targetHints":{"allow":["GET"]}}],"collection":[{"href":"https:\/\/repechage.ideadivisions.dev\/cs\/wp-json\/wp\/v2\/product"}],"about":[{"href":"https:\/\/repechage.ideadivisions.dev\/cs\/wp-json\/wp\/v2\/types\/product"}],"replies":[{"embeddable":true,"href":"https:\/\/repechage.ideadivisions.dev\/cs\/wp-json\/wp\/v2\/comments?post=4832"}],"wp:featuredmedia":[{"embeddable":true,"href":"https:\/\/repechage.ideadivisions.dev\/cs\/wp-json\/wp\/v2\/media\/3472"}],"wp:attachment":[{"href":"https:\/\/repechage.ideadivisions.dev\/cs\/wp-json\/wp\/v2\/media?parent=4832"}],"wp:term":[{"taxonomy":"badge","embeddable":true,"href":"https:\/\/repechage.ideadivisions.dev\/cs\/wp-json\/wp\/v2\/badge?post=4832"},{"taxonomy":"product_brand","embeddable":true,"href":"https:\/\/repechage.ideadivisions.dev\/cs\/wp-json\/wp\/v2\/product_brand?post=4832"},{"taxonomy":"product_cat","embeddable":true,"href":"https:\/\/repechage.ideadivisions.dev\/cs\/wp-json\/wp\/v2\/product_cat?post=4832"},{"taxonomy":"product_tag","embeddable":true,"href":"https:\/\/repechage.ideadivisions.dev\/cs\/wp-json\/wp\/v2\/product_tag?post=4832"}],"curies":[{"name":"wp","href":"https:\/\/api.w.org\/{rel}","templated":true}]}}