{"id":4833,"date":"2023-05-24T09:09:10","date_gmt":"2023-05-24T07:09:10","guid":{"rendered":"https:\/\/repechage.ideadivisions.dev\/?post_type=product&#038;p=4833"},"modified":"2025-01-06T18:29:06","modified_gmt":"2025-01-06T17:29:06","slug":"hydra-4-zklidnujici-bahenni-maska","status":"publish","type":"product","link":"https:\/\/repechage.ideadivisions.dev\/cs\/produkt\/hydra-4-zklidnujici-bahenni-maska\/","title":{"rendered":"Hydra 4\u00ae zklid\u0148uj\u00edc\u00ed kr\u00e9mov\u00e1 bahenn\u00ed maska pro citlivou ple\u0165"},"content":{"rendered":"<p>CO JE TO?<br \/>\nSuper receptura napln\u011bn\u00e1 v\u00fdta\u017eky z \u010derstv\u00fdch mo\u0159sk\u00fdch \u0159as a olivov\u00fdch list\u016f pom\u00e1h\u00e1 vyhlazovat a zklid\u0148ovat poko\u017eku a z\u00e1rove\u0148 navrac\u00ed poko\u017ece mladistv\u00fd vzhled. Pom\u00e1h\u00e1 sni\u017eovat v\u00fdskyt podr\u00e1\u017ed\u011bn\u00ed poko\u017eky zp\u016fsoben\u00e9ho cestov\u00e1n\u00edm, klimatick\u00fdmi zm\u011bnami, vystaven\u00edm slunci a zne\u010di\u0161t\u011bn\u00ed.<\/p>\n<p>PRO KOHO?<br \/>\nTato zklid\u0148uj\u00edc\u00ed maska \u200b\u200bje ur\u010dena pro citlivou, podr\u00e1\u017ed\u011bnou poko\u017eku.<\/p>\n<p>POU\u017dIT\u00cd<br \/>\nPo o\u010di\u0161t\u011bn\u00ed naneste tenkou vrstvu na cel\u00fd obli\u010dej a krk. Nechte p\u016fsobit 10 minut. Odstra\u0148te vla\u017enou vodou a dotonizujte ple\u0165 ide\u00e1ln\u011b pomoc\u00ed mlhy Hydra 4\u00ae. N\u00e1sledn\u011b aplikujte kr\u00e9m.<\/p>\n<p>FREKVENCE<br \/>\nPou\u017e\u00edvejte 2-3 kr\u00e1t t\u00fddn\u011b.<\/p>\n","protected":false},"excerpt":{"rendered":"<p>Maska s v\u00fdta\u017eky z mo\u0159sk\u00fdch \u0159as pro zklidn\u011bn\u00ed pleti.<\/p>\n<p>&#8211; Hydratuje, vyhlazuje, zklid\u0148uje<br \/>\n&#8211; Bohat\u00e1 kr\u00e9mov\u00e1 textura<br \/>\n&#8211; Pro citlivou, podr\u00e1\u017ed\u011bnou a siln\u011b dehydrovanou ple\u0165<\/p>\n","protected":false},"featured_media":3475,"comment_status":"open","ping_status":"closed","template":"","meta":{"_acf_changed":false},"badge":[],"product_brand":[],"product_cat":[262,248,269],"product_tag":[],"class_list":{"0":"post-4833","1":"product","2":"type-product","3":"status-publish","4":"has-post-thumbnail","6":"product_cat-citliva-plet-cs","7":"product_cat-hydra-4-red-out-cs","8":"product_cat-masky-a-peelingy","9":"pa_objem-velkost-60-ml-cs","11":"first","12":"instock","13":"taxable","14":"shipping-taxable","15":"purchasable","16":"product-type-simple"},"acf":[],"_links":{"self":[{"href":"https:\/\/repechage.ideadivisions.dev\/cs\/wp-json\/wp\/v2\/product\/4833","targetHints":{"allow":["GET"]}}],"collection":[{"href":"https:\/\/repechage.ideadivisions.dev\/cs\/wp-json\/wp\/v2\/product"}],"about":[{"href":"https:\/\/repechage.ideadivisions.dev\/cs\/wp-json\/wp\/v2\/types\/product"}],"replies":[{"embeddable":true,"href":"https:\/\/repechage.ideadivisions.dev\/cs\/wp-json\/wp\/v2\/comments?post=4833"}],"wp:featuredmedia":[{"embeddable":true,"href":"https:\/\/repechage.ideadivisions.dev\/cs\/wp-json\/wp\/v2\/media\/3475"}],"wp:attachment":[{"href":"https:\/\/repechage.ideadivisions.dev\/cs\/wp-json\/wp\/v2\/media?parent=4833"}],"wp:term":[{"taxonomy":"badge","embeddable":true,"href":"https:\/\/repechage.ideadivisions.dev\/cs\/wp-json\/wp\/v2\/badge?post=4833"},{"taxonomy":"product_brand","embeddable":true,"href":"https:\/\/repechage.ideadivisions.dev\/cs\/wp-json\/wp\/v2\/product_brand?post=4833"},{"taxonomy":"product_cat","embeddable":true,"href":"https:\/\/repechage.ideadivisions.dev\/cs\/wp-json\/wp\/v2\/product_cat?post=4833"},{"taxonomy":"product_tag","embeddable":true,"href":"https:\/\/repechage.ideadivisions.dev\/cs\/wp-json\/wp\/v2\/product_tag?post=4833"}],"curies":[{"name":"wp","href":"https:\/\/api.w.org\/{rel}","templated":true}]}}