{"id":4834,"date":"2023-05-24T09:09:10","date_gmt":"2023-05-24T07:09:10","guid":{"rendered":"https:\/\/repechage.ideadivisions.dev\/?post_type=product&#038;p=4834"},"modified":"2025-04-29T13:24:28","modified_gmt":"2025-04-29T11:24:28","slug":"red-out-cistici-pena","status":"publish","type":"product","link":"https:\/\/repechage.ideadivisions.dev\/cs\/produkt\/red-out-cistici-pena\/","title":{"rendered":"Red-Out\u00ae zklid\u0148uj\u00edc\u00ed \u010dist\u00edc\u00ed p\u011bna"},"content":{"rendered":"<p>CO JE TO?<br \/>\nHydra 4\u00ae Red-Out\u00ae jemn\u011b \u010dist\u00ed citlivou poko\u017eku. Odstra\u0148uje ne\u010distoty i make-up. Toto slo\u017een\u00ed kombinuje sm\u011bs mo\u0159sk\u00fdch \u0159as s pomeran\u010dovou vodou, aloe a he\u0159m\u00e1nkem.<\/p>\n<p>PRO KOHO?<br \/>\nPro citlivou, podr\u00e1\u017ed\u011bnou poko\u017eku a k\u016f\u017ei nadm\u011brn\u011b nam\u00e1hanou<\/p>\n<p>POU\u017dIT\u00cd<br \/>\nAplikujte krou\u017eiv\u00fdmi pohyby na obli\u010dej. Opl\u00e1chn\u011bte vla\u017enou vodou a dotonizujte ple\u0165ovou vodou.<\/p>\n<p>FREKVENCE<br \/>\nPou\u017e\u00edvejte 2x denn\u011b: r\u00e1no a ve\u010der.<\/p>\n","protected":false},"excerpt":{"rendered":"<p>\u010cist\u011bte citlivou poko\u017eku jemn\u011b a efektivn\u011b.<\/p>\n<p>&#8211; Odstra\u0148uje make-up a ne\u010distoty<br \/>\n&#8211; Jemn\u011b p\u011bniv\u00fd kr\u00e9m<br \/>\n&#8211; Pro citlivou, podr\u00e1\u017ed\u011bnou a siln\u011b dehydrovanou ple\u0165<\/p>\n","protected":false},"featured_media":3477,"comment_status":"open","ping_status":"closed","template":"","meta":{"_acf_changed":false},"badge":[],"product_brand":[],"product_cat":[266,262,248],"product_tag":[],"class_list":{"0":"post-4834","1":"product","2":"type-product","3":"status-publish","4":"has-post-thumbnail","6":"product_cat-cisteni-pleti-a-tonizace","7":"product_cat-citliva-plet-cs","8":"product_cat-hydra-4-red-out-cs","9":"pa_objem-velkost-177-ml-cs","11":"first","12":"instock","13":"taxable","14":"shipping-taxable","15":"purchasable","16":"product-type-simple"},"acf":[],"_links":{"self":[{"href":"https:\/\/repechage.ideadivisions.dev\/cs\/wp-json\/wp\/v2\/product\/4834","targetHints":{"allow":["GET"]}}],"collection":[{"href":"https:\/\/repechage.ideadivisions.dev\/cs\/wp-json\/wp\/v2\/product"}],"about":[{"href":"https:\/\/repechage.ideadivisions.dev\/cs\/wp-json\/wp\/v2\/types\/product"}],"replies":[{"embeddable":true,"href":"https:\/\/repechage.ideadivisions.dev\/cs\/wp-json\/wp\/v2\/comments?post=4834"}],"wp:featuredmedia":[{"embeddable":true,"href":"https:\/\/repechage.ideadivisions.dev\/cs\/wp-json\/wp\/v2\/media\/3477"}],"wp:attachment":[{"href":"https:\/\/repechage.ideadivisions.dev\/cs\/wp-json\/wp\/v2\/media?parent=4834"}],"wp:term":[{"taxonomy":"badge","embeddable":true,"href":"https:\/\/repechage.ideadivisions.dev\/cs\/wp-json\/wp\/v2\/badge?post=4834"},{"taxonomy":"product_brand","embeddable":true,"href":"https:\/\/repechage.ideadivisions.dev\/cs\/wp-json\/wp\/v2\/product_brand?post=4834"},{"taxonomy":"product_cat","embeddable":true,"href":"https:\/\/repechage.ideadivisions.dev\/cs\/wp-json\/wp\/v2\/product_cat?post=4834"},{"taxonomy":"product_tag","embeddable":true,"href":"https:\/\/repechage.ideadivisions.dev\/cs\/wp-json\/wp\/v2\/product_tag?post=4834"}],"curies":[{"name":"wp","href":"https:\/\/api.w.org\/{rel}","templated":true}]}}