{"id":4835,"date":"2023-05-24T09:09:10","date_gmt":"2023-05-24T07:09:10","guid":{"rendered":"https:\/\/repechage.ideadivisions.dev\/?post_type=product&#038;p=4835"},"modified":"2025-02-04T12:06:34","modified_gmt":"2025-02-04T11:06:34","slug":"hydra-4-zklidnujici-mlha-na-oblicej","status":"publish","type":"product","link":"https:\/\/repechage.ideadivisions.dev\/cs\/produkt\/hydra-4-zklidnujici-mlha-na-oblicej\/","title":{"rendered":"Hydra 4\u00ae zklid\u0148uj\u00edc\u00ed mlha na obli\u010dej"},"content":{"rendered":"<p>CO JE TO?<br \/>\nZklid\u0148uje a hydratuje citlivou poko\u017eku. Tato jemn\u00e1 mlha pom\u016f\u017ee vyv\u00e1\u017eit ple\u0165 po \u010di\u0161t\u011bn\u00ed a p\u0159iprav\u00ed ji k nan\u00e1\u0161en\u00ed dal\u0161\u00edch produkt\u016f. Je ide\u00e1ln\u00ed i p\u0159i cestov\u00e1n\u00ed, kdy je ple\u0165 nadm\u011brn\u011b nam\u00e1h\u00e1na zm\u011bnou klimatick\u00fdch podm\u00ednek.<\/p>\n<p>PRO KOHO?<br \/>\nPro citlivou, podr\u00e1\u017ed\u011bnou poko\u017eku a k\u016f\u017ei nadm\u011brn\u011b suchou<\/p>\n<p>POU\u017dIT\u00cd<br \/>\nPle\u0165 p\u0159est\u0159\u00edkejte po jej\u00edm o\u010di\u0161t\u011bn\u00ed r\u00e1no a ve\u010der, ale i kdykoliv b\u011bhem dne. M\u016f\u017eete aplikovat tak\u00e9 na make-up.<\/p>\n<p>FREKVENCE<br \/>\nPou\u017e\u00edvejte 2x denn\u011b: r\u00e1no a ve\u010der nebo kdykoli k osv\u011b\u017een\u00ed pleti b\u011bhem dne.<\/p>\n","protected":false},"excerpt":{"rendered":"<p>Zklid\u0148uje, osv\u011b\u017euje a tonizuje citlivou ple\u0165.<\/p>\n<p>&#8211; Ve form\u011b spreje \/ mlhy na obli\u010dej<br \/>\n&#8211; Mo\u017enost pou\u017e\u00edt i na make-up<br \/>\n&#8211; Pro citlivou, podr\u00e1\u017ed\u011bnou a siln\u011b dehydrovanou ple\u0165<\/p>\n","protected":false},"featured_media":3479,"comment_status":"open","ping_status":"closed","template":"","meta":{"_acf_changed":false},"badge":[],"product_brand":[],"product_cat":[266,262,248,261],"product_tag":[],"class_list":{"0":"post-4835","1":"product","2":"type-product","3":"status-publish","4":"has-post-thumbnail","6":"product_cat-cisteni-pleti-a-tonizace","7":"product_cat-citliva-plet-cs","8":"product_cat-hydra-4-red-out-cs","9":"product_cat-sucha-a-poskozena-plet","10":"pa_objem-velkost-177-ml-cs","12":"first","13":"instock","14":"taxable","15":"shipping-taxable","16":"purchasable","17":"product-type-simple"},"acf":[],"_links":{"self":[{"href":"https:\/\/repechage.ideadivisions.dev\/cs\/wp-json\/wp\/v2\/product\/4835","targetHints":{"allow":["GET"]}}],"collection":[{"href":"https:\/\/repechage.ideadivisions.dev\/cs\/wp-json\/wp\/v2\/product"}],"about":[{"href":"https:\/\/repechage.ideadivisions.dev\/cs\/wp-json\/wp\/v2\/types\/product"}],"replies":[{"embeddable":true,"href":"https:\/\/repechage.ideadivisions.dev\/cs\/wp-json\/wp\/v2\/comments?post=4835"}],"wp:featuredmedia":[{"embeddable":true,"href":"https:\/\/repechage.ideadivisions.dev\/cs\/wp-json\/wp\/v2\/media\/3479"}],"wp:attachment":[{"href":"https:\/\/repechage.ideadivisions.dev\/cs\/wp-json\/wp\/v2\/media?parent=4835"}],"wp:term":[{"taxonomy":"badge","embeddable":true,"href":"https:\/\/repechage.ideadivisions.dev\/cs\/wp-json\/wp\/v2\/badge?post=4835"},{"taxonomy":"product_brand","embeddable":true,"href":"https:\/\/repechage.ideadivisions.dev\/cs\/wp-json\/wp\/v2\/product_brand?post=4835"},{"taxonomy":"product_cat","embeddable":true,"href":"https:\/\/repechage.ideadivisions.dev\/cs\/wp-json\/wp\/v2\/product_cat?post=4835"},{"taxonomy":"product_tag","embeddable":true,"href":"https:\/\/repechage.ideadivisions.dev\/cs\/wp-json\/wp\/v2\/product_tag?post=4835"}],"curies":[{"name":"wp","href":"https:\/\/api.w.org\/{rel}","templated":true}]}}