{"id":4836,"date":"2023-05-24T09:09:10","date_gmt":"2023-05-24T07:09:10","guid":{"rendered":"https:\/\/repechage.ideadivisions.dev\/?post_type=product&#038;p=4836"},"modified":"2025-05-12T17:52:57","modified_gmt":"2025-05-12T15:52:57","slug":"hydra-4-cestovni-baleni","status":"publish","type":"product","link":"https:\/\/repechage.ideadivisions.dev\/cs\/produkt\/hydra-4-cestovni-baleni\/","title":{"rendered":"Hydra 4\u00ae cestovn\u00ed balen\u00ed"},"content":{"rendered":"<p>CO JE TO?<br \/>\nTato z\u00e1kladn\u00ed sada obsahuje kompletn\u00ed dom\u00e1c\u00ed program, kter\u00fd kombinuje slo\u017eky, jako jsou \u010dty\u0159i v\u00fdta\u017eky z mo\u0159sk\u00fdch \u0159as a mikrost\u0159\u00edbro, a uklid\u0148uj\u00edc\u00ed rostlinn\u00e9 l\u00e1tky, jako je extrakt z olivov\u00fdch list\u016f, kvercetin, nocovka jalapovit\u00e1, t\u0159ezalka te\u010dkovan\u00e1, he\u0159m\u00e1nek a zelen\u00fd \u010daj, kter\u00e9 pom\u00e1haj\u00ed vy\u017eivovat a uklid\u0148ovat a z\u00e1rove\u0148 pom\u00e1haj\u00ed sni\u017eovat v\u00fdskyt podr\u00e1\u017ed\u011bn\u00ed.<\/p>\n<p>PRO KOHO?<br \/>\nPro citlivou, podr\u00e1\u017ed\u011bnou poko\u017eku a poko\u017eku nadm\u011brn\u011b suchou.<\/p>\n<p>O PRODUKTECH<br \/>\nHydra 4\u00ae \u010cist\u00edc\u00ed kr\u00e9m<br \/>\nTento kr\u00e9mov\u00fd \u010dist\u00edc\u00ed p\u0159\u00edpravek je vyvinut tak, aby jemn\u011b a \u00fa\u010dinn\u011b odstranil v\u0161echny stopy ne\u010distot a make-upu se \u010dty\u0159mi hydrata\u010dn\u00edmi v\u00fdta\u017eky z mo\u0159sk\u00fdch \u0159as a kokosov\u00fdm olejem, zat\u00edmco kyselina ml\u00e9\u010dn\u00e1 ple\u0165 zjem\u0148uje. Poko\u017eka se bude c\u00edtit sv\u011b\u017e\u00ed a hladk\u00e1.<br \/>\nZp\u016fsob pou\u017eit\u00ed: Aplikujte na obli\u010dej a krk krou\u017eiv\u00fdmi pohyby. Odstra\u0148te vla\u017enou vodou. Pou\u017e\u00edvejte 2x denn\u011b: r\u00e1no a ve\u010der.<\/p>\n<p>Hydra 4\u00ae Zklid\u0148uj\u00edc\u00ed mlha na obli\u010dej<br \/>\nTato tonizuj\u00edc\u00ed mlha s v\u00edce v\u00fdta\u017eky z mo\u0159sk\u00fdch \u0159as, kyselinou ml\u00e9\u010dnou a v\u00fdta\u017ekem z vil\u00ednu pom\u00e1h\u00e1 hydratovat a osv\u011b\u017eovat ple\u0165, dokonce i tu nejcitliv\u011bj\u0161\u00ed.<br \/>\nZp\u016fsob pou\u017eit\u00ed: Nast\u0159\u00edkejte po o\u010di\u0161t\u011bn\u00ed dvakr\u00e1t denn\u011b nebo tak \u010dasto, jak je t\u0159eba. Skv\u011bl\u00e9 na cesty a lze ji nast\u0159\u00edkat na make-up.<\/p>\n<p>Red-Out\u00ae s\u00e9rum<br \/>\nToto s\u00e9rum testov\u00e1no dermatologicky kombinuje udr\u017eiteln\u011b sklizen\u00e9 mo\u0159sk\u00e9 \u0159asy Laminaria Digitata a st\u0159\u00edbro, kvercetin, rutin a nocovku jalapovitou, aby pom\u00e1halo hydratovat a redukovat v\u00fdskyt zarudnut\u00ed a suchosti.<br \/>\nZp\u016fsob pou\u017eit\u00ed: Po o\u010di\u0161t\u011bn\u00ed a tonizaci pleti. 2x denn\u011b: r\u00e1no a ve\u010der.<\/p>\n<p>Hydra 4\u00ae Zvlh\u010duj\u00edc\u00ed denn\u00ed kr\u00e9m<br \/>\nIde\u00e1ln\u00ed hydrata\u010dn\u00ed kr\u00e9m i pro tu nejcitliv\u011bj\u0161\u00ed poko\u017eku s antioxidanty ze \u010dty\u0159 v\u00fdta\u017ek\u016f z mo\u0159sk\u00fdch \u0159as, retinylpalmit\u00e1tu (vitamin A) a ergotioneinu v kombinaci s kyselinou ml\u00e9\u010dnou, kyselinou hyaluronovou, olivov\u00fdm a avok\u00e1dov\u00fdm olejem. Tento jemn\u00fd z\u00e1voj vlhkosti pom\u00e1h\u00e1 zklidnit a zjemnit ple\u0165 a z\u00e1rove\u0148 hydratuje.<br \/>\nZp\u016fsob pou\u017eit\u00ed: Po rann\u00edm o\u010di\u0161t\u011bn\u00ed a tonizaci pleti naneste rovnom\u011brn\u011b na poko\u017eku. Je vhodn\u00fd tak\u00e9 jako podklad pod make-up.<\/p>\n<p>Hydra 4\u00ae Zklid\u0148uj\u00edc\u00ed bahenn\u00ed maska<br \/>\nTato maska \u200b\u200bna b\u00e1zi j\u00edlu pom\u00e1h\u00e1 sn\u00ed\u017eit v\u00fdskyt podr\u00e1\u017ed\u011bn\u00ed poko\u017eky. Je bohat\u00e1 na v\u00fdta\u017eky z \u010derstv\u00fdch mo\u0159sk\u00fdch \u0159as a olivov\u00fdch list\u016f, kter\u00e9 pom\u00e1haj\u00ed vyhlazovat a zklid\u0148ovat poko\u017eku a z\u00e1rove\u0148 obnovuj\u00ed mladistv\u00fd vzhled pleti.<br \/>\nZp\u016fsob pou\u017eit\u00ed: Po o\u010di\u0161t\u011bn\u00ed pleti naneste tenkou vrstvu na cel\u00fd obli\u010dej a krk. Nechte p\u016fsobit 10 minut. Odstra\u0148te vla\u017enou vodou a ple\u0165 dotonizujte. Pou\u017e\u00edvejte dvakr\u00e1t a\u017e t\u0159ikr\u00e1t t\u00fddn\u011b.<\/p>\n","protected":false},"excerpt":{"rendered":"<p>Praktick\u00e9 cestovn\u00ed balen\u00ed p\u011bti produkt\u016f \u0159ady Hydra 4\u00ae<br \/>\n&#8211; Hydra 4\u00ae Cleanser: 30 ml<br \/>\n&#8211; Hydra 4\u00ae Soothing Toner<br \/>\n&#8211; Red-Out\u00ae Serum: 10 ml<br \/>\n&#8211; Hydra 4\u00ae Moisturizing Day Cream: 15 ml<br \/>\n&#8211; Hydra 4\u00ae Soothing Clay Mask: 30 ml<\/p>\n","protected":false},"featured_media":7063,"comment_status":"open","ping_status":"closed","template":"","meta":{"_acf_changed":false},"badge":[],"product_brand":[],"product_cat":[337,262,265,248],"product_tag":[],"class_list":{"0":"post-4836","1":"product","2":"type-product","3":"status-publish","4":"has-post-thumbnail","6":"product_cat-akce","7":"product_cat-citliva-plet-cs","8":"product_cat-darkove-poukazy-a-balicky","9":"product_cat-hydra-4-red-out-cs","11":"first","12":"instock","13":"taxable","14":"shipping-taxable","15":"purchasable","16":"product-type-simple"},"acf":[],"_links":{"self":[{"href":"https:\/\/repechage.ideadivisions.dev\/cs\/wp-json\/wp\/v2\/product\/4836","targetHints":{"allow":["GET"]}}],"collection":[{"href":"https:\/\/repechage.ideadivisions.dev\/cs\/wp-json\/wp\/v2\/product"}],"about":[{"href":"https:\/\/repechage.ideadivisions.dev\/cs\/wp-json\/wp\/v2\/types\/product"}],"replies":[{"embeddable":true,"href":"https:\/\/repechage.ideadivisions.dev\/cs\/wp-json\/wp\/v2\/comments?post=4836"}],"wp:featuredmedia":[{"embeddable":true,"href":"https:\/\/repechage.ideadivisions.dev\/cs\/wp-json\/wp\/v2\/media\/7063"}],"wp:attachment":[{"href":"https:\/\/repechage.ideadivisions.dev\/cs\/wp-json\/wp\/v2\/media?parent=4836"}],"wp:term":[{"taxonomy":"badge","embeddable":true,"href":"https:\/\/repechage.ideadivisions.dev\/cs\/wp-json\/wp\/v2\/badge?post=4836"},{"taxonomy":"product_brand","embeddable":true,"href":"https:\/\/repechage.ideadivisions.dev\/cs\/wp-json\/wp\/v2\/product_brand?post=4836"},{"taxonomy":"product_cat","embeddable":true,"href":"https:\/\/repechage.ideadivisions.dev\/cs\/wp-json\/wp\/v2\/product_cat?post=4836"},{"taxonomy":"product_tag","embeddable":true,"href":"https:\/\/repechage.ideadivisions.dev\/cs\/wp-json\/wp\/v2\/product_tag?post=4836"}],"curies":[{"name":"wp","href":"https:\/\/api.w.org\/{rel}","templated":true}]}}