{"id":4837,"date":"2023-05-24T09:09:10","date_gmt":"2023-05-24T07:09:10","guid":{"rendered":"https:\/\/repechage.ideadivisions.dev\/?post_type=product&#038;p=4837"},"modified":"2025-04-05T10:58:26","modified_gmt":"2025-04-05T08:58:26","slug":"hydra-dew-pure-balzam-pro-velmi-suchou-pokozku","status":"publish","type":"product","link":"https:\/\/repechage.ideadivisions.dev\/cs\/produkt\/hydra-dew-pure-balzam-pro-velmi-suchou-pokozku\/","title":{"rendered":"Hydra Dew Pure\u2122 balz\u00e1m pro velmi suchou poko\u017eku"},"content":{"rendered":"<p>CO TO JE?<br \/>\nKoncentrovan\u00fd balz\u00e1m pro kr\u00e1snou a hladkou poko\u017eku, kter\u00fd pom\u00e1h\u00e1 podporovat p\u0159irozenou ko\u017en\u00ed bari\u00e9ru. Tradi\u010dn\u00ed mastichov\u00fd olej z \u0159eck\u00e9ho ostrova Chios a v\u00fdta\u017eek z mo\u0159sk\u00fdch \u0159as pom\u00e1haj\u00ed vytvo\u0159it okam\u017eit\u00fd pocit pohodl\u00ed, zat\u00edmco japonsk\u00fd olej ze semen kam\u00e9lie a organick\u00fd olej ze semen konop\u00ed Cannabis Sativa pom\u00e1haj\u00ed zjemnit a uzamknout vlhkost.<\/p>\n<p>PRO KOHO?<br \/>\nPro extra such\u00e1, po\u0161kozen\u00e1 m\u00edsta nebo skvrny, pro zjemn\u011bn\u00ed poko\u017eky p\u0159ed a po holen\u00ed, pro zjemn\u011bn\u00ed krku a dekoltu, pro vyhlazen\u00ed drsn\u00fdch lokt\u016f, pro hydrataci such\u00fdch, \u0161upinat\u00fdch kolen a pro zklidn\u011bn\u00ed popraskan\u00fdch chodidel.<\/p>\n<p>DOBR\u00c9 V\u011aD\u011aT<br \/>\nBez paraben\u016f, bez parfemace, bez miner\u00e1ln\u00edch olej\u016f, bez petrochemick\u00fdch l\u00e1tek a bez formaldehydu.<\/p>\n<p>POU\u017dIT\u00cd<br \/>\nNaneste mal\u00e9 mno\u017estv\u00ed na kone\u010dky prst\u016f a jemn\u011b vmas\u00edrujte do poko\u017eky v\u0161ude tam, kde je to pot\u0159eba: obli\u010dej, krk, lokty, kolena a chodidla, dokud se nevst\u0159eb\u00e1.<\/p>\n<p>FREKVENCE<br \/>\nPou\u017e\u00edvejte podle pot\u0159eby.<\/p>\n<p>&nbsp;<\/p>\n","protected":false},"excerpt":{"rendered":"<p>\u0160pi\u010dkov\u00fd balz\u00e1m na k\u016f\u017ei pro eliminaci such\u00fdch m\u00edst<\/p>\n<p>&#8211; Hloubkov\u011b hydratuje, vyhlazuje, omlazuje<br \/>\n&#8211; Bohat\u00fd balz\u00e1m<br \/>\n&#8211; Pro extr\u00e9mn\u011b suchou poko\u017eku nejen na tv\u00e1\u0159i<\/p>\n","protected":false},"featured_media":3484,"comment_status":"open","ping_status":"closed","template":"","meta":{"_acf_changed":false},"badge":[],"product_brand":[],"product_cat":[250,267,261],"product_tag":[],"class_list":{"0":"post-4837","1":"product","2":"type-product","3":"status-publish","4":"has-post-thumbnail","6":"product_cat-hydra-dew-pure-cs","7":"product_cat-kremy-a-sera-cs","8":"product_cat-sucha-a-poskozena-plet","9":"pa_objem-velkost-50-ml-cs","11":"first","12":"instock","13":"taxable","14":"shipping-taxable","15":"purchasable","16":"product-type-simple"},"acf":[],"_links":{"self":[{"href":"https:\/\/repechage.ideadivisions.dev\/cs\/wp-json\/wp\/v2\/product\/4837","targetHints":{"allow":["GET"]}}],"collection":[{"href":"https:\/\/repechage.ideadivisions.dev\/cs\/wp-json\/wp\/v2\/product"}],"about":[{"href":"https:\/\/repechage.ideadivisions.dev\/cs\/wp-json\/wp\/v2\/types\/product"}],"replies":[{"embeddable":true,"href":"https:\/\/repechage.ideadivisions.dev\/cs\/wp-json\/wp\/v2\/comments?post=4837"}],"wp:featuredmedia":[{"embeddable":true,"href":"https:\/\/repechage.ideadivisions.dev\/cs\/wp-json\/wp\/v2\/media\/3484"}],"wp:attachment":[{"href":"https:\/\/repechage.ideadivisions.dev\/cs\/wp-json\/wp\/v2\/media?parent=4837"}],"wp:term":[{"taxonomy":"badge","embeddable":true,"href":"https:\/\/repechage.ideadivisions.dev\/cs\/wp-json\/wp\/v2\/badge?post=4837"},{"taxonomy":"product_brand","embeddable":true,"href":"https:\/\/repechage.ideadivisions.dev\/cs\/wp-json\/wp\/v2\/product_brand?post=4837"},{"taxonomy":"product_cat","embeddable":true,"href":"https:\/\/repechage.ideadivisions.dev\/cs\/wp-json\/wp\/v2\/product_cat?post=4837"},{"taxonomy":"product_tag","embeddable":true,"href":"https:\/\/repechage.ideadivisions.dev\/cs\/wp-json\/wp\/v2\/product_tag?post=4837"}],"curies":[{"name":"wp","href":"https:\/\/api.w.org\/{rel}","templated":true}]}}