{"id":4838,"date":"2023-05-24T09:09:10","date_gmt":"2023-05-24T07:09:10","guid":{"rendered":"https:\/\/repechage.ideadivisions.dev\/?post_type=product&#038;p=4838"},"modified":"2025-05-13T13:07:56","modified_gmt":"2025-05-13T11:07:56","slug":"hydra-dew-pure-ocni-krem","status":"publish","type":"product","link":"https:\/\/repechage.ideadivisions.dev\/cs\/produkt\/hydra-dew-pure-ocni-krem\/","title":{"rendered":"Hydra Dew Pure\u2122 o\u010dn\u00ed kr\u00e9m"},"content":{"rendered":"<p>CO JE TO?<br \/>\nTento jemn\u00fd, ale \u00fa\u010dinn\u00fd o\u010dn\u00ed kr\u00e9m kombinuje slo\u017eky, jako jsou mo\u0159sk\u00e9 \u0159asy, v\u00fdta\u017eky z kofeinu a peptidy, aby se sn\u00ed\u017eil v\u00fdskyt otok\u016f a z\u00e1rove\u0148 se sn\u00ed\u017eil v\u00fdskyt vr\u00e1sek.<\/p>\n<p>PRO KOHO?<br \/>\nPro norm\u00e1ln\u00ed a\u017e suchou ple\u0165 s vr\u00e1skami v okol\u00ed o\u010d\u00ed.<\/p>\n<p>DOB\u0158E V\u011aD\u011aT<br \/>\nBez paraben\u016f, bez v\u016fn\u011b, bez miner\u00e1ln\u00edch olej\u016f, bez petrochemick\u00fdch l\u00e1tek a bez uvol\u0148ova\u010d\u016f formaldehydu.<\/p>\n<p>POU\u017dIT\u00cd<br \/>\nAplikujte krou\u017eiv\u00fdmi pohyby na okol\u00ed o\u010d\u00ed. Pro dosa\u017een\u00ed nejlep\u0161\u00edch v\u00fdsledk\u016f aplikujte jemn\u00fdm poklep\u00e1v\u00e1n\u00edm.<\/p>\n<p>FREKVENCE<br \/>\nR\u00e1no a ve\u010der po odl\u00ed\u010den\u00ed<\/p>\n","protected":false},"excerpt":{"rendered":"<p>Klinicky prok\u00e1z\u00e1no: 44% redukce linek a vr\u00e1sek za pouh\u00e9 2 t\u00fddny*<\/p>\n<p>&#8211; Kr\u00e9m na okol\u00ed o\u010d\u00ed<br \/>\n&#8211; Vyhlazen\u00ed a regenerace<br \/>\n&#8211; Pro norm\u00e1ln\u00ed a\u017e suchou ple\u0165<\/p>\n<p>*Nez\u00e1visl\u00e1 laboratorn\u00ed studie, NY, 2020<\/p>\n","protected":false},"featured_media":3489,"comment_status":"open","ping_status":"closed","template":"","meta":{"_acf_changed":false},"badge":[],"product_brand":[],"product_cat":[250,260,270,261],"product_tag":[],"class_list":{"0":"post-4838","1":"product","2":"type-product","3":"status-publish","4":"has-post-thumbnail","6":"product_cat-hydra-dew-pure-cs","7":"product_cat-jemne-linie-a-vrasky-cs","8":"product_cat-pece-o-ocni-okoli","9":"product_cat-sucha-a-poskozena-plet","10":"pa_objem-velkost-15-ml-cs","12":"first","13":"instock","14":"taxable","15":"shipping-taxable","16":"purchasable","17":"product-type-simple"},"acf":[],"_links":{"self":[{"href":"https:\/\/repechage.ideadivisions.dev\/cs\/wp-json\/wp\/v2\/product\/4838","targetHints":{"allow":["GET"]}}],"collection":[{"href":"https:\/\/repechage.ideadivisions.dev\/cs\/wp-json\/wp\/v2\/product"}],"about":[{"href":"https:\/\/repechage.ideadivisions.dev\/cs\/wp-json\/wp\/v2\/types\/product"}],"replies":[{"embeddable":true,"href":"https:\/\/repechage.ideadivisions.dev\/cs\/wp-json\/wp\/v2\/comments?post=4838"}],"wp:featuredmedia":[{"embeddable":true,"href":"https:\/\/repechage.ideadivisions.dev\/cs\/wp-json\/wp\/v2\/media\/3489"}],"wp:attachment":[{"href":"https:\/\/repechage.ideadivisions.dev\/cs\/wp-json\/wp\/v2\/media?parent=4838"}],"wp:term":[{"taxonomy":"badge","embeddable":true,"href":"https:\/\/repechage.ideadivisions.dev\/cs\/wp-json\/wp\/v2\/badge?post=4838"},{"taxonomy":"product_brand","embeddable":true,"href":"https:\/\/repechage.ideadivisions.dev\/cs\/wp-json\/wp\/v2\/product_brand?post=4838"},{"taxonomy":"product_cat","embeddable":true,"href":"https:\/\/repechage.ideadivisions.dev\/cs\/wp-json\/wp\/v2\/product_cat?post=4838"},{"taxonomy":"product_tag","embeddable":true,"href":"https:\/\/repechage.ideadivisions.dev\/cs\/wp-json\/wp\/v2\/product_tag?post=4838"}],"curies":[{"name":"wp","href":"https:\/\/api.w.org\/{rel}","templated":true}]}}