{"id":4839,"date":"2023-05-24T09:09:10","date_gmt":"2023-05-24T07:09:10","guid":{"rendered":"https:\/\/repechage.ideadivisions.dev\/?post_type=product&#038;p=4839"},"modified":"2025-06-11T13:25:43","modified_gmt":"2025-06-11T11:25:43","slug":"hydra-dew-pure-esencialni-mlha-na-oblicej","status":"publish","type":"product","link":"https:\/\/repechage.ideadivisions.dev\/cs\/produkt\/hydra-dew-pure-esencialni-mlha-na-oblicej\/","title":{"rendered":"Hydra Dew Pure\u2122 esenci\u00e1ln\u00ed mlha na obli\u010dej"},"content":{"rendered":"<p>CO JE TO?<br \/>\nTento sprej obsahuje v\u00fd\u017eivn\u00fd extrakt z mo\u0159sk\u00fdch \u0159as Laminaria Digitata a hydrata\u010dn\u00ed kyselinu hyaluronovou v kombinaci s aloe a p\u0159\u00edrodn\u00edmi rostlinn\u00fdmi l\u00e1tkami, kter\u00e9 poskytuj\u00ed silnou, okam\u017eitou hydrataci a zklidn\u011bn\u00ed. Zamilujete si jeho v\u016fni ze 100% \u010dist\u00fdch a p\u0159\u00edrodn\u00edch esenci\u00e1ln\u00edch olej\u016f z r\u016f\u017ee, citrus\u016f, pelargonie a d\u0159eva,<\/p>\n<p>PRO KOHO?<br \/>\nPro norm\u00e1ln\u00ed a\u017e suchou ple\u0165, velice vhodn\u00fd je pro zralou ple\u0165.<\/p>\n<p>DOBR\u00c9 V\u011aD\u011aT<br \/>\nBez paraben\u016f, bez v\u016fn\u011b, bez miner\u00e1ln\u00edch olej\u016f, bez petrochemick\u00fdch l\u00e1tek a bez uvol\u0148ova\u010d\u016f formaldehydu<\/p>\n<p>POU\u017dIT\u00cd<br \/>\nZav\u0159ete o\u010di a nast\u0159\u00edkejte na cel\u00fd obli\u010dej. Pou\u017e\u00edvejte tak \u010dasto, jak je pot\u0159eba. Vhodn\u00fd i na make-up.<\/p>\n<p>FREKVENCE<br \/>\nPodle pot\u0159eby, kdykoli b\u011bhem dne.<\/p>\n","protected":false},"excerpt":{"rendered":"<p>Jedine\u010dn\u00e9 hydrata\u010dn\u00ed osv\u011b\u017een\u00ed pro ple\u0165 zalo\u017een\u00e9 na mastichov\u00e9 vod\u011b<\/p>\n<p>&#8211; Osv\u011b\u017een\u00ed, hydratace a zklidn\u011bn\u00ed<br \/>\n&#8211; V\u016fn\u011b p\u0159\u00edrodn\u00edch esenci\u00e1ln\u00edch olej\u016f<br \/>\n&#8211; Pro norm\u00e1ln\u00ed, suchou, zralou ple\u0165.<\/p>\n","protected":false},"featured_media":3493,"comment_status":"open","ping_status":"closed","template":"","meta":{"_acf_changed":false},"badge":[],"product_brand":[],"product_cat":[266,250,261],"product_tag":[],"class_list":{"0":"post-4839","1":"product","2":"type-product","3":"status-publish","4":"has-post-thumbnail","6":"product_cat-cisteni-pleti-a-tonizace","7":"product_cat-hydra-dew-pure-cs","8":"product_cat-sucha-a-poskozena-plet","9":"pa_objem-velkost-120-ml-cs","11":"first","12":"instock","13":"taxable","14":"shipping-taxable","15":"purchasable","16":"product-type-simple"},"acf":[],"_links":{"self":[{"href":"https:\/\/repechage.ideadivisions.dev\/cs\/wp-json\/wp\/v2\/product\/4839","targetHints":{"allow":["GET"]}}],"collection":[{"href":"https:\/\/repechage.ideadivisions.dev\/cs\/wp-json\/wp\/v2\/product"}],"about":[{"href":"https:\/\/repechage.ideadivisions.dev\/cs\/wp-json\/wp\/v2\/types\/product"}],"replies":[{"embeddable":true,"href":"https:\/\/repechage.ideadivisions.dev\/cs\/wp-json\/wp\/v2\/comments?post=4839"}],"wp:featuredmedia":[{"embeddable":true,"href":"https:\/\/repechage.ideadivisions.dev\/cs\/wp-json\/wp\/v2\/media\/3493"}],"wp:attachment":[{"href":"https:\/\/repechage.ideadivisions.dev\/cs\/wp-json\/wp\/v2\/media?parent=4839"}],"wp:term":[{"taxonomy":"badge","embeddable":true,"href":"https:\/\/repechage.ideadivisions.dev\/cs\/wp-json\/wp\/v2\/badge?post=4839"},{"taxonomy":"product_brand","embeddable":true,"href":"https:\/\/repechage.ideadivisions.dev\/cs\/wp-json\/wp\/v2\/product_brand?post=4839"},{"taxonomy":"product_cat","embeddable":true,"href":"https:\/\/repechage.ideadivisions.dev\/cs\/wp-json\/wp\/v2\/product_cat?post=4839"},{"taxonomy":"product_tag","embeddable":true,"href":"https:\/\/repechage.ideadivisions.dev\/cs\/wp-json\/wp\/v2\/product_tag?post=4839"}],"curies":[{"name":"wp","href":"https:\/\/api.w.org\/{rel}","templated":true}]}}