{"id":4840,"date":"2023-05-24T09:09:10","date_gmt":"2023-05-24T07:09:10","guid":{"rendered":"https:\/\/repechage.ideadivisions.dev\/?post_type=product&#038;p=4840"},"modified":"2025-04-25T11:21:42","modified_gmt":"2025-04-25T09:21:42","slug":"hydra-dew-pure-hydratacni-krem","status":"publish","type":"product","link":"https:\/\/repechage.ideadivisions.dev\/cs\/produkt\/hydra-dew-pure-hydratacni-krem\/","title":{"rendered":"Hydra Dew Pure\u2122 hydrata\u010dn\u00ed kr\u00e9m"},"content":{"rendered":"<p>CO JE TO?<br \/>\nZabalte poko\u017eku bohatou vlhkost\u00ed a vytvo\u0159te okam\u017eit\u011b hydratovanou ple\u0165 s t\u00edmto v\u00edce\u00fa\u010delov\u00fdm ple\u0165ov\u00fdm kr\u00e9mem.<br \/>\nDenn\u00ed hydrata\u010dn\u00ed kr\u00e9m z \u0159ady HYDRA DEW PURE\u2122 pom\u00e1h\u00e1 poko\u017ece vypadat a c\u00edtit se p\u0159\u00edjemn\u011b, hydratovan\u011b a z\u00e1\u0159iv\u011b se t\u0159emi vybran\u00fdmi v\u00fdta\u017eky z mo\u0159sk\u00fdch \u0159as v kombinaci s acetylhexapeptidem-8 a kyselinou hyaluronovou. Olej ze semen kam\u00e9lie japonsk\u00e9 pom\u00e1h\u00e1 dopl\u0148ovat a uzav\u00edrat vlhkost, nebo\u0165 pom\u00e1h\u00e1 zvy\u0161ovat elasticitu poko\u017eky.<\/p>\n<p>PRO KOHO?<br \/>\nPro suchou, dehydrovanou ple\u0165. Velice vhodn\u00fd je pro zralou ple\u0165.<\/p>\n<p>DOBR\u00c9 V\u011aD\u011aT<br \/>\nBez paraben\u016f, bez v\u016fn\u011b, bez miner\u00e1ln\u00edch olej\u016f, bez petrochemick\u00fdch l\u00e1tek a bez uvol\u0148ova\u010d\u016f formaldehydu<\/p>\n<p>POU\u017dIT\u00cd<br \/>\nAplikujte na \u010distou poko\u017eku lehk\u00fdmi tahy sm\u011brem nahoru.<\/p>\n<p>FREKVENCE<br \/>\nPodle pot\u0159eby b\u011bhem cel\u00e9ho dne<\/p>\n","protected":false},"excerpt":{"rendered":"<p>Klinicky prok\u00e1z\u00e1no, \u017ee vykazuje o 45% zv\u00fd\u0161en\u00ed hladkosti poko\u017eky za 28 dn\u00ed.*<\/p>\n<p>&#8211; Vyhlazuje, hydratuje a zpev\u0148uje<br \/>\n&#8211; Bohat\u00fd kr\u00e9m na obli\u010dej<br \/>\n&#8211; Pro suchou, dehydrovanou ple\u0165<\/p>\n<p>Nez\u00e1visl\u00e1 laboratorn\u00ed studie, NY, 2020*<\/p>\n","protected":false},"featured_media":3497,"comment_status":"open","ping_status":"closed","template":"","meta":{"_acf_changed":false},"badge":[],"product_brand":[],"product_cat":[262,250,267,261],"product_tag":[],"class_list":{"0":"post-4840","1":"product","2":"type-product","3":"status-publish","4":"has-post-thumbnail","6":"product_cat-citliva-plet-cs","7":"product_cat-hydra-dew-pure-cs","8":"product_cat-kremy-a-sera-cs","9":"product_cat-sucha-a-poskozena-plet","10":"pa_objem-velkost-50-ml-cs","12":"first","13":"instock","14":"taxable","15":"shipping-taxable","16":"purchasable","17":"product-type-simple"},"acf":[],"_links":{"self":[{"href":"https:\/\/repechage.ideadivisions.dev\/cs\/wp-json\/wp\/v2\/product\/4840","targetHints":{"allow":["GET"]}}],"collection":[{"href":"https:\/\/repechage.ideadivisions.dev\/cs\/wp-json\/wp\/v2\/product"}],"about":[{"href":"https:\/\/repechage.ideadivisions.dev\/cs\/wp-json\/wp\/v2\/types\/product"}],"replies":[{"embeddable":true,"href":"https:\/\/repechage.ideadivisions.dev\/cs\/wp-json\/wp\/v2\/comments?post=4840"}],"wp:featuredmedia":[{"embeddable":true,"href":"https:\/\/repechage.ideadivisions.dev\/cs\/wp-json\/wp\/v2\/media\/3497"}],"wp:attachment":[{"href":"https:\/\/repechage.ideadivisions.dev\/cs\/wp-json\/wp\/v2\/media?parent=4840"}],"wp:term":[{"taxonomy":"badge","embeddable":true,"href":"https:\/\/repechage.ideadivisions.dev\/cs\/wp-json\/wp\/v2\/badge?post=4840"},{"taxonomy":"product_brand","embeddable":true,"href":"https:\/\/repechage.ideadivisions.dev\/cs\/wp-json\/wp\/v2\/product_brand?post=4840"},{"taxonomy":"product_cat","embeddable":true,"href":"https:\/\/repechage.ideadivisions.dev\/cs\/wp-json\/wp\/v2\/product_cat?post=4840"},{"taxonomy":"product_tag","embeddable":true,"href":"https:\/\/repechage.ideadivisions.dev\/cs\/wp-json\/wp\/v2\/product_tag?post=4840"}],"curies":[{"name":"wp","href":"https:\/\/api.w.org\/{rel}","templated":true}]}}