{"id":4841,"date":"2023-05-24T09:09:10","date_gmt":"2023-05-24T07:09:10","guid":{"rendered":"https:\/\/repechage.ideadivisions.dev\/?post_type=product&#038;p=4841"},"modified":"2025-04-26T11:35:45","modified_gmt":"2025-04-26T09:35:45","slug":"hydra-dew-pure-jemna-cistici-pena","status":"publish","type":"product","link":"https:\/\/repechage.ideadivisions.dev\/cs\/produkt\/hydra-dew-pure-jemna-cistici-pena\/","title":{"rendered":"Hydra Dew Pure\u2122 jemn\u00e1 \u010dist\u00edc\u00ed p\u011bna"},"content":{"rendered":"<p>CO TO JE?<br \/>\nTato jemn\u00e1 \u010distic\u00ed p\u011bna na obli\u010dej byla vyvinuta pro d\u016fkladn\u00e9 \u010di\u0161t\u011bn\u00ed such\u00e9 a citliv\u00e9 pleti bez podr\u00e1\u017ed\u011bn\u00ed. Obsahuje t\u0159i vybran\u00e9 v\u00fdta\u017eky z mo\u0159sk\u00fdch \u0159as, kter\u00e9 poko\u017eku vy\u017eivuj\u00ed, zat\u00edmco p\u0159\u00edrodn\u00ed rostlinn\u00e9 l\u00e1tky, jako jsou v\u00fdta\u017eky z vodn\u00ed lilie a ovesn\u00fdch otrub, pom\u00e1haj\u00ed sni\u017eovat podr\u00e1\u017ed\u011bn\u00ed.<br \/>\nP\u0159irozen\u011b von\u00edc\u00ed p\u011bna s uklid\u0148uj\u00edc\u00ed v\u016fn\u00ed 100% \u010dist\u00fdch a p\u0159\u00edrodn\u00edch esenci\u00e1ln\u00edch olej\u016f z r\u016f\u017ee, citrus\u016f, pelargonie a d\u0159eva.<\/p>\n<p>PRO KOHO?<br \/>\nPro suchou a citlivou poko\u017eku.<\/p>\n<p>DOBR\u00c9 V\u011aD\u011aT<br \/>\nBez paraben\u016f, bez parfemace, bez miner\u00e1ln\u00edch olej\u016f, bez petrochemick\u00fdch l\u00e1tek a bez formaldehydu.<\/p>\n<p>POU\u017dIT\u00cd<br \/>\nD\u00e1vkujte jednu nebo dv\u011b pumpi\u010dky p\u011bny do dlan\u011b. Jemn\u011b vmas\u00edrujte do poko\u017eky krou\u017eiv\u00fdmi pohyby sm\u011brem nahoru a ven. Omyjte vla\u017enou vodou a v p\u0159\u00edpad\u011b pot\u0159eby postup opakujte. P\u011bnu m\u016f\u017eete pou\u017e\u00edt tak\u00e9 k \u010di\u0161t\u011bn\u00ed o\u010dn\u00edho okol\u00ed.<\/p>\n<p>FREKVENCE<br \/>\nPou\u017e\u00edvejte dvakr\u00e1t denn\u011b: r\u00e1no a ve\u010der<\/p>\n<p>&nbsp;<\/p>\n","protected":false},"excerpt":{"rendered":"<p>Jemn\u00e1 \u010dist\u00edc\u00ed p\u011bna pro \u0161etrn\u00e9 odl\u00ed\u010den\u00ed poko\u017eky<\/p>\n<p>&#8211; Odstra\u0148uje make-up a ne\u010distoty<br \/>\n&#8211; Vhodn\u00e1 i na o\u010dn\u00ed okol\u00ed<br \/>\n&#8211; Pro suchou, citlivou, ple\u0165<\/p>\n","protected":false},"featured_media":3500,"comment_status":"open","ping_status":"closed","template":"","meta":{"_acf_changed":false},"badge":[],"product_brand":[],"product_cat":[266,250,261],"product_tag":[],"class_list":{"0":"post-4841","1":"product","2":"type-product","3":"status-publish","4":"has-post-thumbnail","6":"product_cat-cisteni-pleti-a-tonizace","7":"product_cat-hydra-dew-pure-cs","8":"product_cat-sucha-a-poskozena-plet","9":"pa_objem-velkost-150-ml-cs","11":"first","12":"instock","13":"taxable","14":"shipping-taxable","15":"purchasable","16":"product-type-simple"},"acf":[],"_links":{"self":[{"href":"https:\/\/repechage.ideadivisions.dev\/cs\/wp-json\/wp\/v2\/product\/4841","targetHints":{"allow":["GET"]}}],"collection":[{"href":"https:\/\/repechage.ideadivisions.dev\/cs\/wp-json\/wp\/v2\/product"}],"about":[{"href":"https:\/\/repechage.ideadivisions.dev\/cs\/wp-json\/wp\/v2\/types\/product"}],"replies":[{"embeddable":true,"href":"https:\/\/repechage.ideadivisions.dev\/cs\/wp-json\/wp\/v2\/comments?post=4841"}],"wp:featuredmedia":[{"embeddable":true,"href":"https:\/\/repechage.ideadivisions.dev\/cs\/wp-json\/wp\/v2\/media\/3500"}],"wp:attachment":[{"href":"https:\/\/repechage.ideadivisions.dev\/cs\/wp-json\/wp\/v2\/media?parent=4841"}],"wp:term":[{"taxonomy":"badge","embeddable":true,"href":"https:\/\/repechage.ideadivisions.dev\/cs\/wp-json\/wp\/v2\/badge?post=4841"},{"taxonomy":"product_brand","embeddable":true,"href":"https:\/\/repechage.ideadivisions.dev\/cs\/wp-json\/wp\/v2\/product_brand?post=4841"},{"taxonomy":"product_cat","embeddable":true,"href":"https:\/\/repechage.ideadivisions.dev\/cs\/wp-json\/wp\/v2\/product_cat?post=4841"},{"taxonomy":"product_tag","embeddable":true,"href":"https:\/\/repechage.ideadivisions.dev\/cs\/wp-json\/wp\/v2\/product_tag?post=4841"}],"curies":[{"name":"wp","href":"https:\/\/api.w.org\/{rel}","templated":true}]}}