{"id":4842,"date":"2023-05-24T09:09:10","date_gmt":"2023-05-24T07:09:10","guid":{"rendered":"https:\/\/repechage.ideadivisions.dev\/?post_type=product&#038;p=4842"},"modified":"2025-01-11T12:34:24","modified_gmt":"2025-01-11T11:34:24","slug":"hydra-dew-pure-hydratacni-liftingove-serum","status":"publish","type":"product","link":"https:\/\/repechage.ideadivisions.dev\/cs\/produkt\/hydra-dew-pure-hydratacni-liftingove-serum\/","title":{"rendered":"Hydra Dew Pure\u2122 hydrata\u010dn\u00ed liftingov\u00e9 s\u00e9rum"},"content":{"rendered":"<p>CO JE TO?<br \/>\nObnovte mladistv\u00fd lesk s t\u00edmto s\u00e9rem s obsahem dvou forem kyseliny hyaluronov\u00e9, speci\u00e1ln\u00ed sm\u011bs\u00ed rostlinn\u00fdch slo\u017eek, mastichovou vodou a exkluzivn\u00edm extraktem z mo\u0159sk\u00fdch \u0159as Rep\u00eachage\u00ae Laminaria Digitata, kter\u00fd pom\u00e1h\u00e1 dodat pleti hlad\u0161\u00ed vzhled a z\u00e1rove\u0148 viditeln\u011b redukuje jemn\u00e9 linky.<br \/>\nToto koncentrovan\u00e9, ale k poko\u017ece jemn\u00e9 s\u00e9rum, tak\u00e9 obsahuje pokro\u010dil\u00fd p\u0159\u00edrodn\u00ed biopolymern\u00ed komplex extraktu z \u010derven\u00e9 \u0159asy Kappaphycus Alvarezii a extraktu z peru\u00e1nsk\u00e9ho rohovn\u00edku, kter\u00fd ve studi\u00edch prok\u00e1zal svou \u00fa\u010dinnost p\u0159i poskytov\u00e1n\u00ed viditeln\u00e9ho liftingov\u00e9ho a vyhlazuj\u00edc\u00edho \u00fa\u010dinku.<\/p>\n<p>PRO KOHO?<br \/>\nPro suchou, citlivou ple\u0165<\/p>\n<p>DOB\u0158E V\u011aD\u011aT<br \/>\nBez paraben\u016f, bez v\u016fn\u011b, bez miner\u00e1ln\u00edch olej\u016f, bez petrochemick\u00fdch l\u00e1tek a bez uvol\u0148ova\u010d\u016f formaldehydu.<\/p>\n<p>POU\u017dIT\u00cd<br \/>\nNa dob\u0159e o\u010di\u0161t\u011bnou ple\u0165 rovnom\u011brn\u011b naneste na obli\u010dej a krk a n\u00e1sledn\u011b pou\u017eijte kr\u00e9m podle typu pleti. Pro vy\u0161\u0161\u00ed \u00fa\u010dinnost doporu\u010dujeme kombinovat s kr\u00e9my \u0159ady HYDRA DEW PURE\u2122.<\/p>\n<p>FREKVENCE<br \/>\nPou\u017e\u00edvejte dvakr\u00e1t denn\u011b: r\u00e1no a ve\u010der<\/p>\n","protected":false},"excerpt":{"rendered":"<p>Koncentrovan\u00e9 s\u00e9rum pro omlazen\u00ed pleti<\/p>\n<p>&#8211; Vyhlazuje, vyp\u00edn\u00e1, zklid\u0148uje, hydratuje<br \/>\n&#8211; S obsahem kyseliny hyaluronov\u00e9<br \/>\n&#8211; Pro suchou, citlivou, ple\u0165<\/p>\n","protected":false},"featured_media":3503,"comment_status":"open","ping_status":"closed","template":"","meta":{"_acf_changed":false},"badge":[],"product_brand":[],"product_cat":[262,250,267,261],"product_tag":[],"class_list":{"0":"post-4842","1":"product","2":"type-product","3":"status-publish","4":"has-post-thumbnail","6":"product_cat-citliva-plet-cs","7":"product_cat-hydra-dew-pure-cs","8":"product_cat-kremy-a-sera-cs","9":"product_cat-sucha-a-poskozena-plet","10":"pa_objem-velkost-50-ml-cs","12":"first","13":"instock","14":"taxable","15":"shipping-taxable","16":"purchasable","17":"product-type-simple"},"acf":[],"_links":{"self":[{"href":"https:\/\/repechage.ideadivisions.dev\/cs\/wp-json\/wp\/v2\/product\/4842","targetHints":{"allow":["GET"]}}],"collection":[{"href":"https:\/\/repechage.ideadivisions.dev\/cs\/wp-json\/wp\/v2\/product"}],"about":[{"href":"https:\/\/repechage.ideadivisions.dev\/cs\/wp-json\/wp\/v2\/types\/product"}],"replies":[{"embeddable":true,"href":"https:\/\/repechage.ideadivisions.dev\/cs\/wp-json\/wp\/v2\/comments?post=4842"}],"wp:featuredmedia":[{"embeddable":true,"href":"https:\/\/repechage.ideadivisions.dev\/cs\/wp-json\/wp\/v2\/media\/3503"}],"wp:attachment":[{"href":"https:\/\/repechage.ideadivisions.dev\/cs\/wp-json\/wp\/v2\/media?parent=4842"}],"wp:term":[{"taxonomy":"badge","embeddable":true,"href":"https:\/\/repechage.ideadivisions.dev\/cs\/wp-json\/wp\/v2\/badge?post=4842"},{"taxonomy":"product_brand","embeddable":true,"href":"https:\/\/repechage.ideadivisions.dev\/cs\/wp-json\/wp\/v2\/product_brand?post=4842"},{"taxonomy":"product_cat","embeddable":true,"href":"https:\/\/repechage.ideadivisions.dev\/cs\/wp-json\/wp\/v2\/product_cat?post=4842"},{"taxonomy":"product_tag","embeddable":true,"href":"https:\/\/repechage.ideadivisions.dev\/cs\/wp-json\/wp\/v2\/product_tag?post=4842"}],"curies":[{"name":"wp","href":"https:\/\/api.w.org\/{rel}","templated":true}]}}