{"id":4843,"date":"2023-05-24T09:09:10","date_gmt":"2023-05-24T07:09:10","guid":{"rendered":"https:\/\/repechage.ideadivisions.dev\/?post_type=product&#038;p=4843"},"modified":"2025-04-26T11:37:00","modified_gmt":"2025-04-26T09:37:00","slug":"hydra-dew-pure-nocni-krem","status":"publish","type":"product","link":"https:\/\/repechage.ideadivisions.dev\/cs\/produkt\/hydra-dew-pure-nocni-krem\/","title":{"rendered":"Hydra Dew Pure\u2122 no\u010dn\u00ed kr\u00e9m"},"content":{"rendered":"<p>CO JE TO?<br \/>\nZm\u011b\u0148te vzhled sv\u00e9 pleti s t\u00edmto v\u00fd\u017eivn\u00fdm no\u010dn\u00edm kr\u00e9mem. T\u0159i v\u00fdta\u017eky z mo\u0159sk\u00fdch \u0159as, peptid a kyselina hyaluronov\u00e1 pom\u00e1haj\u00ed obnovit p\u0159irozenou bari\u00e9ru vlhkosti poko\u017eky. N\u00e1\u0161 koncept pro pohodl\u00ed poko\u017eky pom\u00e1h\u00e1 sni\u017eovat v\u00fdskyt jemn\u00fdch linek a vr\u00e1sek a pom\u00e1h\u00e1 podporovat elasticitu poko\u017eky a dokonalou hydrataci.<br \/>\nZamilujete si jeho v\u016fni ze 100% \u010dist\u00fdch a p\u0159\u00edrodn\u00edch esenci\u00e1ln\u00edch olej\u016f z r\u016f\u017ee, citrus\u016f, pelargonie a d\u0159eva.<\/p>\n<p>PRO KOHO?<br \/>\nPro suchou, citlivou ple\u0165. Je ide\u00e1ln\u00ed pro zralou poko\u017eku.<\/p>\n<p>DOB\u0158E V\u011aD\u011aT<br \/>\nBez paraben\u016f, bez v\u016fn\u011b, bez miner\u00e1ln\u00edch olej\u016f, bez petrochemick\u00fdch l\u00e1tek a bez uvol\u0148ova\u010d\u016f formaldehydu.<\/p>\n<p>POU\u017dIT\u00cd<br \/>\nNaneste na vy\u010di\u0161t\u011bn\u00fd obli\u010dej pohybem nahoru a ven.<\/p>\n<p>FREKVENCE<br \/>\nPou\u017e\u00edvejte ve\u010der.<\/p>\n","protected":false},"excerpt":{"rendered":"<p>Klinicky prok\u00e1z\u00e1no: 58% zv\u00fd\u0161en\u00ed hydratace p\u0159i ka\u017edodenn\u00edm pou\u017e\u00edv\u00e1n\u00ed ji\u017e za 4 t\u00fddny*<\/p>\n<p>&#8211; Hydratuje, regeneruje, vyhlazuje<br \/>\n&#8211; Hutn\u00e1 kr\u00e9mov\u00e1 textura<br \/>\n&#8211; Pro suchou, citlivou, zralou ple\u0165<\/p>\n<p>*Nez\u00e1visl\u00e1 laboratorn\u00ed studie, NY, 2020<\/p>\n","protected":false},"featured_media":3507,"comment_status":"open","ping_status":"closed","template":"","meta":{"_acf_changed":false},"badge":[],"product_brand":[],"product_cat":[262,250,267,261],"product_tag":[],"class_list":{"0":"post-4843","1":"product","2":"type-product","3":"status-publish","4":"has-post-thumbnail","6":"product_cat-citliva-plet-cs","7":"product_cat-hydra-dew-pure-cs","8":"product_cat-kremy-a-sera-cs","9":"product_cat-sucha-a-poskozena-plet","10":"pa_objem-velkost-30-ml-cs","12":"first","13":"instock","14":"taxable","15":"shipping-taxable","16":"purchasable","17":"product-type-simple"},"acf":[],"_links":{"self":[{"href":"https:\/\/repechage.ideadivisions.dev\/cs\/wp-json\/wp\/v2\/product\/4843","targetHints":{"allow":["GET"]}}],"collection":[{"href":"https:\/\/repechage.ideadivisions.dev\/cs\/wp-json\/wp\/v2\/product"}],"about":[{"href":"https:\/\/repechage.ideadivisions.dev\/cs\/wp-json\/wp\/v2\/types\/product"}],"replies":[{"embeddable":true,"href":"https:\/\/repechage.ideadivisions.dev\/cs\/wp-json\/wp\/v2\/comments?post=4843"}],"wp:featuredmedia":[{"embeddable":true,"href":"https:\/\/repechage.ideadivisions.dev\/cs\/wp-json\/wp\/v2\/media\/3507"}],"wp:attachment":[{"href":"https:\/\/repechage.ideadivisions.dev\/cs\/wp-json\/wp\/v2\/media?parent=4843"}],"wp:term":[{"taxonomy":"badge","embeddable":true,"href":"https:\/\/repechage.ideadivisions.dev\/cs\/wp-json\/wp\/v2\/badge?post=4843"},{"taxonomy":"product_brand","embeddable":true,"href":"https:\/\/repechage.ideadivisions.dev\/cs\/wp-json\/wp\/v2\/product_brand?post=4843"},{"taxonomy":"product_cat","embeddable":true,"href":"https:\/\/repechage.ideadivisions.dev\/cs\/wp-json\/wp\/v2\/product_cat?post=4843"},{"taxonomy":"product_tag","embeddable":true,"href":"https:\/\/repechage.ideadivisions.dev\/cs\/wp-json\/wp\/v2\/product_tag?post=4843"}],"curies":[{"name":"wp","href":"https:\/\/api.w.org\/{rel}","templated":true}]}}