{"id":4844,"date":"2023-05-24T09:09:10","date_gmt":"2023-05-24T07:09:10","guid":{"rendered":"https:\/\/repechage.ideadivisions.dev\/?post_type=product&#038;p=4844"},"modified":"2025-04-25T11:24:33","modified_gmt":"2025-04-25T09:24:33","slug":"hydra-dew-pure-hydratacni-olej","status":"publish","type":"product","link":"https:\/\/repechage.ideadivisions.dev\/cs\/produkt\/hydra-dew-pure-hydratacni-olej\/","title":{"rendered":"Hydra Dew Pure\u2122 hydrata\u010dn\u00ed olej"},"content":{"rendered":"<p>CO JE TO?<br \/>\nSpecifick\u00fd olej vytvo\u0159en\u00fd pro pou\u017eit\u00ed na obli\u010dej nebo t\u011blo pro hydrataci a obnovu poko\u017eky.<br \/>\nTento jedine\u010dn\u00fd ple\u0165ov\u00fd olej kombinuje \u010dist\u00fd v\u00fdta\u017eek z mo\u0159sk\u00fdch \u0159as Laminaria Digitata s \u00fa\u010dinn\u00fdm mastichov\u00fdm olejem z ostrova Chios, organick\u00fdm olejem ze semen Cannabis Sativa a olejem ze semen kam\u00e9lie japonsk\u00e9, kter\u00e1 pom\u00e1haj\u00ed obnovit vzhled p\u0159irozen\u00e9 bari\u00e9ry vlhkosti poko\u017eky a vytv\u00e1\u0159ej\u00ed jemnou a hladkou ple\u0165.<\/p>\n<p>PRO KOHO?<br \/>\nPro suchou, dehydrovanou poko\u017eku<\/p>\n<p>DOB\u0158E V\u011aD\u011aT<br \/>\nBez paraben\u016f, bez v\u016fn\u011b, bez miner\u00e1ln\u00edch olej\u016f, bez petrochemick\u00fdch l\u00e1tek a bez uvol\u0148ova\u010d\u016f formaldehydu.<\/p>\n<p>POU\u017dIT\u00cd<br \/>\nTento p\u0159irozen\u011b vo\u0148av\u00fd olej lze pou\u017e\u00edt jako mas\u00e1\u017en\u00ed olej na such\u00e1 m\u00edsta na t\u011ble nebo jako s\u00e9rum na obli\u010dej, krk a dekolt.<\/p>\n<p>FREKVENCE<br \/>\nPou\u017e\u00edvejte dle pot\u0159eby.<\/p>\n","protected":false},"excerpt":{"rendered":"<p>Jedine\u010dn\u00fd olej z mo\u0159sk\u00fdch \u0159as<\/p>\n<p>&#8211; Hydratuje, regeneruje<br \/>\n&#8211; Na obli\u010dej i t\u011blo<br \/>\n&#8211; Pro suchou, dehydrovanou poko\u017eku<\/p>\n","protected":false},"featured_media":3511,"comment_status":"open","ping_status":"closed","template":"","meta":{"_acf_changed":false},"badge":[],"product_brand":[],"product_cat":[262,250,267,261],"product_tag":[],"class_list":{"0":"post-4844","1":"product","2":"type-product","3":"status-publish","4":"has-post-thumbnail","6":"product_cat-citliva-plet-cs","7":"product_cat-hydra-dew-pure-cs","8":"product_cat-kremy-a-sera-cs","9":"product_cat-sucha-a-poskozena-plet","10":"pa_objem-velkost-50-ml-cs","12":"first","13":"instock","14":"taxable","15":"shipping-taxable","16":"purchasable","17":"product-type-simple"},"acf":[],"_links":{"self":[{"href":"https:\/\/repechage.ideadivisions.dev\/cs\/wp-json\/wp\/v2\/product\/4844","targetHints":{"allow":["GET"]}}],"collection":[{"href":"https:\/\/repechage.ideadivisions.dev\/cs\/wp-json\/wp\/v2\/product"}],"about":[{"href":"https:\/\/repechage.ideadivisions.dev\/cs\/wp-json\/wp\/v2\/types\/product"}],"replies":[{"embeddable":true,"href":"https:\/\/repechage.ideadivisions.dev\/cs\/wp-json\/wp\/v2\/comments?post=4844"}],"wp:featuredmedia":[{"embeddable":true,"href":"https:\/\/repechage.ideadivisions.dev\/cs\/wp-json\/wp\/v2\/media\/3511"}],"wp:attachment":[{"href":"https:\/\/repechage.ideadivisions.dev\/cs\/wp-json\/wp\/v2\/media?parent=4844"}],"wp:term":[{"taxonomy":"badge","embeddable":true,"href":"https:\/\/repechage.ideadivisions.dev\/cs\/wp-json\/wp\/v2\/badge?post=4844"},{"taxonomy":"product_brand","embeddable":true,"href":"https:\/\/repechage.ideadivisions.dev\/cs\/wp-json\/wp\/v2\/product_brand?post=4844"},{"taxonomy":"product_cat","embeddable":true,"href":"https:\/\/repechage.ideadivisions.dev\/cs\/wp-json\/wp\/v2\/product_cat?post=4844"},{"taxonomy":"product_tag","embeddable":true,"href":"https:\/\/repechage.ideadivisions.dev\/cs\/wp-json\/wp\/v2\/product_tag?post=4844"}],"curies":[{"name":"wp","href":"https:\/\/api.w.org\/{rel}","templated":true}]}}