{"id":4845,"date":"2023-05-24T09:09:15","date_gmt":"2023-05-24T07:09:15","guid":{"rendered":"https:\/\/repechage.ideadivisions.dev\/?post_type=product&#038;p=4845"},"modified":"2025-05-15T18:22:04","modified_gmt":"2025-05-15T16:22:04","slug":"hydra-dew-pure-cestovni-baleni","status":"publish","type":"product","link":"https:\/\/repechage.ideadivisions.dev\/cs\/produkt\/hydra-dew-pure-cestovni-baleni\/","title":{"rendered":"Hydra Dew Pure\u2122 cestovn\u00ed balen\u00ed"},"content":{"rendered":"<p>CO JE TO?<br \/>\nProdukty Hydra Dew Pure Starter Collection pom\u00e1haj\u00ed hydratovat a obnovovat vzhled poko\u017eky s dermatologicky ov\u011b\u0159en\u00fdmi a klinicky ov\u011b\u0159en\u00fdmi recepturami, kter\u00e9 zahrnuj\u00ed p\u0159\u00edrodn\u00ed mastichovou vodu z ostrova Chios v Egejsk\u00e9m mo\u0159i, olej ze semen kam\u00e9lie japonsk\u00e9, exkluzivn\u00ed udr\u017eiteln\u00fd olej od Rep\u00eachage\u00ae extrakt z mo\u0159sk\u00fdch \u0159as a dal\u0161\u00ed prosp\u011b\u0161n\u00e9 rostlinn\u00e9 l\u00e1tky.<\/p>\n<p>PRO KOHO?<br \/>\nPro suchou, dehydrovanou poko\u017eku.<\/p>\n<p>O PRODUKTECH<br \/>\nHydra Dew Pure\u2122 Jemn\u00e1 \u010dist\u00edc\u00ed p\u011bna<br \/>\nToto jemn\u00e1 p\u011bna obsahuje t\u0159i vybran\u00e9 v\u00fdta\u017eky z mo\u0159sk\u00fdch \u0159as, kter\u00e9 vy\u017eivuj\u00ed poko\u017eku, zat\u00edmco p\u0159\u00edrodn\u00ed rostlinn\u00e9 l\u00e1tky, jako jsou v\u00fdta\u017eky z lekn\u00ednu a ovesn\u00fdch otrub, pom\u00e1haj\u00ed sni\u017eovat v\u00fdskyt podr\u00e1\u017ed\u011bn\u00ed.<br \/>\nZp\u016fsob pou\u017eit\u00ed: Aplikujte 1-2 pumpi\u010dky a krou\u017eiv\u00fdmi pohyby zapracujte do poko\u017eky. M\u016f\u017eete pou\u017e\u00edt tak\u00e9 na okol\u00ed o\u010d\u00ed. Odstra\u0148te vla\u017enou vodou a dotonizujte ple\u0165 pomoc\u00ed esenci\u00e1ln\u00ed mlhy. Pou\u017e\u00edvejte r\u00e1no a ve\u010der.<\/p>\n<p>Hydra Dew Pure\u2122 Esenci\u00e1ln\u00ed mlha na obli\u010dej<br \/>\nToto jedine\u010dn\u00e9 hybridn\u00ed s\u00e9rum pro p\u00e9\u010di o ple\u0165 \/ hydrata\u010dn\u00ed sprej na obli\u010dej je zalo\u017eeno na mastichov\u00e9 vod\u011b, kter\u00e1 pom\u00e1h\u00e1 kdykoli vytv\u00e1\u0159et hydratovanou a z\u00e1\u0159ivou ple\u0165. V\u00fd\u017eivn\u00fd extrakt z mo\u0159sk\u00fdch \u0159as Laminaria Digitata a hydrata\u010dn\u00ed kyselina hyaluronov\u00e1 v kombinaci s aloe a p\u0159\u00edrodn\u00edmi rostlinn\u00fdmi l\u00e1tkami poskytuj\u00ed silnou, okam\u017eitou hydrataci a osv\u011b\u017een\u00ed.<br \/>\nZp\u016fsob pou\u017eit\u00ed: Nast\u0159\u00edkejte po o\u010di\u0161t\u011bn\u00ed dvakr\u00e1t denn\u011b nebo tak \u010dasto, jak je pot\u0159eba. Skv\u011bl\u00e9 na cesty a lze ji nast\u0159\u00edkat i na make-up.<\/p>\n<p>Hydra Dew Pure\u2122 hydrata\u010dn\u00ed kr\u00e9m<br \/>\nTento v\u00edce\u00fa\u010delov\u00fd kr\u00e9m na obli\u010dej zahal\u00ed poko\u017eku do bohat\u00e9 vlhkosti a d\u00edky t\u0159em vybran\u00fdm mo\u0159sk\u00fdm \u0159as\u00e1m vytv\u00e1\u0159\u00ed okam\u017eit\u011b hydratovanou ple\u0165.<br \/>\nZp\u016fsob pou\u017eit\u00ed: Po rann\u00edm o\u010di\u0161t\u011bn\u00ed a tonizaci pleti naneste rovnom\u011brn\u011b na poko\u017eku.<\/p>\n<p>Hydra Dew Pure\u2122 no\u010dn\u00ed kr\u00e9m<br \/>\nTento v\u00fd\u017eivn\u00fd no\u010dn\u00ed kr\u00e9m pom\u00e1h\u00e1 zm\u011bnit vzhled va\u0161\u00ed pleti pomoc\u00ed t\u0159\u00ed v\u00fdta\u017ek\u016f z mo\u0159sk\u00fdch \u0159as a kyseliny hyaluronov\u00e9. Obnovuje p\u0159irozenou bari\u00e9ru pleti a hloubkov\u011b hydratuje.<br \/>\nZp\u016fsob pou\u017eit\u00ed: Po ve\u010dern\u00edm o\u010di\u0161t\u011bn\u00ed a tonizaci pleti naneste na vy\u010di\u0161t\u011bn\u00fd obli\u010dej pohybem nahoru a ven.<\/p>\n<p>Hydra Dew Pure\u2122 o\u010dn\u00ed kr\u00e9m<br \/>\nTento jemn\u00fd, ale vysoce \u00fa\u010dinn\u00fd o\u010dn\u00ed kr\u00e9m spojuje n\u00e1\u0161 exkluzivn\u00ed extrakt z mo\u0159sk\u00fdch \u0159as v kombinaci s peptidem, lekn\u00ednem a olejem ze semen kam\u00e9lie japonsk\u00e9 a v\u00fdta\u017eky z kofeinu ke sn\u00ed\u017een\u00ed v\u00fdskytu otok\u016f a vr\u00e1sek.<br \/>\nZp\u016fsob pou\u017eit\u00ed: Aplikujte krou\u017eiv\u00fdmi pohyby na okol\u00ed o\u010d\u00ed. Pro dosa\u017een\u00ed nejlep\u0161\u00edch v\u00fdsledk\u016f aplikujte jemn\u00fdm poklep\u00e1v\u00e1n\u00edm. Pou\u017e\u00edvejte 2x denn\u011b: r\u00e1no a ve\u010der.<\/p>\n","protected":false},"excerpt":{"rendered":"<p>Praktick\u00e9 cestovn\u00ed balen\u00ed p\u011bti produkt\u016f \u0159ady Hydra Dew Pure\u2122.<br \/>\n&#8211; Hydra Dew Pure Gentle Foaming Cleanser: 50 ml<br \/>\n&#8211; Hydra Dew Pure Facial Essence Mist: 30 ml<br \/>\n&#8211; Hydra Dew Pure Facial Moisturizer: 15 ml<br \/>\n&#8211; Hydra Dew Pure\u2122 Night Cream: 15 ml<br \/>\n&#8211; Hydra Dew Pure\u2122 Eye Contour Cream: 2 ml<\/p>\n","protected":false},"featured_media":7069,"comment_status":"open","ping_status":"closed","template":"","meta":{"_acf_changed":false},"badge":[],"product_brand":[],"product_cat":[337,265,250,261],"product_tag":[],"class_list":{"0":"post-4845","1":"product","2":"type-product","3":"status-publish","4":"has-post-thumbnail","6":"product_cat-akce","7":"product_cat-darkove-poukazy-a-balicky","8":"product_cat-hydra-dew-pure-cs","9":"product_cat-sucha-a-poskozena-plet","11":"first","12":"instock","13":"taxable","14":"shipping-taxable","15":"purchasable","16":"product-type-simple"},"acf":[],"_links":{"self":[{"href":"https:\/\/repechage.ideadivisions.dev\/cs\/wp-json\/wp\/v2\/product\/4845","targetHints":{"allow":["GET"]}}],"collection":[{"href":"https:\/\/repechage.ideadivisions.dev\/cs\/wp-json\/wp\/v2\/product"}],"about":[{"href":"https:\/\/repechage.ideadivisions.dev\/cs\/wp-json\/wp\/v2\/types\/product"}],"replies":[{"embeddable":true,"href":"https:\/\/repechage.ideadivisions.dev\/cs\/wp-json\/wp\/v2\/comments?post=4845"}],"wp:featuredmedia":[{"embeddable":true,"href":"https:\/\/repechage.ideadivisions.dev\/cs\/wp-json\/wp\/v2\/media\/7069"}],"wp:attachment":[{"href":"https:\/\/repechage.ideadivisions.dev\/cs\/wp-json\/wp\/v2\/media?parent=4845"}],"wp:term":[{"taxonomy":"badge","embeddable":true,"href":"https:\/\/repechage.ideadivisions.dev\/cs\/wp-json\/wp\/v2\/badge?post=4845"},{"taxonomy":"product_brand","embeddable":true,"href":"https:\/\/repechage.ideadivisions.dev\/cs\/wp-json\/wp\/v2\/product_brand?post=4845"},{"taxonomy":"product_cat","embeddable":true,"href":"https:\/\/repechage.ideadivisions.dev\/cs\/wp-json\/wp\/v2\/product_cat?post=4845"},{"taxonomy":"product_tag","embeddable":true,"href":"https:\/\/repechage.ideadivisions.dev\/cs\/wp-json\/wp\/v2\/product_tag?post=4845"}],"curies":[{"name":"wp","href":"https:\/\/api.w.org\/{rel}","templated":true}]}}