{"id":4846,"date":"2023-05-24T09:09:15","date_gmt":"2023-05-24T07:09:15","guid":{"rendered":"https:\/\/repechage.ideadivisions.dev\/?post_type=product&#038;p=4846"},"modified":"2025-02-06T11:37:07","modified_gmt":"2025-02-06T10:37:07","slug":"hydra-medic-pletova-voda-pro-mastnou-problematickou-plet","status":"publish","type":"product","link":"https:\/\/repechage.ideadivisions.dev\/cs\/produkt\/hydra-medic-pletova-voda-pro-mastnou-problematickou-plet\/","title":{"rendered":"Hydra Medic\u00ae ple\u0165ov\u00e1 voda pro mastnou problematickou ple\u0165"},"content":{"rendered":"<p>CO JE TO?<br \/>\nHydra Medic\u00ae Astringent je druh\u00fdm krokem v \u010di\u0161t\u011bn\u00ed pleti, kter\u00fd pom\u00e1h\u00e1 vyrovnat charakter pleti. Formulov\u00e1n s rostlinn\u00fdmi v\u00fdta\u017eky pom\u00e1h\u00e1 poko\u017ece c\u00edtit se \u010dist\u011b a sv\u011b\u017ee. D\u00edky stahuj\u00edc\u00edmu slo\u017een\u00ed redukuje roz\u0161\u00ed\u0159en\u00e9 p\u00f3ry, tlum\u00ed tvorbu mazu, eliminuje z\u00e1n\u011bty a rostlinn\u00e9 v\u00fdta\u017eky napom\u00e1haj\u00ed zklidn\u011bn\u00ed a podpo\u0159e hojen\u00ed. Obsahuje p\u0159\u00edrodn\u00ed kyselinu salicylovou, mikro\u0159asy, komplex zinku a siln\u00e9 antioxidanty.<br \/>\nV p\u0159\u00edpad\u011b pot\u0159eby je mo\u017en\u00e9 pou\u017e\u00edt jej i na dekolt \u010di z\u00e1da.<\/p>\n<p>PRO KOHO?<br \/>\nPro sm\u00ed\u0161enou a\u017e mastnou ple\u0165, akn\u00f3zn\u00ed poko\u017eku<\/p>\n<p>POU\u017dIT\u00cd<br \/>\nPo o\u010di\u0161t\u011bn\u00ed pleti gelem, p\u011bnou nebo ml\u00e9kem aplikujte HYDRA MEDIC\u00ae ASTRINGENT na tampony a p\u0159ech\u00e1zejte po pleti. Vyh\u00fdbejte se oblasti o\u010d\u00ed.<\/p>\n<p>FREKVENCE<br \/>\nPou\u017e\u00edvejte 2x denn\u011b: r\u00e1no a ve\u010der<\/p>\n","protected":false},"excerpt":{"rendered":"<p>Stahuj\u00edc\u00ed ple\u0165ov\u00e1 voda pro problematickou ple\u0165<\/p>\n<p>&#8211; 2. krok \u010di\u0161t\u011bn\u00ed pleti<br \/>\n&#8211; Tonizuje, stahuje, \u010dist\u00ed<br \/>\n&#8211; Pro sm\u00ed\u0161enou a\u017e mastnou ple\u0165, akn\u00f3zn\u00ed poko\u017eku<\/p>\n","protected":false},"featured_media":3518,"comment_status":"open","ping_status":"closed","template":"","meta":{"_acf_changed":false},"badge":[],"product_brand":[],"product_cat":[266,251,257],"product_tag":[],"class_list":{"0":"post-4846","1":"product","2":"type-product","3":"status-publish","4":"has-post-thumbnail","6":"product_cat-cisteni-pleti-a-tonizace","7":"product_cat-hydra-medic-cs","8":"product_cat-smisena-az-mastna-plet-s-akne","9":"pa_objem-velkost-177-ml-cs","11":"first","12":"instock","13":"taxable","14":"shipping-taxable","15":"purchasable","16":"product-type-simple"},"acf":[],"_links":{"self":[{"href":"https:\/\/repechage.ideadivisions.dev\/cs\/wp-json\/wp\/v2\/product\/4846","targetHints":{"allow":["GET"]}}],"collection":[{"href":"https:\/\/repechage.ideadivisions.dev\/cs\/wp-json\/wp\/v2\/product"}],"about":[{"href":"https:\/\/repechage.ideadivisions.dev\/cs\/wp-json\/wp\/v2\/types\/product"}],"replies":[{"embeddable":true,"href":"https:\/\/repechage.ideadivisions.dev\/cs\/wp-json\/wp\/v2\/comments?post=4846"}],"wp:featuredmedia":[{"embeddable":true,"href":"https:\/\/repechage.ideadivisions.dev\/cs\/wp-json\/wp\/v2\/media\/3518"}],"wp:attachment":[{"href":"https:\/\/repechage.ideadivisions.dev\/cs\/wp-json\/wp\/v2\/media?parent=4846"}],"wp:term":[{"taxonomy":"badge","embeddable":true,"href":"https:\/\/repechage.ideadivisions.dev\/cs\/wp-json\/wp\/v2\/badge?post=4846"},{"taxonomy":"product_brand","embeddable":true,"href":"https:\/\/repechage.ideadivisions.dev\/cs\/wp-json\/wp\/v2\/product_brand?post=4846"},{"taxonomy":"product_cat","embeddable":true,"href":"https:\/\/repechage.ideadivisions.dev\/cs\/wp-json\/wp\/v2\/product_cat?post=4846"},{"taxonomy":"product_tag","embeddable":true,"href":"https:\/\/repechage.ideadivisions.dev\/cs\/wp-json\/wp\/v2\/product_tag?post=4846"}],"curies":[{"name":"wp","href":"https:\/\/api.w.org\/{rel}","templated":true}]}}