{"id":4847,"date":"2023-05-24T09:09:15","date_gmt":"2023-05-24T07:09:15","guid":{"rendered":"https:\/\/repechage.ideadivisions.dev\/?post_type=product&#038;p=4847"},"modified":"2025-06-11T13:25:43","modified_gmt":"2025-06-11T11:25:43","slug":"hydra-medic-aha-a-bha-serum-2","status":"publish","type":"product","link":"https:\/\/repechage.ideadivisions.dev\/cs\/produkt\/hydra-medic-aha-a-bha-serum-2\/","title":{"rendered":"Hydra Medic\u00ae AHA a BHA s\u00e9rum"},"content":{"rendered":"<p>CO JE TO?<br \/>\nS\u00e9rum je sm\u011bs\u00ed alfa a beta hydroxykyselin, kter\u00e9 odstra\u0148uj\u00ed odum\u0159el\u00e9 bu\u0148ky a pom\u00e1haj\u00ed odhalit hlad\u0161\u00ed a \u010dist\u0161\u00ed ple\u0165. V\u00fdta\u017eky z mo\u0159sk\u00fdch \u0159as, jako je Laminaria Digitata a Ascophylum Nodosum, spolu s dal\u0161\u00edmi rostlinn\u00fdmi l\u00e1tkami pom\u00e1haj\u00ed redukovat v\u00fdskyt suchosti a zlep\u0161uj\u00ed t\u00f3n pleti.<\/p>\n<p>UPOZORN\u011aN\u00cd!<br \/>\nTento produkt obsahuje alfa a beta hydroxykyseliny (AHA a BHA), kter\u00e9 mohou zv\u00fd\u0161it citlivost poko\u017eky na slunce a mo\u017enost sp\u00e1len\u00ed. B\u011bhem pou\u017e\u00edv\u00e1n\u00ed tohoto produktu a t\u00fdden po n\u011bm pou\u017e\u00edvejte opalovac\u00ed kr\u00e9m s vysok\u00fdm SPF faktorem a omezte pobyt na slunci.<\/p>\n<p>DOB\u0158E V\u011aD\u011aT<br \/>\nBez syntetick\u00fdch v\u016fn\u00ed, bez alkoholu a paraben\u016f<\/p>\n<p>PRO KOHO?<br \/>\nPro sm\u00ed\u0161enou a\u017e mastnou ple\u0165, akn\u00f3zn\u00ed poko\u017eku<\/p>\n<p>POU\u017dIT\u00cd<br \/>\nPo ve\u010dern\u00edm o\u010di\u0161t\u011bn\u00ed pleti naneste s\u00e9rum v tenk\u00e9 vrstv\u011b na poko\u017eku a n\u00e1sledn\u011b pou\u017eijte kr\u00e9m. Vynechejte oblast okol\u00ed o\u010d\u00ed.<\/p>\n<p>FREKVENCE<br \/>\nPou\u017e\u00edvejte ve\u010der.<\/p>\n","protected":false},"excerpt":{"rendered":"<p>Odhalte potenci\u00e1l, kter\u00fd se ve va\u0161\u00ed pleti skr\u00fdv\u00e1.<\/p>\n<p>&#8211; Zjemn\u011bn\u00ed, rozjasn\u011bn\u00ed, eliminace z\u00e1n\u011bt\u016f<br \/>\n&#8211; Ve\u010dern\u00ed s\u00e9rum<br \/>\n&#8211; Pro sm\u00ed\u0161enou a\u017e mastnou ple\u0165, akn\u00f3zn\u00ed poko\u017eku<\/p>\n","protected":false},"featured_media":3521,"comment_status":"open","ping_status":"closed","template":"","meta":{"_acf_changed":false},"badge":[],"product_brand":[],"product_cat":[251,267,257],"product_tag":[],"class_list":{"0":"post-4847","1":"product","2":"type-product","3":"status-publish","4":"has-post-thumbnail","6":"product_cat-hydra-medic-cs","7":"product_cat-kremy-a-sera-cs","8":"product_cat-smisena-az-mastna-plet-s-akne","9":"pa_objem-velkost-60-ml-cs","11":"first","12":"instock","13":"taxable","14":"shipping-taxable","15":"purchasable","16":"product-type-simple"},"acf":[],"_links":{"self":[{"href":"https:\/\/repechage.ideadivisions.dev\/cs\/wp-json\/wp\/v2\/product\/4847","targetHints":{"allow":["GET"]}}],"collection":[{"href":"https:\/\/repechage.ideadivisions.dev\/cs\/wp-json\/wp\/v2\/product"}],"about":[{"href":"https:\/\/repechage.ideadivisions.dev\/cs\/wp-json\/wp\/v2\/types\/product"}],"replies":[{"embeddable":true,"href":"https:\/\/repechage.ideadivisions.dev\/cs\/wp-json\/wp\/v2\/comments?post=4847"}],"wp:featuredmedia":[{"embeddable":true,"href":"https:\/\/repechage.ideadivisions.dev\/cs\/wp-json\/wp\/v2\/media\/3521"}],"wp:attachment":[{"href":"https:\/\/repechage.ideadivisions.dev\/cs\/wp-json\/wp\/v2\/media?parent=4847"}],"wp:term":[{"taxonomy":"badge","embeddable":true,"href":"https:\/\/repechage.ideadivisions.dev\/cs\/wp-json\/wp\/v2\/badge?post=4847"},{"taxonomy":"product_brand","embeddable":true,"href":"https:\/\/repechage.ideadivisions.dev\/cs\/wp-json\/wp\/v2\/product_brand?post=4847"},{"taxonomy":"product_cat","embeddable":true,"href":"https:\/\/repechage.ideadivisions.dev\/cs\/wp-json\/wp\/v2\/product_cat?post=4847"},{"taxonomy":"product_tag","embeddable":true,"href":"https:\/\/repechage.ideadivisions.dev\/cs\/wp-json\/wp\/v2\/product_tag?post=4847"}],"curies":[{"name":"wp","href":"https:\/\/api.w.org\/{rel}","templated":true}]}}