{"id":4848,"date":"2023-05-24T09:09:15","date_gmt":"2023-05-24T07:09:15","guid":{"rendered":"https:\/\/repechage.ideadivisions.dev\/?post_type=product&#038;p=4848"},"modified":"2025-01-11T12:57:06","modified_gmt":"2025-01-11T11:57:06","slug":"hydra-medic-stahujici-a-matujici-serum","status":"publish","type":"product","link":"https:\/\/repechage.ideadivisions.dev\/cs\/produkt\/hydra-medic-stahujici-a-matujici-serum\/","title":{"rendered":"Hydra Medic\u00ae stahuj\u00edc\u00ed a matuj\u00edc\u00ed s\u00e9rum"},"content":{"rendered":"<p>CO JE TO?<br \/>\nS\u00e9rum s BHA a obsahem rostlinn\u00fdch v\u00fdta\u017ek\u016f pom\u00e1h\u00e1 sni\u017eovat lesk, bojuje proti bakteri\u00edm zp\u016fsobuj\u00edc\u00edch akn\u00e9 a \u010dist\u00ed ple\u0165. D\u00edky obsahu zinku napom\u00e1h\u00e1 hojen\u00ed pleti.<\/p>\n<p>UPOZORN\u011aN\u00cd!<br \/>\nTento produkt obsahuje beta hydroxykyseliny (BHA), kter\u00e9 mohou zv\u00fd\u0161it citlivost poko\u017eky na slunce a mo\u017enost sp\u00e1len\u00ed. B\u011bhem pou\u017e\u00edv\u00e1n\u00ed tohoto produktu a t\u00fdden po n\u011bm pou\u017e\u00edvejte opalovac\u00ed kr\u00e9m s vysok\u00fdm SPF faktorem a omezte pobyt na slunci.<\/p>\n<p>PRO KOHO?<br \/>\nPro sm\u00ed\u0161enou a\u017e mastnou ple\u0165, akn\u00f3zn\u00ed poko\u017eku<\/p>\n<p>POU\u017dIT\u00cd<br \/>\nP\u0159ed pou\u017eit\u00edm dob\u0159e prot\u0159epejte.<br \/>\nPo ve\u010dern\u00edm o\u010di\u0161t\u011bn\u00ed pleti vmas\u00edrujte do problematick\u00fdch oblast\u00ed a vyhn\u011bte se oblasti o\u010d\u00ed. Nechte p\u016fsobit p\u0159es noc bez odstran\u011bn\u00ed a r\u00e1no omyjte vla\u017enou vodou.<\/p>\n<p>FREKVENCE<br \/>\nPou\u017e\u00edvejte ve\u010der.<\/p>\n","protected":false},"excerpt":{"rendered":"<p>SOS s\u00e9rum s BHA kyselinami<\/p>\n<p>&#8211; Matuje, \u010dist\u00ed, stahuje<br \/>\n&#8211; Ve\u010dern\u00ed s\u00e9rum<br \/>\n&#8211; Pro sm\u00ed\u0161enou a\u017e mastnou ple\u0165, akn\u00f3zn\u00ed poko\u017eku<\/p>\n","protected":false},"featured_media":3523,"comment_status":"open","ping_status":"closed","template":"","meta":{"_acf_changed":false},"badge":[],"product_brand":[],"product_cat":[251,267,257],"product_tag":[],"class_list":{"0":"post-4848","1":"product","2":"type-product","3":"status-publish","4":"has-post-thumbnail","6":"product_cat-hydra-medic-cs","7":"product_cat-kremy-a-sera-cs","8":"product_cat-smisena-az-mastna-plet-s-akne","9":"pa_objem-velkost-75-ml-cs","11":"first","12":"instock","13":"taxable","14":"shipping-taxable","15":"purchasable","16":"product-type-simple"},"acf":[],"_links":{"self":[{"href":"https:\/\/repechage.ideadivisions.dev\/cs\/wp-json\/wp\/v2\/product\/4848","targetHints":{"allow":["GET"]}}],"collection":[{"href":"https:\/\/repechage.ideadivisions.dev\/cs\/wp-json\/wp\/v2\/product"}],"about":[{"href":"https:\/\/repechage.ideadivisions.dev\/cs\/wp-json\/wp\/v2\/types\/product"}],"replies":[{"embeddable":true,"href":"https:\/\/repechage.ideadivisions.dev\/cs\/wp-json\/wp\/v2\/comments?post=4848"}],"wp:featuredmedia":[{"embeddable":true,"href":"https:\/\/repechage.ideadivisions.dev\/cs\/wp-json\/wp\/v2\/media\/3523"}],"wp:attachment":[{"href":"https:\/\/repechage.ideadivisions.dev\/cs\/wp-json\/wp\/v2\/media?parent=4848"}],"wp:term":[{"taxonomy":"badge","embeddable":true,"href":"https:\/\/repechage.ideadivisions.dev\/cs\/wp-json\/wp\/v2\/badge?post=4848"},{"taxonomy":"product_brand","embeddable":true,"href":"https:\/\/repechage.ideadivisions.dev\/cs\/wp-json\/wp\/v2\/product_brand?post=4848"},{"taxonomy":"product_cat","embeddable":true,"href":"https:\/\/repechage.ideadivisions.dev\/cs\/wp-json\/wp\/v2\/product_cat?post=4848"},{"taxonomy":"product_tag","embeddable":true,"href":"https:\/\/repechage.ideadivisions.dev\/cs\/wp-json\/wp\/v2\/product_tag?post=4848"}],"curies":[{"name":"wp","href":"https:\/\/api.w.org\/{rel}","templated":true}]}}