{"id":4849,"date":"2023-05-24T09:09:15","date_gmt":"2023-05-24T07:09:15","guid":{"rendered":"https:\/\/repechage.ideadivisions.dev\/?post_type=product&#038;p=4849"},"modified":"2025-04-26T11:35:46","modified_gmt":"2025-04-26T09:35:46","slug":"hydra-medic-korektor-2","status":"publish","type":"product","link":"https:\/\/repechage.ideadivisions.dev\/cs\/produkt\/hydra-medic-korektor-2\/","title":{"rendered":"Hydra Medic\u00ae korektor"},"content":{"rendered":"<p>CO JE TO?<br \/>\nTento korektor se zelen\u00fdm odst\u00ednem zakr\u00fdv\u00e1 nedokonalosti a viditeln\u00e9 zarudnut\u00ed, zat\u00edmco \u00fa\u010dinn\u00e9 slo\u017eky p\u00e9\u010de o ple\u0165 v\u010detn\u011b v\u00fdta\u017ek\u016f z mo\u0159sk\u00fdch \u0159as, st\u0159\u00edbra a vitam\u00edn\u016f E a C pom\u00e1haj\u00ed redukovat v\u00fdskyt akn\u00f3zn\u00edch z\u00e1n\u011btliv\u00fdch proces\u016f. Kaolin pom\u00e1h\u00e1 absorbovat p\u0159ebyte\u010dn\u00fd maz, \u010d\u00edm\u017e p\u0159isp\u00edv\u00e1 k matn\u00e9mu efektu.<\/p>\n<p>PRO KOHO?<br \/>\nPro sm\u00ed\u0161enou a\u017e mastnou ple\u0165, akn\u00f3zn\u00ed poko\u017eku<\/p>\n<p>POU\u017dIT\u00cd<br \/>\nLze aplikovat dv\u011bma zp\u016fsoby.<br \/>\nVmas\u00edrujte do probl\u00e9mov\u00fdch oblast\u00ed, pot\u00e9 na n\u011b navrstv\u011bte tekut\u00fd make-up.<br \/>\nPro pln\u011bj\u0161\u00ed kryt\u00ed naneste Hydra Medic\u00ae Corrective Concealer na probl\u00e9mov\u00e9 oblasti po nanesen\u00ed podkladov\u00e9 b\u00e1ze, okraje rozet\u0159ete \u0161t\u011btcem na make-up nebo houbou, pot\u00e9 na n\u011bj jemn\u011b naneste korektor Rep\u00eachage\u00ae Perfect Skin Perfecting Concealer v t\u00f3nu pleti a d\u016fkladn\u011b vm\u00edchejte do podkladu.<\/p>\n<p>FREKVENCE<br \/>\nPodle pot\u0159eby<\/p>\n","protected":false},"excerpt":{"rendered":"<p>Nejen kryt\u00ed, ale zejm\u00e9na antibakteri\u00e1ln\u00ed a hojiv\u00fd \u00fa\u010dinek<\/p>\n<p>&#8211; Zelen\u00fd pigment, mo\u0159sk\u00e9 \u0159asy, st\u0159\u00edbro\u2026<br \/>\n&#8211; Kr\u00e9mov\u00fd korektor v ty\u010dince<br \/>\n&#8211; Pro sm\u00ed\u0161enou a\u017e mastnou ple\u0165, akn\u00f3zn\u00ed poko\u017eku<\/p>\n","protected":false},"featured_media":3527,"comment_status":"open","ping_status":"closed","template":"","meta":{"_acf_changed":false},"badge":[],"product_brand":[],"product_cat":[251,267,257],"product_tag":[],"class_list":{"0":"post-4849","1":"product","2":"type-product","3":"status-publish","4":"has-post-thumbnail","6":"product_cat-hydra-medic-cs","7":"product_cat-kremy-a-sera-cs","8":"product_cat-smisena-az-mastna-plet-s-akne","9":"pa_objem-velkost-3-g-cs","11":"first","12":"instock","13":"taxable","14":"shipping-taxable","15":"purchasable","16":"product-type-simple"},"acf":[],"_links":{"self":[{"href":"https:\/\/repechage.ideadivisions.dev\/cs\/wp-json\/wp\/v2\/product\/4849","targetHints":{"allow":["GET"]}}],"collection":[{"href":"https:\/\/repechage.ideadivisions.dev\/cs\/wp-json\/wp\/v2\/product"}],"about":[{"href":"https:\/\/repechage.ideadivisions.dev\/cs\/wp-json\/wp\/v2\/types\/product"}],"replies":[{"embeddable":true,"href":"https:\/\/repechage.ideadivisions.dev\/cs\/wp-json\/wp\/v2\/comments?post=4849"}],"wp:featuredmedia":[{"embeddable":true,"href":"https:\/\/repechage.ideadivisions.dev\/cs\/wp-json\/wp\/v2\/media\/3527"}],"wp:attachment":[{"href":"https:\/\/repechage.ideadivisions.dev\/cs\/wp-json\/wp\/v2\/media?parent=4849"}],"wp:term":[{"taxonomy":"badge","embeddable":true,"href":"https:\/\/repechage.ideadivisions.dev\/cs\/wp-json\/wp\/v2\/badge?post=4849"},{"taxonomy":"product_brand","embeddable":true,"href":"https:\/\/repechage.ideadivisions.dev\/cs\/wp-json\/wp\/v2\/product_brand?post=4849"},{"taxonomy":"product_cat","embeddable":true,"href":"https:\/\/repechage.ideadivisions.dev\/cs\/wp-json\/wp\/v2\/product_cat?post=4849"},{"taxonomy":"product_tag","embeddable":true,"href":"https:\/\/repechage.ideadivisions.dev\/cs\/wp-json\/wp\/v2\/product_tag?post=4849"}],"curies":[{"name":"wp","href":"https:\/\/api.w.org\/{rel}","templated":true}]}}