{"id":4850,"date":"2023-05-24T09:09:15","date_gmt":"2023-05-24T07:09:15","guid":{"rendered":"https:\/\/repechage.ideadivisions.dev\/?post_type=product&#038;p=4850"},"modified":"2025-04-26T11:35:46","modified_gmt":"2025-04-26T09:35:46","slug":"hydra-medic-cistici-gel-na-oblicej-pro-mastnou-problematickou-plet","status":"publish","type":"product","link":"https:\/\/repechage.ideadivisions.dev\/cs\/produkt\/hydra-medic-cistici-gel-na-oblicej-pro-mastnou-problematickou-plet\/","title":{"rendered":"Hydra Medic\u00ae \u010dist\u00edc\u00ed gel na obli\u010dej pro mastnou problematickou ple\u0165"},"content":{"rendered":"<p>CO JE TO?<br \/>\nHydra Medic\u00ae Face Wash je \u010dist\u00edc\u00ed receptura s v\u00fdta\u017ekem z vrbov\u00e9 k\u016fry, kter\u00fd jemn\u011b odstra\u0148uje p\u0159ebyte\u010dnou ne\u010distotu a pom\u00e1h\u00e1 p\u0159edch\u00e1zet pocitu mastnoty. V\u00fdta\u017eky z mo\u0159sk\u00fdch \u0159as Laminaria Digitata a dal\u0161\u00ed rostlinn\u00e9 l\u00e1tky pom\u00e1haj\u00ed p\u0159edch\u00e1zet suchosti.<\/p>\n<p>PRO KOHO?<br \/>\nPro mastnou a akn\u00f3zn\u00ed poko\u017eku<\/p>\n<p>POU\u017dIT\u00cd<br \/>\nNaneste mal\u00e9 mno\u017estv\u00ed gelu na vlhkou poko\u017eku. Jemn\u011b mas\u00edrujte a n\u00e1sledn\u011b d\u016fkladn\u011b omyjte vla\u017enou vodou. Vyhn\u011bte se pou\u017e\u00edv\u00e1n\u00ed v oblasti o\u010d\u00ed.<\/p>\n<p>FREKVENCE<br \/>\nDvakr\u00e1t denn\u011b: r\u00e1no a ve\u010der<\/p>\n","protected":false},"excerpt":{"rendered":"<p>\u010cist\u00edc\u00ed gel jako 1. krok ka\u017edodenn\u00ed p\u00e9\u010de o problematickou ple\u0165<\/p>\n<p>&#8211; Odstra\u0148uje make-up a ne\u010distoty<br \/>\n&#8211; Matuje, \u010dist\u00ed, osv\u011b\u017euje<br \/>\n&#8211; Pro mastnou a akn\u00f3zn\u00ed ple\u0165<\/p>\n","protected":false},"featured_media":3530,"comment_status":"open","ping_status":"closed","template":"","meta":{"_acf_changed":false},"badge":[],"product_brand":[],"product_cat":[266,251,257],"product_tag":[],"class_list":{"0":"post-4850","1":"product","2":"type-product","3":"status-publish","4":"has-post-thumbnail","6":"product_cat-cisteni-pleti-a-tonizace","7":"product_cat-hydra-medic-cs","8":"product_cat-smisena-az-mastna-plet-s-akne","9":"pa_objem-velkost-177-ml-cs","11":"first","12":"instock","13":"taxable","14":"shipping-taxable","15":"purchasable","16":"product-type-simple"},"acf":[],"_links":{"self":[{"href":"https:\/\/repechage.ideadivisions.dev\/cs\/wp-json\/wp\/v2\/product\/4850","targetHints":{"allow":["GET"]}}],"collection":[{"href":"https:\/\/repechage.ideadivisions.dev\/cs\/wp-json\/wp\/v2\/product"}],"about":[{"href":"https:\/\/repechage.ideadivisions.dev\/cs\/wp-json\/wp\/v2\/types\/product"}],"replies":[{"embeddable":true,"href":"https:\/\/repechage.ideadivisions.dev\/cs\/wp-json\/wp\/v2\/comments?post=4850"}],"wp:featuredmedia":[{"embeddable":true,"href":"https:\/\/repechage.ideadivisions.dev\/cs\/wp-json\/wp\/v2\/media\/3530"}],"wp:attachment":[{"href":"https:\/\/repechage.ideadivisions.dev\/cs\/wp-json\/wp\/v2\/media?parent=4850"}],"wp:term":[{"taxonomy":"badge","embeddable":true,"href":"https:\/\/repechage.ideadivisions.dev\/cs\/wp-json\/wp\/v2\/badge?post=4850"},{"taxonomy":"product_brand","embeddable":true,"href":"https:\/\/repechage.ideadivisions.dev\/cs\/wp-json\/wp\/v2\/product_brand?post=4850"},{"taxonomy":"product_cat","embeddable":true,"href":"https:\/\/repechage.ideadivisions.dev\/cs\/wp-json\/wp\/v2\/product_cat?post=4850"},{"taxonomy":"product_tag","embeddable":true,"href":"https:\/\/repechage.ideadivisions.dev\/cs\/wp-json\/wp\/v2\/product_tag?post=4850"}],"curies":[{"name":"wp","href":"https:\/\/api.w.org\/{rel}","templated":true}]}}