{"id":4851,"date":"2023-05-24T09:09:15","date_gmt":"2023-05-24T07:09:15","guid":{"rendered":"https:\/\/repechage.ideadivisions.dev\/?post_type=product&#038;p=4851"},"modified":"2025-02-06T11:39:56","modified_gmt":"2025-02-06T10:39:56","slug":"hydra-medic-matujici-hydratacni-fluid","status":"publish","type":"product","link":"https:\/\/repechage.ideadivisions.dev\/cs\/produkt\/hydra-medic-matujici-hydratacni-fluid\/","title":{"rendered":"Hydra Medic\u00ae matuj\u00edc\u00ed hydrata\u010dn\u00ed fluid"},"content":{"rendered":"<p>CO JE TO?<br \/>\nHydra Medic\u00ae Mattifying Moisturizer je nemastn\u00e1 receptura kombinace mo\u0159sk\u00fdch \u0159as a rostlinn\u00fdch v\u00fdta\u017ek\u016f, kter\u00e9 pom\u00e1haj\u00ed redukovat lesk a zanech\u00e1vaj\u00ed poko\u017eku jemnou, sametov\u011b matnou. Rychle se vst\u0159eb\u00e1v\u00e1 a d\u00edky obsahu oxidu zine\u010dnat\u00e9ho pom\u00e1h\u00e1 ple\u0165 chr\u00e1nit p\u0159ed vn\u011bj\u0161\u00edmi vlivy.<\/p>\n<p>PRO KOHO?<br \/>\nPro sm\u00ed\u0161enou, mastnou a akn\u00f3zn\u00ed poko\u017eku<\/p>\n<p>POU\u017dIT\u00cd<br \/>\nNaneste tenkou vrstvu na dob\u0159e vy\u010di\u0161t\u011bnou ple\u0165. Je vhodn\u00fd tak\u00e9 jako podklad pod make-up.<\/p>\n<p>FREKVENCE<br \/>\nDvakr\u00e1t denn\u011b: r\u00e1no a ve\u010der<\/p>\n","protected":false},"excerpt":{"rendered":"<p>Zdrav\u00e1 a z\u00e1\u0159iv\u00e1 ple\u0165 je dob\u0159e hydratovan\u00e1 ple\u0165<\/p>\n<p>&#8211; Matuje, zjem\u0148uje, hydratuje<br \/>\n&#8211; Lehk\u00e1 nemastn\u00e1 textura<br \/>\n&#8211; Pro mastnou, sm\u00ed\u0161enou a akn\u00f3zn\u00ed ple\u0165<\/p>\n","protected":false},"featured_media":3532,"comment_status":"open","ping_status":"closed","template":"","meta":{"_acf_changed":false},"badge":[],"product_brand":[],"product_cat":[251,267,257],"product_tag":[],"class_list":{"0":"post-4851","1":"product","2":"type-product","3":"status-publish","4":"has-post-thumbnail","6":"product_cat-hydra-medic-cs","7":"product_cat-kremy-a-sera-cs","8":"product_cat-smisena-az-mastna-plet-s-akne","9":"pa_objem-velkost-60-ml-cs","11":"first","12":"instock","13":"taxable","14":"shipping-taxable","15":"purchasable","16":"product-type-simple"},"acf":[],"_links":{"self":[{"href":"https:\/\/repechage.ideadivisions.dev\/cs\/wp-json\/wp\/v2\/product\/4851","targetHints":{"allow":["GET"]}}],"collection":[{"href":"https:\/\/repechage.ideadivisions.dev\/cs\/wp-json\/wp\/v2\/product"}],"about":[{"href":"https:\/\/repechage.ideadivisions.dev\/cs\/wp-json\/wp\/v2\/types\/product"}],"replies":[{"embeddable":true,"href":"https:\/\/repechage.ideadivisions.dev\/cs\/wp-json\/wp\/v2\/comments?post=4851"}],"wp:featuredmedia":[{"embeddable":true,"href":"https:\/\/repechage.ideadivisions.dev\/cs\/wp-json\/wp\/v2\/media\/3532"}],"wp:attachment":[{"href":"https:\/\/repechage.ideadivisions.dev\/cs\/wp-json\/wp\/v2\/media?parent=4851"}],"wp:term":[{"taxonomy":"badge","embeddable":true,"href":"https:\/\/repechage.ideadivisions.dev\/cs\/wp-json\/wp\/v2\/badge?post=4851"},{"taxonomy":"product_brand","embeddable":true,"href":"https:\/\/repechage.ideadivisions.dev\/cs\/wp-json\/wp\/v2\/product_brand?post=4851"},{"taxonomy":"product_cat","embeddable":true,"href":"https:\/\/repechage.ideadivisions.dev\/cs\/wp-json\/wp\/v2\/product_cat?post=4851"},{"taxonomy":"product_tag","embeddable":true,"href":"https:\/\/repechage.ideadivisions.dev\/cs\/wp-json\/wp\/v2\/product_tag?post=4851"}],"curies":[{"name":"wp","href":"https:\/\/api.w.org\/{rel}","templated":true}]}}