{"id":4852,"date":"2023-05-24T09:09:15","date_gmt":"2023-05-24T07:09:15","guid":{"rendered":"https:\/\/repechage.ideadivisions.dev\/?post_type=product&#038;p=4852"},"modified":"2025-06-11T13:25:44","modified_gmt":"2025-06-11T11:25:44","slug":"hydra-medic-maska-z-morskeho-bahna-2","status":"publish","type":"product","link":"https:\/\/repechage.ideadivisions.dev\/cs\/produkt\/hydra-medic-maska-z-morskeho-bahna-2\/","title":{"rendered":"Hydra Medic\u00ae maska z mo\u0159sk\u00e9ho bahna"},"content":{"rendered":"<p>CO JE TO?<br \/>\nTato kr\u00e9mov\u00e1 maska z mo\u0159sk\u00e9ho bahna poko\u017eku \u010dist\u00ed a pom\u00e1h\u00e1 absorbovat p\u0159ebyte\u010dn\u00fd maz, \u010d\u00edm\u017e sni\u017euje jej\u00ed lesk. Kaolin pom\u00e1h\u00e1 absorbovat maz, zat\u00edmco mo\u0159sk\u00e9 \u0159asy a alantoin zanech\u00e1vaj\u00ed poko\u017eku sv\u011b\u017e\u00ed. Slo\u017een\u00ed bohat\u00e9 na miner\u00e1ly s obsahem oxidu zine\u010dnat\u00e9ho m\u016f\u017eete pou\u017e\u00edt na cel\u00fd obli\u010dej nebo lok\u00e1ln\u011b na posti\u017een\u00e1 m\u00edsta.<\/p>\n<p>PRO KOHO?<br \/>\nPro sm\u00ed\u0161enou, mastnou a akn\u00f3zn\u00ed poko\u017eku.<\/p>\n<p>POU\u017dIT\u00cd<br \/>\nNa d\u016fkladn\u011b vy\u010di\u0161t\u011bnou ple\u0165 naneste rovnom\u011brnou vrstvu masky pohybem po cel\u00e9m obli\u010deji, pop\u0159\u00edpad\u011b m\u016f\u017eete pou\u017e\u00edt i na dekolt, \u010di z\u00e1da. Nechte zaschnout 10-15 minut. Odstra\u0148te teplou vodou a dotonizujte ple\u0165ovou vodou.<\/p>\n<p>FREKVENCE<br \/>\nDvakr\u00e1t t\u00fddn\u011b.<\/p>\n","protected":false},"excerpt":{"rendered":"<p>\u010cist\u00edc\u00ed maska pro problematickou ple\u0165.<\/p>\n<p>&#8211; Matuje, zjem\u0148uje, \u010dist\u00ed, remineralizuje<br \/>\n&#8211; Hutn\u00e1 textura s mo\u0159sk\u00fdm bahnem<br \/>\n&#8211; Pro mastnou, sm\u00ed\u0161enou a akn\u00f3zn\u00ed ple\u0165<\/p>\n","protected":false},"featured_media":3534,"comment_status":"open","ping_status":"closed","template":"","meta":{"_acf_changed":false},"badge":[],"product_brand":[],"product_cat":[251,269,257],"product_tag":[],"class_list":{"0":"post-4852","1":"product","2":"type-product","3":"status-publish","4":"has-post-thumbnail","6":"product_cat-hydra-medic-cs","7":"product_cat-masky-a-peelingy","8":"product_cat-smisena-az-mastna-plet-s-akne","9":"pa_objem-velkost-120-ml-cs","11":"first","12":"instock","13":"taxable","14":"shipping-taxable","15":"purchasable","16":"product-type-simple"},"acf":[],"_links":{"self":[{"href":"https:\/\/repechage.ideadivisions.dev\/cs\/wp-json\/wp\/v2\/product\/4852","targetHints":{"allow":["GET"]}}],"collection":[{"href":"https:\/\/repechage.ideadivisions.dev\/cs\/wp-json\/wp\/v2\/product"}],"about":[{"href":"https:\/\/repechage.ideadivisions.dev\/cs\/wp-json\/wp\/v2\/types\/product"}],"replies":[{"embeddable":true,"href":"https:\/\/repechage.ideadivisions.dev\/cs\/wp-json\/wp\/v2\/comments?post=4852"}],"wp:featuredmedia":[{"embeddable":true,"href":"https:\/\/repechage.ideadivisions.dev\/cs\/wp-json\/wp\/v2\/media\/3534"}],"wp:attachment":[{"href":"https:\/\/repechage.ideadivisions.dev\/cs\/wp-json\/wp\/v2\/media?parent=4852"}],"wp:term":[{"taxonomy":"badge","embeddable":true,"href":"https:\/\/repechage.ideadivisions.dev\/cs\/wp-json\/wp\/v2\/badge?post=4852"},{"taxonomy":"product_brand","embeddable":true,"href":"https:\/\/repechage.ideadivisions.dev\/cs\/wp-json\/wp\/v2\/product_brand?post=4852"},{"taxonomy":"product_cat","embeddable":true,"href":"https:\/\/repechage.ideadivisions.dev\/cs\/wp-json\/wp\/v2\/product_cat?post=4852"},{"taxonomy":"product_tag","embeddable":true,"href":"https:\/\/repechage.ideadivisions.dev\/cs\/wp-json\/wp\/v2\/product_tag?post=4852"}],"curies":[{"name":"wp","href":"https:\/\/api.w.org\/{rel}","templated":true}]}}