{"id":4853,"date":"2023-05-24T09:09:15","date_gmt":"2023-05-24T07:09:15","guid":{"rendered":"https:\/\/repechage.ideadivisions.dev\/?post_type=product&#038;p=4853"},"modified":"2025-04-28T20:50:07","modified_gmt":"2025-04-28T18:50:07","slug":"hydra-medic-cestovni-baleni","status":"publish","type":"product","link":"https:\/\/repechage.ideadivisions.dev\/cs\/produkt\/hydra-medic-cestovni-baleni\/","title":{"rendered":"Hydra Medic\u00ae cestovn\u00ed balen\u00ed"},"content":{"rendered":"<p>CO JE TO?<br \/>\nTento prvot\u0159\u00eddn\u00ed set p\u00e9\u010de o ple\u0165 je va\u0161\u00ed odpov\u011bd\u00ed na mastnou, problematickou ple\u0165 v jak\u00e9mkoli v\u011bku. Jedine\u010dn\u00e9 receptury v produktech pom\u00e1haj\u00ed \u010distit p\u00f3ry, matovat, hojit a z\u00e1rove\u0148 udr\u017eovat rovnov\u00e1hu vlhkosti poko\u017eky.<\/p>\n<p>PRO KOHO?<br \/>\nPro sm\u00ed\u0161enou, mastnou a akn\u00f3zn\u00ed poko\u017eku.<\/p>\n<p>O PRODUKTECH<br \/>\nHYDRA MEDIC\u00ae \u010cist\u00edc\u00ed gel na obli\u010dej pro mastnou problematickou ple\u0165<br \/>\n\u010cist\u00edc\u00ed gel s v\u00fdta\u017ekem z vrbov\u00e9 k\u016fry, kter\u00fd jemn\u011b odstra\u0148uje p\u0159ebyte\u010dnou ne\u010distotu a pom\u00e1h\u00e1 p\u0159edch\u00e1zet pocitu mastnoty. V\u00fdta\u017eky z mo\u0159sk\u00fdch \u0159as Laminaria Digitata a dal\u0161\u00ed rostlinn\u00e9 l\u00e1tky pom\u00e1haj\u00ed p\u0159edch\u00e1zet suchosti.<br \/>\nZp\u016fsob pou\u017eit\u00ed: naneste mal\u00e9 mno\u017estv\u00ed gelu na vlhkou poko\u017eku. Jemn\u011b mas\u00edrujte a n\u00e1sledn\u011b d\u016fkladn\u011b omyjte vla\u017enou vodou. Vyhn\u011bte se pou\u017e\u00edv\u00e1n\u00ed v oblasti o\u010d\u00ed. Pou\u017e\u00edvejte 2x denn\u011b: r\u00e1no a ve\u010der.<\/p>\n<p>HYDRA MEDIC\u00ae Ple\u0165ov\u00e1 voda pro mastnou problematickou ple\u0165<br \/>\nPle\u0165ov\u00e1 voda je druh\u00fdm krokem v \u010di\u0161t\u011bn\u00ed pleti, kter\u00fd pom\u00e1h\u00e1 vyrovnat charakter pleti. Formulov\u00e1na s rostlinn\u00fdmi v\u00fdta\u017eky pom\u00e1h\u00e1 poko\u017ece c\u00edtit se \u010dist\u011b a sv\u011b\u017ee. D\u00edky stahuj\u00edc\u00edmu slo\u017een\u00ed redukuje roz\u0161\u00ed\u0159en\u00e9 p\u00f3ry, tlum\u00ed tvorbu mazu, eliminuje z\u00e1n\u011bty a rostlinn\u00e9 v\u00fdta\u017eky napom\u00e1haj\u00ed zklidn\u011bn\u00ed a podpo\u0159e hojen\u00ed.<br \/>\nZp\u016fsob pou\u017eit\u00ed: Po o\u010di\u0161t\u011bn\u00ed pleti gelem, p\u011bnou nebo ml\u00e9kem aplikujte HYDRA MEDIC\u00ae ASTRINGENT na tampony a p\u0159ech\u00e1zejte po pleti. Vyh\u00fdbejte se oblasti o\u010d\u00ed. Pou\u017e\u00edvejte 2x denn\u011b: r\u00e1no a ve\u010der.<\/p>\n<p>HYDRA MEDIC\u00ae Matuj\u00edc\u00ed hydrata\u010dn\u00ed fluid<br \/>\nLehk\u00fd kr\u00e9m s nemastnou recepturou v kombinaci mo\u0159sk\u00fdch \u0159as a rostlinn\u00fdch v\u00fdta\u017ek\u016f, kter\u00e9 pom\u00e1haj\u00ed redukovat lesk a zanech\u00e1vaj\u00ed poko\u017eku jemnou a sametov\u011b matnou.<br \/>\nZp\u016fsob pou\u017eit\u00ed: Naneste tenkou vrstvu na dob\u0159e vy\u010di\u0161t\u011bnou ple\u0165. Je vhodn\u00fd tak\u00e9 jako podklad pod make-up.<\/p>\n<p>HYDRA MEDIC\u00ae Stahuj\u00edc\u00ed a matuj\u00edc\u00ed s\u00e9rum<br \/>\nS\u00e9rum s BHA a obsahem rostlinn\u00fdch v\u00fdta\u017ek\u016f pom\u00e1h\u00e1 sni\u017eovat lesk, bojuje proti bakteri\u00edm zp\u016fsobuj\u00edc\u00edch akn\u00e9 a \u010dist\u00ed ple\u0165. D\u00edky obsahu zinku napom\u00e1h\u00e1 hojen\u00ed pleti.<br \/>\nZp\u016fsob pou\u017eit\u00ed: P\u0159ed pou\u017eit\u00edm dob\u0159e prot\u0159epejte.<br \/>\nPo ve\u010dern\u00edm o\u010di\u0161t\u011bn\u00ed pleti vmas\u00edrujte do problematick\u00fdch oblast\u00ed a vyhn\u011bte se oblasti o\u010d\u00ed. Nechte p\u016fsobit p\u0159es noc bez odstran\u011bn\u00ed a r\u00e1no omyjte vla\u017enou vodou.<\/p>\n<p>HYDRA MEDIC\u00ae Maska z mo\u0159sk\u00e9ho bahna<br \/>\nKr\u00e9mov\u00e1 maska z mo\u0159sk\u00e9ho bahna poko\u017eku \u010dist\u00ed a pom\u00e1h\u00e1 absorbovat p\u0159ebyte\u010dn\u00fd maz, \u010d\u00edm\u017e sni\u017euje jej\u00ed lesk. Kaolin pom\u00e1h\u00e1 absorbovat maz, zat\u00edmco mo\u0159sk\u00e9 \u0159asy a alantoin zanech\u00e1vaj\u00ed poko\u017eku sv\u011b\u017e\u00ed.<br \/>\nZp\u016fsob pou\u017eit\u00ed: Na d\u016fkladn\u011b vy\u010di\u0161t\u011bnou ple\u0165 naneste rovnom\u011brnou vrstvu masky. Nechte zaschnout 10-15 minut. Odstra\u0148te teplou vodou. Pou\u017e\u00edvejte 2x t\u00fddn\u011b.<\/p>\n","protected":false},"excerpt":{"rendered":"<p>Praktick\u00e9 cestovn\u00ed balen\u00ed p\u011bti produkt\u016f \u0159ady Hydra Medic\u00ae<br \/>\n&#8211; Hydra Medic\u00ae Face Wash &#8211; 60 ml<br \/>\n&#8211; Hydra Medic\u00ae Astringent &#8211; 60 ml<br \/>\n&#8211; Hydra Medic\u00ae Mattifying Moisturizer &#8211; 15 ml<br \/>\n&#8211; Hydra Medic\u00ae Clear Complexion Drying Lotion &#8211; 7.5 ml<br \/>\n&#8211; Hydra Medic\u00ae Sea Mud Perfecting Mask &#8211; 30 ml<\/p>\n","protected":false},"featured_media":7071,"comment_status":"open","ping_status":"closed","template":"","meta":{"_acf_changed":false},"badge":[],"product_brand":[],"product_cat":[337,265,251,257],"product_tag":[],"class_list":{"0":"post-4853","1":"product","2":"type-product","3":"status-publish","4":"has-post-thumbnail","6":"product_cat-akce","7":"product_cat-darkove-poukazy-a-balicky","8":"product_cat-hydra-medic-cs","9":"product_cat-smisena-az-mastna-plet-s-akne","11":"first","12":"instock","13":"taxable","14":"shipping-taxable","15":"purchasable","16":"product-type-simple"},"acf":[],"_links":{"self":[{"href":"https:\/\/repechage.ideadivisions.dev\/cs\/wp-json\/wp\/v2\/product\/4853","targetHints":{"allow":["GET"]}}],"collection":[{"href":"https:\/\/repechage.ideadivisions.dev\/cs\/wp-json\/wp\/v2\/product"}],"about":[{"href":"https:\/\/repechage.ideadivisions.dev\/cs\/wp-json\/wp\/v2\/types\/product"}],"replies":[{"embeddable":true,"href":"https:\/\/repechage.ideadivisions.dev\/cs\/wp-json\/wp\/v2\/comments?post=4853"}],"wp:featuredmedia":[{"embeddable":true,"href":"https:\/\/repechage.ideadivisions.dev\/cs\/wp-json\/wp\/v2\/media\/7071"}],"wp:attachment":[{"href":"https:\/\/repechage.ideadivisions.dev\/cs\/wp-json\/wp\/v2\/media?parent=4853"}],"wp:term":[{"taxonomy":"badge","embeddable":true,"href":"https:\/\/repechage.ideadivisions.dev\/cs\/wp-json\/wp\/v2\/badge?post=4853"},{"taxonomy":"product_brand","embeddable":true,"href":"https:\/\/repechage.ideadivisions.dev\/cs\/wp-json\/wp\/v2\/product_brand?post=4853"},{"taxonomy":"product_cat","embeddable":true,"href":"https:\/\/repechage.ideadivisions.dev\/cs\/wp-json\/wp\/v2\/product_cat?post=4853"},{"taxonomy":"product_tag","embeddable":true,"href":"https:\/\/repechage.ideadivisions.dev\/cs\/wp-json\/wp\/v2\/product_tag?post=4853"}],"curies":[{"name":"wp","href":"https:\/\/api.w.org\/{rel}","templated":true}]}}