{"id":4854,"date":"2023-05-24T09:09:15","date_gmt":"2023-05-24T07:09:15","guid":{"rendered":"https:\/\/repechage.ideadivisions.dev\/?post_type=product&#038;p=4854"},"modified":"2025-02-06T11:31:00","modified_gmt":"2025-02-06T10:31:00","slug":"hydra-refine-cistici-tampony-na-problematickou-plet","status":"publish","type":"product","link":"https:\/\/repechage.ideadivisions.dev\/cs\/produkt\/hydra-refine-cistici-tampony-na-problematickou-plet\/","title":{"rendered":"Hydra Refine\u00ae \u010dist\u00edc\u00ed tampony na problematickou ple\u0165"},"content":{"rendered":"<p>CO JE TO?<br \/>\nNyn\u00ed m\u016f\u017eete odstranit p\u0159ebyte\u010dn\u00fd maz a z\u00e1rove\u0148 zjemnit p\u00f3ry pro vytvo\u0159en\u00ed dokonal\u00e9 pleti v jednom jednoduch\u00e9m kroku. Hydra Refine\u00ae \u010dist\u00edc\u00ed tampony jsou p\u0159edem nasycen\u00e9 siln\u00fdmi p\u0159\u00edrodn\u00edmi slo\u017ekami, v\u010detn\u011b hydrata\u010dn\u00edho a zjem\u0148uj\u00edc\u00edho extraktu z mo\u0159sk\u00fdch \u0159as Laminaria Saccharina, antioxidantu Farnesol \u2013 extraktu z konvalinky, rozjas\u0148uj\u00edc\u00edho extraktu z ko\u0159ene l\u00e9ko\u0159ice a vo\u0148av\u00e9 citronu a vo\u0148av\u00e9 citronu. Vyhlazuje poko\u017eku a z\u00e1rove\u0148 pom\u00e1h\u00e1 sni\u017eovat v\u00fdskyt mastnoty a v\u00fdrazn\u00fdch p\u00f3r\u016f.<\/p>\n<p>PRO KOHO?<br \/>\nPro mastnou a akn\u00f3zn\u00ed poko\u017eku<\/p>\n<p>POU\u017dIT\u00cd<br \/>\nPo vy\u010di\u0161t\u011bn\u00ed pomoc\u00ed \u010dist\u00edc\u00ed p\u011bny Hydra Refine\u00ae pou\u017eijte \u010dist\u00edc\u00ed tampony a p\u0159eje\u010fte po tv\u00e1\u0159i tahy sm\u011brem nahoru a ven. Pokra\u010dujte kr\u00e9mem nebo s\u00e9rem podle typu pleti.<\/p>\n<p>FREKVENCE<br \/>\nDvakr\u00e1t denn\u011b: r\u00e1no a ve\u010der<\/p>\n","protected":false},"excerpt":{"rendered":"<p>Vysoce \u00fa\u010dinn\u00e9 \u010dist\u00edc\u00ed tampony pro problematickou ple\u0165<\/p>\n<p>&#8211; \u010cist\u00ed, tonizuj\u00ed, stahuj\u00ed a hydratuj\u00ed<br \/>\n&#8211; Praktick\u00e9 nejen na cesty<br \/>\n&#8211; Pro mastnou a akn\u00f3zn\u00ed ple\u0165<\/p>\n","protected":false},"featured_media":3540,"comment_status":"open","ping_status":"closed","template":"","meta":{"_acf_changed":false},"badge":[],"product_brand":[],"product_cat":[266,257,254],"product_tag":[],"class_list":{"0":"post-4854","1":"product","2":"type-product","3":"status-publish","4":"has-post-thumbnail","6":"product_cat-cisteni-pleti-a-tonizace","7":"product_cat-smisena-az-mastna-plet-s-akne","8":"product_cat-t-zone-balance","9":"pa_objem-velkost-60-ks-cs","11":"first","12":"instock","13":"taxable","14":"shipping-taxable","15":"purchasable","16":"product-type-simple"},"acf":[],"_links":{"self":[{"href":"https:\/\/repechage.ideadivisions.dev\/cs\/wp-json\/wp\/v2\/product\/4854","targetHints":{"allow":["GET"]}}],"collection":[{"href":"https:\/\/repechage.ideadivisions.dev\/cs\/wp-json\/wp\/v2\/product"}],"about":[{"href":"https:\/\/repechage.ideadivisions.dev\/cs\/wp-json\/wp\/v2\/types\/product"}],"replies":[{"embeddable":true,"href":"https:\/\/repechage.ideadivisions.dev\/cs\/wp-json\/wp\/v2\/comments?post=4854"}],"wp:featuredmedia":[{"embeddable":true,"href":"https:\/\/repechage.ideadivisions.dev\/cs\/wp-json\/wp\/v2\/media\/3540"}],"wp:attachment":[{"href":"https:\/\/repechage.ideadivisions.dev\/cs\/wp-json\/wp\/v2\/media?parent=4854"}],"wp:term":[{"taxonomy":"badge","embeddable":true,"href":"https:\/\/repechage.ideadivisions.dev\/cs\/wp-json\/wp\/v2\/badge?post=4854"},{"taxonomy":"product_brand","embeddable":true,"href":"https:\/\/repechage.ideadivisions.dev\/cs\/wp-json\/wp\/v2\/product_brand?post=4854"},{"taxonomy":"product_cat","embeddable":true,"href":"https:\/\/repechage.ideadivisions.dev\/cs\/wp-json\/wp\/v2\/product_cat?post=4854"},{"taxonomy":"product_tag","embeddable":true,"href":"https:\/\/repechage.ideadivisions.dev\/cs\/wp-json\/wp\/v2\/product_tag?post=4854"}],"curies":[{"name":"wp","href":"https:\/\/api.w.org\/{rel}","templated":true}]}}