{"id":4855,"date":"2023-05-24T09:09:15","date_gmt":"2023-05-24T07:09:15","guid":{"rendered":"https:\/\/repechage.ideadivisions.dev\/?post_type=product&#038;p=4855"},"modified":"2025-02-06T11:28:11","modified_gmt":"2025-02-06T10:28:11","slug":"hydra-refine-cistici-pena-na-problematickou-plet","status":"publish","type":"product","link":"https:\/\/repechage.ideadivisions.dev\/cs\/produkt\/hydra-refine-cistici-pena-na-problematickou-plet\/","title":{"rendered":"Hydra Refine\u00ae \u010dist\u00edc\u00ed p\u011bna na problematickou ple\u0165"},"content":{"rendered":"<p>CO JE TO?<br \/>\n\u010cist\u00ed ple\u0165 od make-upu a ne\u010distot z prost\u0159ed\u00ed a z\u00e1rove\u0148 pom\u00e1h\u00e1 eliminovat mastnotou ucp\u00e1vaj\u00edc\u00ed p\u00f3ry. Tato receptura bez obsahu m\u00fddla obsahuje mo\u0159sk\u00e9 \u0159asy s adstringentn\u00ed citr\u00f3novou tr\u00e1vou a sv\u011b\u017e\u00ed chladivou okurku. Hydra Refine\u00ae Foaming Cleanser \u010dist\u00ed a zjem\u0148uje. Pom\u00e1h\u00e1 minimalizovat lesk pleti.<\/p>\n<p>PRO KOHO?<br \/>\nPro mastnou, sm\u00ed\u0161enou a akn\u00f3zn\u00ed poko\u017eku<\/p>\n<p>POU\u017dIT\u00cd<br \/>\nVytla\u010dte jednu nebo dv\u011b pumpi\u010dky \u010dist\u00edc\u00edho prost\u0159edku do dlan\u011b. Zapracujte do vlhk\u00e9 poko\u017eky a opl\u00e1chn\u011bte vodou. Pro maxim\u00e1ln\u00ed pohodl\u00ed pou\u017e\u00edvejte ve spr\u0161e nebo p\u0159i umyvadle.<\/p>\n<p>FREKVENCE<br \/>\nDvakr\u00e1t denn\u011b: r\u00e1no a ve\u010der<\/p>\n","protected":false},"excerpt":{"rendered":"<p>\u010cist\u00edc\u00ed p\u011bna bez obsahu m\u00fddla pro problematickou ple\u0165<\/p>\n<p>&#8211; Odstra\u0148uje ne\u010distoty a make-up<br \/>\n&#8211; \u010cist\u00ed, matuje, stahuje<br \/>\n&#8211; Pro mastnou, sm\u00ed\u0161enou a akn\u00f3zn\u00ed ple\u0165<\/p>\n","protected":false},"featured_media":3544,"comment_status":"open","ping_status":"closed","template":"","meta":{"_acf_changed":false},"badge":[],"product_brand":[],"product_cat":[266,257,254],"product_tag":[],"class_list":{"0":"post-4855","1":"product","2":"type-product","3":"status-publish","4":"has-post-thumbnail","6":"product_cat-cisteni-pleti-a-tonizace","7":"product_cat-smisena-az-mastna-plet-s-akne","8":"product_cat-t-zone-balance","9":"pa_objem-velkost-150-ml-cs","11":"first","12":"instock","13":"taxable","14":"shipping-taxable","15":"purchasable","16":"product-type-simple"},"acf":[],"_links":{"self":[{"href":"https:\/\/repechage.ideadivisions.dev\/cs\/wp-json\/wp\/v2\/product\/4855","targetHints":{"allow":["GET"]}}],"collection":[{"href":"https:\/\/repechage.ideadivisions.dev\/cs\/wp-json\/wp\/v2\/product"}],"about":[{"href":"https:\/\/repechage.ideadivisions.dev\/cs\/wp-json\/wp\/v2\/types\/product"}],"replies":[{"embeddable":true,"href":"https:\/\/repechage.ideadivisions.dev\/cs\/wp-json\/wp\/v2\/comments?post=4855"}],"wp:featuredmedia":[{"embeddable":true,"href":"https:\/\/repechage.ideadivisions.dev\/cs\/wp-json\/wp\/v2\/media\/3544"}],"wp:attachment":[{"href":"https:\/\/repechage.ideadivisions.dev\/cs\/wp-json\/wp\/v2\/media?parent=4855"}],"wp:term":[{"taxonomy":"badge","embeddable":true,"href":"https:\/\/repechage.ideadivisions.dev\/cs\/wp-json\/wp\/v2\/badge?post=4855"},{"taxonomy":"product_brand","embeddable":true,"href":"https:\/\/repechage.ideadivisions.dev\/cs\/wp-json\/wp\/v2\/product_brand?post=4855"},{"taxonomy":"product_cat","embeddable":true,"href":"https:\/\/repechage.ideadivisions.dev\/cs\/wp-json\/wp\/v2\/product_cat?post=4855"},{"taxonomy":"product_tag","embeddable":true,"href":"https:\/\/repechage.ideadivisions.dev\/cs\/wp-json\/wp\/v2\/product_tag?post=4855"}],"curies":[{"name":"wp","href":"https:\/\/api.w.org\/{rel}","templated":true}]}}