{"id":4856,"date":"2023-05-24T09:09:15","date_gmt":"2023-05-24T07:09:15","guid":{"rendered":"https:\/\/repechage.ideadivisions.dev\/?post_type=product&#038;p=4856"},"modified":"2025-01-08T10:01:14","modified_gmt":"2025-01-08T09:01:14","slug":"hydra-soleil-chladivy-gel-po-opalovani-2","status":"publish","type":"product","link":"https:\/\/repechage.ideadivisions.dev\/cs\/produkt\/hydra-soleil-chladivy-gel-po-opalovani-2\/","title":{"rendered":"Hydra Soleil\u00ae chladiv\u00fd gel po opalov\u00e1n\u00ed"},"content":{"rendered":"<p>CO JE TO?<br \/>\nTento lehk\u00fd gel okam\u017eit\u011b ochlazuje a hydratuje poko\u017eku vystavenou slunci. Thermus Thermophilus, aloe, okurka, mo\u0159sk\u00e9 \u0159asy Laminara Digitata a zelen\u00fd, b\u00edl\u00fd, \u010dern\u00fd a rooibos (\u010derven\u00fd) \u010daj pom\u00e1haj\u00ed poskytnout \u00falevu od sp\u00e1len\u00ed. Lze aplikovat na obli\u010dej a t\u011blo.<\/p>\n<p>PRO KOHO?<br \/>\nPro ple\u0165 po\u0161kozenou od slunce, sp\u00e1lenou a citlivou.<\/p>\n<p>POU\u017dIT\u00cd<br \/>\nNaneste na poko\u017eku po\u0161kozenou od slunce v tenk\u00e9 vrstv\u011b a nechte vst\u0159ebat.<\/p>\n<p>FREKVENCE<br \/>\nTak \u010dasto jak je to nutn\u00e9.<\/p>\n","protected":false},"excerpt":{"rendered":"<p>Zklid\u0148uj\u00edc\u00ed gel pro poko\u017eku sp\u00e1lenou od slun\u00ed\u010dka.<\/p>\n<p>&#8211; Ochlazuje, zklid\u0148uje, hydratuje<br \/>\n&#8211; Na obli\u010dej i t\u011blo<br \/>\n&#8211; Pro ple\u0165 po\u0161kozenou od slunce<\/p>\n","protected":false},"featured_media":3546,"comment_status":"open","ping_status":"closed","template":"","meta":{"_acf_changed":false},"badge":[],"product_brand":[],"product_cat":[262,271,253,261],"product_tag":[],"class_list":{"0":"post-4856","1":"product","2":"type-product","3":"status-publish","4":"has-post-thumbnail","6":"product_cat-citliva-plet-cs","7":"product_cat-pece-o-telo","8":"product_cat-sea-spa-telova-kosmetika","9":"product_cat-sucha-a-poskozena-plet","10":"pa_objem-velkost-177-ml-cs","12":"first","13":"instock","14":"taxable","15":"shipping-taxable","16":"purchasable","17":"product-type-simple"},"acf":[],"_links":{"self":[{"href":"https:\/\/repechage.ideadivisions.dev\/cs\/wp-json\/wp\/v2\/product\/4856","targetHints":{"allow":["GET"]}}],"collection":[{"href":"https:\/\/repechage.ideadivisions.dev\/cs\/wp-json\/wp\/v2\/product"}],"about":[{"href":"https:\/\/repechage.ideadivisions.dev\/cs\/wp-json\/wp\/v2\/types\/product"}],"replies":[{"embeddable":true,"href":"https:\/\/repechage.ideadivisions.dev\/cs\/wp-json\/wp\/v2\/comments?post=4856"}],"wp:featuredmedia":[{"embeddable":true,"href":"https:\/\/repechage.ideadivisions.dev\/cs\/wp-json\/wp\/v2\/media\/3546"}],"wp:attachment":[{"href":"https:\/\/repechage.ideadivisions.dev\/cs\/wp-json\/wp\/v2\/media?parent=4856"}],"wp:term":[{"taxonomy":"badge","embeddable":true,"href":"https:\/\/repechage.ideadivisions.dev\/cs\/wp-json\/wp\/v2\/badge?post=4856"},{"taxonomy":"product_brand","embeddable":true,"href":"https:\/\/repechage.ideadivisions.dev\/cs\/wp-json\/wp\/v2\/product_brand?post=4856"},{"taxonomy":"product_cat","embeddable":true,"href":"https:\/\/repechage.ideadivisions.dev\/cs\/wp-json\/wp\/v2\/product_cat?post=4856"},{"taxonomy":"product_tag","embeddable":true,"href":"https:\/\/repechage.ideadivisions.dev\/cs\/wp-json\/wp\/v2\/product_tag?post=4856"}],"curies":[{"name":"wp","href":"https:\/\/api.w.org\/{rel}","templated":true}]}}