{"id":4857,"date":"2023-05-24T09:09:15","date_gmt":"2023-05-24T07:09:15","guid":{"rendered":"https:\/\/repechage.ideadivisions.dev\/?post_type=product&#038;p=4857"},"modified":"2025-04-07T21:47:35","modified_gmt":"2025-04-07T19:47:35","slug":"hydro-complex-hydratacni-krem-pro-normalni-az-suchou-plet","status":"publish","type":"product","link":"https:\/\/repechage.ideadivisions.dev\/cs\/produkt\/hydro-complex-hydratacni-krem-pro-normalni-az-suchou-plet\/","title":{"rendered":"Hydro-Complex\u00ae PFS hydrata\u010dn\u00ed kr\u00e9m pro norm\u00e1ln\u00ed a\u017e suchou ple\u0165"},"content":{"rendered":"<p>CO TO JE?<br \/>\nN\u00e1\u0161 nejprod\u00e1van\u011bj\u0161\u00ed denn\u00ed kr\u00e9m poskytuje intenzivn\u00ed v\u00fd\u017eivu a hydrataci d\u00edky \u010dist\u00e9mu filtr\u00e1tu z mo\u0159sk\u00fdch \u0159as a zanech\u00e1v\u00e1 ple\u0165 jemnou, z\u00e1\u0159ivou a neuv\u011b\u0159iteln\u011b pru\u017enou.<br \/>\nTento luxusn\u00ed, bohat\u00fd kr\u00e9m na obli\u010dej je jemn\u00fd na dotek, hloubkov\u011b hydratuje a d\u00edky sv\u00e9 jedine\u010dn\u00e9 hedv\u00e1bn\u00e9 textu\u0159e nezat\u011b\u017euje ple\u0165. Jeho z\u00e1kladem jsou v\u00fdta\u017eky z mo\u0159sk\u00fdch \u0159as Laminaria Digitata a Ascophyllum Nosodum, kyselina ml\u00e9\u010dn\u00e1 a komplex AHA kyselin, kter\u00e9 pom\u00e1haj\u00ed jemn\u011b obnovovat ple\u0165 a z\u00e1rove\u0148 ji hydratuj\u00ed.<\/p>\n<p>Hydro-Complex\u00ae PFS byl vytvo\u0159en jako druh\u00fd krok na\u0161eho pr\u00e9miov\u00e9ho o\u0161et\u0159en\u00ed obli\u010deje, \u010dty\u0159vrstv\u00e9ho o\u0161et\u0159en\u00ed obli\u010deje\u00ae.<\/p>\n<p>PRO KOHO JE UR\u010cEN?<br \/>\nPro norm\u00e1ln\u00ed a\u017e suchou ple\u0165, dehydratovanou ple\u0165<\/p>\n<p>DOBR\u00c9 V\u011aD\u011aT<br \/>\nBez p\u0159\u00eddatn\u00fdch l\u00e1tek a um\u011bl\u00fdch barviv, slo\u017een\u00ed vhodn\u00e9 pro vegany, bez paraben\u016f, bez parfemace, bez paba (kyselina paraaminobenzoov\u00e1), bez lanolinu, bez silikon\u016f a bez miner\u00e1ln\u00edch a ropn\u00fdch olej\u016f.<\/p>\n<p>POU\u017dIT\u00cd<br \/>\nPo vy\u010di\u0161t\u011bn\u00ed pleti a tonizaci naneste kr\u00e9m na obli\u010dej tahy sm\u011brem nahoru a ven.<\/p>\n<p>FREKVENCE<br \/>\nPou\u017e\u00edvejte dvakr\u00e1t denn\u011b: r\u00e1no a ve\u010der<\/p>\n","protected":false},"excerpt":{"rendered":"<p>Origin\u00e1ln\u00ed hydrata\u010dn\u00ed kr\u00e9m z mo\u0159sk\u00fdch \u0159as<\/p>\n<p>&#8211; Hydratuje, vy\u017eivuje, zjem\u0148uje<br \/>\n&#8211; Na\u0161lehan\u00e1 kr\u00e9mov\u00e1 textura<br \/>\n&#8211; Pro norm\u00e1ln\u00ed a\u017e suchou ple\u0165<\/p>\n","protected":false},"featured_media":3548,"comment_status":"open","ping_status":"closed","template":"","meta":{"_acf_changed":false},"badge":[],"product_brand":[],"product_cat":[249,267,261,259],"product_tag":[],"class_list":{"0":"post-4857","1":"product","2":"type-product","3":"status-publish","4":"has-post-thumbnail","6":"product_cat-hydra-blue-cs","7":"product_cat-kremy-a-sera-cs","8":"product_cat-sucha-a-poskozena-plet","9":"product_cat-zrala-plet","10":"pa_objem-velkost-43-ml-cs","12":"first","13":"instock","14":"taxable","15":"shipping-taxable","16":"purchasable","17":"product-type-simple"},"acf":[],"_links":{"self":[{"href":"https:\/\/repechage.ideadivisions.dev\/cs\/wp-json\/wp\/v2\/product\/4857","targetHints":{"allow":["GET"]}}],"collection":[{"href":"https:\/\/repechage.ideadivisions.dev\/cs\/wp-json\/wp\/v2\/product"}],"about":[{"href":"https:\/\/repechage.ideadivisions.dev\/cs\/wp-json\/wp\/v2\/types\/product"}],"replies":[{"embeddable":true,"href":"https:\/\/repechage.ideadivisions.dev\/cs\/wp-json\/wp\/v2\/comments?post=4857"}],"wp:featuredmedia":[{"embeddable":true,"href":"https:\/\/repechage.ideadivisions.dev\/cs\/wp-json\/wp\/v2\/media\/3548"}],"wp:attachment":[{"href":"https:\/\/repechage.ideadivisions.dev\/cs\/wp-json\/wp\/v2\/media?parent=4857"}],"wp:term":[{"taxonomy":"badge","embeddable":true,"href":"https:\/\/repechage.ideadivisions.dev\/cs\/wp-json\/wp\/v2\/badge?post=4857"},{"taxonomy":"product_brand","embeddable":true,"href":"https:\/\/repechage.ideadivisions.dev\/cs\/wp-json\/wp\/v2\/product_brand?post=4857"},{"taxonomy":"product_cat","embeddable":true,"href":"https:\/\/repechage.ideadivisions.dev\/cs\/wp-json\/wp\/v2\/product_cat?post=4857"},{"taxonomy":"product_tag","embeddable":true,"href":"https:\/\/repechage.ideadivisions.dev\/cs\/wp-json\/wp\/v2\/product_tag?post=4857"}],"curies":[{"name":"wp","href":"https:\/\/api.w.org\/{rel}","templated":true}]}}