{"id":4858,"date":"2023-05-24T09:09:15","date_gmt":"2023-05-24T07:09:15","guid":{"rendered":"https:\/\/repechage.ideadivisions.dev\/?post_type=product&#038;p=4858"},"modified":"2025-04-18T22:48:56","modified_gmt":"2025-04-18T20:48:56","slug":"hydro-complex-hydratacni-krem-pro-mastnou-a-smisenou-plet","status":"publish","type":"product","link":"https:\/\/repechage.ideadivisions.dev\/cs\/produkt\/hydro-complex-hydratacni-krem-pro-mastnou-a-smisenou-plet\/","title":{"rendered":"Hydro-Complex\u00ae PFS hydrata\u010dn\u00ed kr\u00e9m pro mastnou a sm\u00ed\u0161enou ple\u0165"},"content":{"rendered":"<p>CO TO JE?<br \/>\nTento bezolejov\u00fd hydrata\u010dn\u00ed kr\u00e9m na obli\u010dej obnovuje ztracenou vlhkost, je jemn\u00fd a lehk\u00fd. Jeho super hydrata\u010dn\u00ed a zvl\u00e1\u010d\u0148uj\u00edc\u00ed slo\u017een\u00ed bylo profesion\u00e1ln\u011b vyvinuto tak, aby pleti navr\u00e1tilo vitalitu a mladistvost.<br \/>\nJeho z\u00e1kladem jsou v\u00fdta\u017eky z mo\u0159sk\u00fdch \u0159as Laminaria Digitata a Ascophyllum Nosodum, kyselina ml\u00e9\u010dn\u00e1 a niacinamid (vitamin B3), kter\u00e9 pom\u00e1haj\u00ed jemn\u011b obnovovat ple\u0165 a z\u00e1rove\u0148 ji hydratuj\u00ed.<\/p>\n<p>Hydro-Complex\u00ae PFS byl vytvo\u0159en jako druh\u00fd krok na\u0161eho pr\u00e9miov\u00e9ho o\u0161et\u0159en\u00ed obli\u010deje, Four-Layer Facial\u00ae.<\/p>\n<p>PRO KOHO?<br \/>\nPro sm\u00ed\u0161enou a\u017e mastnou ple\u0165<\/p>\n<p>DOBR\u00c9 V\u011aD\u011aT<br \/>\nSlo\u017een\u00ed vhodn\u00e9 pro vegany, bez paraben\u016f, bez paba, bez lanolinu a miner\u00e1ln\u00edch olej\u016f.<\/p>\n<p>POU\u017dIT\u00cd<br \/>\nPo vy\u010di\u0161t\u011bn\u00ed pleti a tonizaci naneste kr\u00e9m na obli\u010dej tahy sm\u011brem nahoru a ven.<\/p>\n<p>FREKVENCE<br \/>\nPou\u017e\u00edvejte dvakr\u00e1t denn\u011b: r\u00e1no a ve\u010der<\/p>\n","protected":false},"excerpt":{"rendered":"<p>Lehk\u00fd hydrata\u010dn\u00ed kr\u00e9m z mo\u0159sk\u00fdch \u0159as<\/p>\n<p>&#8211; Hydratuje, vy\u017eivuje, zjem\u0148uje<br \/>\n&#8211; Na\u0161lehan\u00e1 kr\u00e9mov\u00e1 textura<br \/>\n&#8211; Pro sm\u00ed\u0161enou a\u017e mastnou ple\u0165<\/p>\n","protected":false},"featured_media":3550,"comment_status":"open","ping_status":"closed","template":"","meta":{"_acf_changed":false},"badge":[],"product_brand":[],"product_cat":[249,267,257],"product_tag":[],"class_list":{"0":"post-4858","1":"product","2":"type-product","3":"status-publish","4":"has-post-thumbnail","6":"product_cat-hydra-blue-cs","7":"product_cat-kremy-a-sera-cs","8":"product_cat-smisena-az-mastna-plet-s-akne","9":"pa_objem-velkost-43-ml-cs","11":"first","12":"instock","13":"taxable","14":"shipping-taxable","15":"purchasable","16":"product-type-simple"},"acf":[],"_links":{"self":[{"href":"https:\/\/repechage.ideadivisions.dev\/cs\/wp-json\/wp\/v2\/product\/4858","targetHints":{"allow":["GET"]}}],"collection":[{"href":"https:\/\/repechage.ideadivisions.dev\/cs\/wp-json\/wp\/v2\/product"}],"about":[{"href":"https:\/\/repechage.ideadivisions.dev\/cs\/wp-json\/wp\/v2\/types\/product"}],"replies":[{"embeddable":true,"href":"https:\/\/repechage.ideadivisions.dev\/cs\/wp-json\/wp\/v2\/comments?post=4858"}],"wp:featuredmedia":[{"embeddable":true,"href":"https:\/\/repechage.ideadivisions.dev\/cs\/wp-json\/wp\/v2\/media\/3550"}],"wp:attachment":[{"href":"https:\/\/repechage.ideadivisions.dev\/cs\/wp-json\/wp\/v2\/media?parent=4858"}],"wp:term":[{"taxonomy":"badge","embeddable":true,"href":"https:\/\/repechage.ideadivisions.dev\/cs\/wp-json\/wp\/v2\/badge?post=4858"},{"taxonomy":"product_brand","embeddable":true,"href":"https:\/\/repechage.ideadivisions.dev\/cs\/wp-json\/wp\/v2\/product_brand?post=4858"},{"taxonomy":"product_cat","embeddable":true,"href":"https:\/\/repechage.ideadivisions.dev\/cs\/wp-json\/wp\/v2\/product_cat?post=4858"},{"taxonomy":"product_tag","embeddable":true,"href":"https:\/\/repechage.ideadivisions.dev\/cs\/wp-json\/wp\/v2\/product_tag?post=4858"}],"curies":[{"name":"wp","href":"https:\/\/api.w.org\/{rel}","templated":true}]}}