{"id":4860,"date":"2023-05-24T09:09:15","date_gmt":"2023-05-24T07:09:15","guid":{"rendered":"https:\/\/repechage.ideadivisions.dev\/?post_type=product&#038;p=4860"},"modified":"2025-02-04T11:05:17","modified_gmt":"2025-02-04T10:05:17","slug":"opti-cleanse-extra-jemny-odlicovac-oci-2","status":"publish","type":"product","link":"https:\/\/repechage.ideadivisions.dev\/cs\/produkt\/opti-cleanse-extra-jemny-odlicovac-oci-2\/","title":{"rendered":"Opti-Cleanse\u2122 extra jemn\u00fd odli\u010dova\u010d o\u010d\u00ed"},"content":{"rendered":"<p>CO JE TO?<br \/>\nJemn\u00fd odli\u010dova\u010d o\u010d\u00ed bez v\u016fn\u011b, na b\u00e1zi mo\u0159sk\u00fdch \u0159as je pH neutr\u00e1ln\u00ed, nedr\u00e1\u017ed\u00ed o\u010dn\u00ed okol\u00ed a lze jej pou\u017e\u00edt na cel\u00fd obli\u010dej v p\u0159\u00edpad\u011b siln\u011bj\u0161\u00ed vrstvy make-upu.<\/p>\n<p>PRO KOHO?<br \/>\nV\u0161echny typy pleti<\/p>\n<p>DOB\u0158E V\u011aD\u011aT<br \/>\nBez paraben\u016f, bez parfemace, bez sulf\u00e1t\u016f, bez olej\u016f<\/p>\n<p>POU\u017dIT\u00cd<br \/>\nNalijte mal\u00e9 mno\u017estv\u00ed odli\u010dova\u010de na such\u00fd tampon, zav\u0159ete o\u010di a vy\u010dist\u011bte je pohyby sm\u011brem dol\u016f a dovnit\u0159. D\u016fkladn\u011b opl\u00e1chn\u011bte teplou vodou.<\/p>\n<p>FREKVENCE<br \/>\nPodle pot\u0159eby<\/p>\n","protected":false},"excerpt":{"rendered":"<p>Bezolejov\u00fd odli\u010dova\u010d o\u010d\u00ed pro v\u0161echny typy plet\u00ed<\/p>\n<p>&#8211; Jemne odli\u010duje a \u010dist\u00ed<br \/>\n&#8211; Vhodn\u00fd i u um\u011bl\u00fdch \u0159as<br \/>\n&#8211; Pro v\u0161echny typy pleti<\/p>\n","protected":false},"featured_media":3773,"comment_status":"open","ping_status":"closed","template":"","meta":{"_acf_changed":false},"badge":[],"product_brand":[],"product_cat":[262,249,270,261],"product_tag":[],"class_list":{"0":"post-4860","1":"product","2":"type-product","3":"status-publish","4":"has-post-thumbnail","6":"product_cat-citliva-plet-cs","7":"product_cat-hydra-blue-cs","8":"product_cat-pece-o-ocni-okoli","9":"product_cat-sucha-a-poskozena-plet","10":"pa_objem-velkost-120-ml-cs","12":"first","13":"instock","14":"taxable","15":"shipping-taxable","16":"purchasable","17":"product-type-simple"},"acf":[],"_links":{"self":[{"href":"https:\/\/repechage.ideadivisions.dev\/cs\/wp-json\/wp\/v2\/product\/4860","targetHints":{"allow":["GET"]}}],"collection":[{"href":"https:\/\/repechage.ideadivisions.dev\/cs\/wp-json\/wp\/v2\/product"}],"about":[{"href":"https:\/\/repechage.ideadivisions.dev\/cs\/wp-json\/wp\/v2\/types\/product"}],"replies":[{"embeddable":true,"href":"https:\/\/repechage.ideadivisions.dev\/cs\/wp-json\/wp\/v2\/comments?post=4860"}],"wp:featuredmedia":[{"embeddable":true,"href":"https:\/\/repechage.ideadivisions.dev\/cs\/wp-json\/wp\/v2\/media\/3773"}],"wp:attachment":[{"href":"https:\/\/repechage.ideadivisions.dev\/cs\/wp-json\/wp\/v2\/media?parent=4860"}],"wp:term":[{"taxonomy":"badge","embeddable":true,"href":"https:\/\/repechage.ideadivisions.dev\/cs\/wp-json\/wp\/v2\/badge?post=4860"},{"taxonomy":"product_brand","embeddable":true,"href":"https:\/\/repechage.ideadivisions.dev\/cs\/wp-json\/wp\/v2\/product_brand?post=4860"},{"taxonomy":"product_cat","embeddable":true,"href":"https:\/\/repechage.ideadivisions.dev\/cs\/wp-json\/wp\/v2\/product_cat?post=4860"},{"taxonomy":"product_tag","embeddable":true,"href":"https:\/\/repechage.ideadivisions.dev\/cs\/wp-json\/wp\/v2\/product_tag?post=4860"}],"curies":[{"name":"wp","href":"https:\/\/api.w.org\/{rel}","templated":true}]}}