{"id":4861,"date":"2023-05-24T09:09:15","date_gmt":"2023-05-24T07:09:15","guid":{"rendered":"https:\/\/repechage.ideadivisions.dev\/?post_type=product&#038;p=4861"},"modified":"2025-06-11T13:25:44","modified_gmt":"2025-06-11T11:25:44","slug":"opti-firm-krem-na-ocni-kontury","status":"publish","type":"product","link":"https:\/\/repechage.ideadivisions.dev\/cs\/produkt\/opti-firm-krem-na-ocni-kontury\/","title":{"rendered":"Opti-Firm\u00ae  kr\u00e9m na o\u010dn\u00ed kontury"},"content":{"rendered":"<p>CO JE TO?<br \/>\nOpti-Firm\u00ae Eye Contour Cream je tak jemn\u00fd a hladk\u00fd na dotek, \u017ee bez n\u011bj nebudete cht\u00edt vydr\u017eet ani den. Nabit\u00fd slo\u017ekami jako je bambuck\u00e9 m\u00e1slo, v\u010del\u00ed vosk a kyselina hyaluronov\u00e1, vytv\u00e1\u0159\u00ed kolem o\u010dn\u00edch kontur hydrata\u010dn\u00ed pol\u0161t\u00e1\u0159, ale nikdy nep\u016fsob\u00ed t\u011b\u017eko! Toto lehk\u00e9, hedv\u00e1bn\u00e9 o\u010dn\u00ed slo\u017een\u00ed je pro v\u0161echny typy pleti, pom\u00e1h\u00e1 osv\u011b\u017eit a obnovit k\u0159ehk\u00e9 o\u010dn\u00ed okol\u00ed.<\/p>\n<p>Aloe, okurka, he\u0159m\u00e1nek a vitam\u00edn E pom\u00e1haj\u00ed uklidnit jemn\u00e9 o\u010dn\u00ed okol\u00ed, zat\u00edmco rostlinn\u00e9 v\u00fdta\u017eky pom\u00e1haj\u00ed sni\u017eovat v\u00fdskyt tmav\u00fdch kruh\u016f a otok\u016f. Retinyl palmit\u00e1t (vitamin A) a vitam\u00edn C v kombinaci s na\u0161imi exkluzivn\u00edmi v\u00fdta\u017eky z mo\u0159sk\u00fdch \u0159as, v\u010detn\u011b Ulva Lactuca, mo\u0159sk\u00e9ho biopeptidu, pom\u00e1h\u00e1 sni\u017eovat v\u00fdskyt jemn\u00fdch linek a vr\u00e1sek.<\/p>\n<p>V balen\u00ed naleznete tak\u00e9 ergonomicky navr\u017een\u00fd mini mas\u00e1\u017en\u00ed n\u00e1stroj &#8211; st\u0159\u00edbrnou kuli\u010dku, ide\u00e1ln\u00ed pro mas\u00e1\u017e kolem o\u010d\u00ed.<\/p>\n<p>PRO KOHO?<br \/>\nV\u0161echny typy pleti<\/p>\n<p>DOB\u0158E V\u011aD\u011aT:<br \/>\nBez aditiv nebo um\u011bl\u00fdch barviv. Vegansk\u00fd.<\/p>\n<p>POU\u017dIT\u00cd<br \/>\nAplikujte na o\u010di\u0161t\u011bn\u00e9 okol\u00ed o\u010d\u00ed krou\u017eiv\u00fdmi pohyby. Pro dosa\u017een\u00ed nejlep\u0161\u00edch v\u00fdsledk\u016f kr\u00e9m zapracujte jemn\u00fdm poklep\u00e1v\u00e1n\u00edm nebo pomoc\u00ed st\u0159\u00edbrn\u00e9 kuli\u010dky jemn\u00fdmi mas\u00e1\u017en\u00edmi tahy,<\/p>\n<p>FREKVENCE<br \/>\nPou\u017e\u00edvejte 2x denn\u011b: r\u00e1no a ve\u010der.<\/p>\n","protected":false},"excerpt":{"rendered":"<p>Anti &#8211; stresov\u00fd o\u010dn\u00ed kr\u00e9m, kter\u00fd budete milovat.<\/p>\n<p>&#8211; Hydratuje, eliminuje opuch, zjem\u0148uje<br \/>\n&#8211; Pro v\u0161echny typy pleti<br \/>\n&#8211; ZDARMA mas\u00e1\u017en\u00ed kuli\u010dka na okol\u00ed o\u010d\u00ed<\/p>\n","protected":false},"featured_media":3554,"comment_status":"open","ping_status":"closed","template":"","meta":{"_acf_changed":false},"badge":[],"product_brand":[],"product_cat":[249,260,270,259],"product_tag":[],"class_list":{"0":"post-4861","1":"product","2":"type-product","3":"status-publish","4":"has-post-thumbnail","6":"product_cat-hydra-blue-cs","7":"product_cat-jemne-linie-a-vrasky-cs","8":"product_cat-pece-o-ocni-okoli","9":"product_cat-zrala-plet","10":"pa_objem-velkost-15-ml-cs","12":"first","13":"instock","14":"taxable","15":"shipping-taxable","16":"purchasable","17":"product-type-simple"},"acf":[],"_links":{"self":[{"href":"https:\/\/repechage.ideadivisions.dev\/cs\/wp-json\/wp\/v2\/product\/4861","targetHints":{"allow":["GET"]}}],"collection":[{"href":"https:\/\/repechage.ideadivisions.dev\/cs\/wp-json\/wp\/v2\/product"}],"about":[{"href":"https:\/\/repechage.ideadivisions.dev\/cs\/wp-json\/wp\/v2\/types\/product"}],"replies":[{"embeddable":true,"href":"https:\/\/repechage.ideadivisions.dev\/cs\/wp-json\/wp\/v2\/comments?post=4861"}],"wp:featuredmedia":[{"embeddable":true,"href":"https:\/\/repechage.ideadivisions.dev\/cs\/wp-json\/wp\/v2\/media\/3554"}],"wp:attachment":[{"href":"https:\/\/repechage.ideadivisions.dev\/cs\/wp-json\/wp\/v2\/media?parent=4861"}],"wp:term":[{"taxonomy":"badge","embeddable":true,"href":"https:\/\/repechage.ideadivisions.dev\/cs\/wp-json\/wp\/v2\/badge?post=4861"},{"taxonomy":"product_brand","embeddable":true,"href":"https:\/\/repechage.ideadivisions.dev\/cs\/wp-json\/wp\/v2\/product_brand?post=4861"},{"taxonomy":"product_cat","embeddable":true,"href":"https:\/\/repechage.ideadivisions.dev\/cs\/wp-json\/wp\/v2\/product_cat?post=4861"},{"taxonomy":"product_tag","embeddable":true,"href":"https:\/\/repechage.ideadivisions.dev\/cs\/wp-json\/wp\/v2\/product_tag?post=4861"}],"curies":[{"name":"wp","href":"https:\/\/api.w.org\/{rel}","templated":true}]}}